{"id":35522,"date":"2025-03-20T13:40:12","date_gmt":"2025-03-20T11:40:12","guid":{"rendered":"https:\/\/zooprekes24.lt\/?post_type=product&#038;p=35522"},"modified":"2026-02-18T16:51:37","modified_gmt":"2026-02-18T14:51:37","slug":"royal-canin-imunitates-un-gremosanas-bagatinatajs-suniem-imunitate-un-gremosana-100g","status":"publish","type":"product","link":"https:\/\/zooprekes24.lt\/lv\/produktas\/royal-canin-immunity-digestion-papildas-suniukams-imunitetui-ir-virskinimui-100g\/","title":{"rendered":"Royal Canin Immunity &amp; Digestion papildin\u0101jums kuc\u0113niem, imunit\u0101te un gremo\u0161ana 100 g"},"content":{"rendered":"<h3 data-start=\"0\" data-end=\"127\">Royal Canin Immunity &amp; Digestion - papildin\u0101jums vesel\u012bgai imunit\u0101tei un gremo\u0161anai. Piem\u0113rots visu \u0161\u0137ir\u0146u jauniem su\u0146iem. Gar\u0161\u012bgie ko\u0161\u013c\u0101jamie uztura bag\u0101tin\u0101t\u0101ji ir \u012bpa\u0161i izstr\u0101d\u0101ti no zin\u0101tniski pamatota sast\u0101vda\u013cu mais\u012bjuma, lai apmierin\u0101tu main\u012bg\u0101s kuc\u0113nu vajadz\u012bbas un pal\u012bdz\u0113tu uztur\u0113t vi\u0146u vispus\u012bgu vesel\u012bbu.<\/h3>\n<ul>\n<li>C un E vitam\u012bni: pal\u012bdz uztur\u0113t organisma dabisk\u0101s aizsargsp\u0113jas un \u0161\u016bnu vesel\u012bbu.<\/li>\n<li>Postbiotikas, beta glik\u0101ni, nodro\u0161ina vesel\u012bgu gremo\u0161anu un fek\u0101liju kvalit\u0101ti.<\/li>\n<li>Papildin\u0101ts ar prebiotik\u0101m, lai pal\u012bdz\u0113tu uztur\u0113t vesel\u012bgu zarnu mikrofloru j\u016bsu augo\u0161ajam kuc\u0113nam.<\/li>\n<li>P\u0113c 2 ned\u0113\u013cu lieto\u0161anas m\u0101jdz\u012bvnieku \u012bpa\u0161nieki ir zi\u0146oju\u0161i, ka 83% uzlabo vi\u0146u m\u0101jdz\u012bvnieku gremo\u0161anu.<\/li>\n<\/ul>","protected":false},"excerpt":{"rendered":"<p>Royal Canin Immunity &amp; Digestion &#8211; papildas sveikam imunitetui ir vir\u0161kinimui. Pritaikytas vis\u0173 veisli\u0173 jauniems \u0161unims. Gard\u016bs kramtomieji papildai yra specialiai sukurti naudojant moksli\u0161kai pagr\u012fst\u0105 sudedam\u0173j\u0173 dali\u0173 mi\u0161in\u012f, kad patenkint\u0173 besikei\u010dian\u010dius \u0161uniuk\u0173 poreikius ir pad\u0117t\u0173 palaikyti visapusi\u0161k\u0105 j\u0173 sveikat\u0105. Vitaminais C ir E: padeda palaikyti nat\u016brali\u0105 organizmo apsaug\u0105 ir l\u0105steli\u0173 sveikat\u0105. Sud\u0117tyje esantys postbiotikai &#8211;&#8230;<\/p>","protected":false},"featured_media":35523,"comment_status":"closed","ping_status":"closed","template":"","meta":{"_acf_changed":false,"slim_seo":{"title":"Royal Canin Immunity & Digestion papildas \u0161uniukams, imunitetui ir vir\u0161kinimui 100 g - Zooprekes24","description":"Royal Canin Immunity &amp; Digestion - papildin\u0101jums vesel\u012bgai imunit\u0101tei un gremo\u0161anai. Piem\u0113rots visu \u0161\u0137ir\u0146u jauniem su\u0146iem. \u0160\u012bs gar\u0161\u012bg\u0101s ko\u0161\u013c\u0101jam\u0101s piedevas ir \u012bpa\u0161i"},"iawp_total_views":32},"product_brand":[],"product_cat":[32,9012,8999,31,9022],"product_tag":[4413,177,4429],"class_list":{"0":"post-35522","1":"product","2":"type-product","3":"status-publish","4":"has-post-thumbnail","6":"product_cat-kitos-sunu-prekes","7":"product_cat-royal-canin","8":"product_cat-sunims","9":"product_cat-sunu-prekiu-gamintojai","10":"product_cat-vitaminai-ir-papildai-sunims","11":"product_tag-dietinis-maistas-sunims","12":"product_tag-edalas-sunims","13":"product_tag-premium-maistas-sunims","14":"pa_prekiu-zenklai-royal-canin","15":"pa_suns-amzius-jauniems","16":"pa_veisles-dydis-didelems-veislems","17":"pa_veisles-dydis-mazoms-veislems","18":"pa_veisles-dydis-vidutinems-veislems","19":"pa_veisles-dydis-visu-dydziu-veislems","21":"first","22":"instock","23":"sale","24":"featured","25":"taxable","26":"shipping-taxable","27":"purchasable","28":"product-type-simple"},"acf":[],"_links":{"self":[{"href":"https:\/\/zooprekes24.lt\/lv\/wp-json\/wp\/v2\/product\/35522","targetHints":{"allow":["GET"]}}],"collection":[{"href":"https:\/\/zooprekes24.lt\/lv\/wp-json\/wp\/v2\/product"}],"about":[{"href":"https:\/\/zooprekes24.lt\/lv\/wp-json\/wp\/v2\/types\/product"}],"replies":[{"embeddable":true,"href":"https:\/\/zooprekes24.lt\/lv\/wp-json\/wp\/v2\/comments?post=35522"}],"wp:featuredmedia":[{"embeddable":true,"href":"https:\/\/zooprekes24.lt\/lv\/wp-json\/wp\/v2\/media\/35523"}],"wp:attachment":[{"href":"https:\/\/zooprekes24.lt\/lv\/wp-json\/wp\/v2\/media?parent=35522"}],"wp:term":[{"taxonomy":"product_brand","embeddable":true,"href":"https:\/\/zooprekes24.lt\/lv\/wp-json\/wp\/v2\/product_brand?post=35522"},{"taxonomy":"product_cat","embeddable":true,"href":"https:\/\/zooprekes24.lt\/lv\/wp-json\/wp\/v2\/product_cat?post=35522"},{"taxonomy":"product_tag","embeddable":true,"href":"https:\/\/zooprekes24.lt\/lv\/wp-json\/wp\/v2\/product_tag?post=35522"}],"curies":[{"name":"wp","href":"https:\/\/api.w.org\/{rel}","templated":true}]}}