{"id":35520,"date":"2025-03-20T13:27:42","date_gmt":"2025-03-20T11:27:42","guid":{"rendered":"https:\/\/zooprekes24.lt\/?post_type=product&#038;p=35520"},"modified":"2026-03-05T14:34:40","modified_gmt":"2026-03-05T12:34:40","slug":"royal-canin-gremosanas-bagatinatajs-suniem-160g","status":"publish","type":"product","link":"https:\/\/zooprekes24.lt\/lv\/produktas\/royal-canin-digestion-papildas-sunims-virskinimui-160g\/","title":{"rendered":"Royal Canin Uztura bag\u0101tin\u0101t\u0101js su\u0146iem, gremo\u0161anas uzlabo\u0161anai 160 g"},"content":{"rendered":"<h3 data-start=\"0\" data-end=\"127\">Royal Canin Digestion - uztura bag\u0101tin\u0101t\u0101js vesel\u012bgai gremo\u0161anai. Piem\u0113rots visu \u0161\u0137ir\u0146u pieaugu\u0161iem su\u0146iem. Gar\u0161\u012bgie ko\u0161\u013c\u0101jamie uztura bag\u0101tin\u0101t\u0101ji ir \u012bpa\u0161i izstr\u0101d\u0101ti no zin\u0101tniski pamatota sast\u0101vda\u013cu mais\u012bjuma, lai apmierin\u0101tu main\u012bg\u0101s su\u0146u vajadz\u012bbas un pal\u012bdz\u0113tu uztur\u0113t vi\u0146u vispus\u012bgu vesel\u012bbu.<\/h3>\n<ul>\n<li class=\"p1\">Papildin\u0101ts ar prebiotik\u0101m, lai pal\u012bdz\u0113tu uztur\u0113t vesel\u012bgu zarnu mikrofloru j\u016bsu sunim.<\/li>\n<li class=\"p1\">Postbiotikas, beta glik\u0101ni, nodro\u0161ina vesel\u012bgu gremo\u0161anu un fek\u0101liju kvalit\u0101ti.<\/li>\n<li>P\u0113c 2 ned\u0113\u013cu lieto\u0161anas m\u0101jdz\u012bvnieku \u012bpa\u0161nieki ir zi\u0146oju\u0161i, ka 84% uzlabo vi\u0146u m\u0101jdz\u012bvnieku gremo\u0161anu.<\/li>\n<\/ul>","protected":false},"excerpt":{"rendered":"<p>Royal Canin Digestion &#8211; papildas sveikam vir\u0161kinimui. Pritaikytas vis\u0173 veisli\u0173 suaugusiems \u0161unims. Gard\u016bs kramtomieji papildai yra specialiai sukurti naudojant moksli\u0161kai pagr\u012fst\u0105 sudedam\u0173j\u0173 dali\u0173 mi\u0161in\u012f, kad patenkint\u0173 besikei\u010dian\u010dius \u0161un\u0173 poreikius ir pad\u0117t\u0173 palaikyti visapusi\u0161k\u0105 j\u0173 sveikat\u0105. Papildytas prebiotikais, kurie padeda palaikyti sveik\u0105 \u0161uns \u017earnyno mikroflor\u0105. Sud\u0117tyje esantys postbiotikai &#8211; beta gliukanai, u\u017etikrina sveik\u0105 vir\u0161kinim\u0105 ir i\u0161mat\u0173&#8230;<\/p>","protected":false},"featured_media":35521,"comment_status":"closed","ping_status":"closed","template":"","meta":{"_acf_changed":false,"slim_seo":{"title":"Royal Canin Digestion papildas \u0161unims, vir\u0161kinimui 160 g - Zooprekes24","description":"Royal Canin Digestion - uztura bag\u0101tin\u0101t\u0101js vesel\u012bgai gremo\u0161anai. Piem\u0113rots visu \u0161\u0137ir\u0146u pieaugu\u0161iem su\u0146iem. \u0160\u012bs gar\u0161\u012bg\u0101s ko\u0161\u013c\u0101jam\u0101s piedevas ir \u012bpa\u0161i izstr\u0101d\u0101tas, izmantojot"},"iawp_total_views":77},"product_brand":[],"product_cat":[32,9012,8999,31,9022],"product_tag":[4413,177,4429],"class_list":{"0":"post-35520","1":"product","2":"type-product","3":"status-publish","4":"has-post-thumbnail","6":"product_cat-kitos-sunu-prekes","7":"product_cat-royal-canin","8":"product_cat-sunims","9":"product_cat-sunu-prekiu-gamintojai","10":"product_cat-vitaminai-ir-papildai-sunims","11":"product_tag-dietinis-maistas-sunims","12":"product_tag-edalas-sunims","13":"product_tag-premium-maistas-sunims","14":"pa_prekiu-zenklai-royal-canin","15":"pa_suns-amzius-senjorams","16":"pa_suns-amzius-suaugusiems","17":"pa_veisles-dydis-didelems-veislems","18":"pa_veisles-dydis-mazoms-veislems","19":"pa_veisles-dydis-vidutinems-veislems","20":"pa_veisles-dydis-visu-dydziu-veislems","22":"first","23":"instock","24":"featured","25":"taxable","26":"shipping-taxable","27":"purchasable","28":"product-type-simple"},"acf":[],"_links":{"self":[{"href":"https:\/\/zooprekes24.lt\/lv\/wp-json\/wp\/v2\/product\/35520","targetHints":{"allow":["GET"]}}],"collection":[{"href":"https:\/\/zooprekes24.lt\/lv\/wp-json\/wp\/v2\/product"}],"about":[{"href":"https:\/\/zooprekes24.lt\/lv\/wp-json\/wp\/v2\/types\/product"}],"replies":[{"embeddable":true,"href":"https:\/\/zooprekes24.lt\/lv\/wp-json\/wp\/v2\/comments?post=35520"}],"wp:featuredmedia":[{"embeddable":true,"href":"https:\/\/zooprekes24.lt\/lv\/wp-json\/wp\/v2\/media\/35521"}],"wp:attachment":[{"href":"https:\/\/zooprekes24.lt\/lv\/wp-json\/wp\/v2\/media?parent=35520"}],"wp:term":[{"taxonomy":"product_brand","embeddable":true,"href":"https:\/\/zooprekes24.lt\/lv\/wp-json\/wp\/v2\/product_brand?post=35520"},{"taxonomy":"product_cat","embeddable":true,"href":"https:\/\/zooprekes24.lt\/lv\/wp-json\/wp\/v2\/product_cat?post=35520"},{"taxonomy":"product_tag","embeddable":true,"href":"https:\/\/zooprekes24.lt\/lv\/wp-json\/wp\/v2\/product_tag?post=35520"}],"curies":[{"name":"wp","href":"https:\/\/api.w.org\/{rel}","templated":true}]}}