{"id":35517,"date":"2025-03-20T13:12:14","date_gmt":"2025-03-20T11:12:14","guid":{"rendered":"https:\/\/zooprekes24.lt\/?post_type=product&#038;p=35517"},"modified":"2026-02-18T16:53:52","modified_gmt":"2026-02-18T14:53:52","slug":"royal-canin-adas-apmatojuma-papildinajums-suniem-240g","status":"publish","type":"product","link":"https:\/\/zooprekes24.lt\/lv\/produktas\/royal-canin-skin-coat-papildas-sunims-odai-ir-kailiui-240g\/","title":{"rendered":"Royal Canin Skin &amp; Coat uztura bag\u0101tin\u0101t\u0101js su\u0146iem, \u0101dai un ka\u017eokam 240 g"},"content":{"rendered":"<h3 data-start=\"0\" data-end=\"127\">Royal Canin Skin &amp; Coat - papildin\u0101jums \u0101das un ka\u017eoka kop\u0161anai. Piem\u0113rots visu \u0161\u0137ir\u0146u pieaugu\u0161iem su\u0146iem. Gar\u0161\u012bgie ko\u0161\u013c\u0101jamie uztura bag\u0101tin\u0101t\u0101ji ir \u012bpa\u0161i izstr\u0101d\u0101ti no zin\u0101tniski pamatota sast\u0101vda\u013cu mais\u012bjuma, lai apmierin\u0101tu main\u012bg\u0101s su\u0146u vajadz\u012bbas un pal\u012bdz\u0113tu uztur\u0113t vi\u0146u vispus\u012bgu vesel\u012bbu.<\/h3>\n<ul>\n<li><span style=\"letter-spacing: 0em;\">Vitam\u012bnu mais\u012bjums: vesel\u012bgai \u0101das \u0161\u016bnu atjauno\u0161anai.<\/span><\/li>\n<li class=\"p1\">Omega-3 un omega-6 tauksk\u0101bes: veicina \u0101das un ka\u017eoka vesel\u012bbu.<\/li>\n<li class=\"p1\"><span style=\"letter-spacing: 0em;\">Cinks un gamma-linol\u0113nsk\u0101be: pal\u012bdz uztur\u0113t \u0101du. <\/span><span style=\"letter-spacing: 0em;\">barjeras funkcija.<\/span><\/li>\n<li>P\u0113c 2 ned\u0113\u013cu lieto\u0161anas m\u0101jdz\u012bvnieku \u012bpa\u0161nieki ir zi\u0146oju\u0161i, ka 86% ir uzlabojis vi\u0146u m\u0101jdz\u012bvnieku \u0101das un ka\u017eoka st\u0101vokli.<\/li>\n<\/ul>","protected":false},"excerpt":{"rendered":"<p>Royal Canin Skin &amp; Coat &#8211; papildas odos ir kailio prie\u017ei\u016brai. Pritaikytas vis\u0173 veisli\u0173 suaugusiems \u0161unims. Gard\u016bs kramtomieji papildai yra specialiai sukurti naudojant moksli\u0161kai pagr\u012fst\u0105 sudedam\u0173j\u0173 dali\u0173 mi\u0161in\u012f, kad patenkint\u0173 besikei\u010dian\u010dius \u0161un\u0173 poreikius ir pad\u0117t\u0173 palaikyti visapusi\u0161k\u0105 j\u0173 sveikat\u0105. Vitamin\u0173 mi\u0161inys: sveikam odos l\u0105steli\u0173 atsinaujinimui. Omega-3 ir omega-6 riebal\u0173 r\u016bg\u0161tys: puosel\u0117ja odos ir kailio b\u016bkl\u0119&#8230;.<\/p>","protected":false},"featured_media":35519,"comment_status":"closed","ping_status":"closed","template":"","meta":{"_acf_changed":false,"slim_seo":{"title":"Royal Canin Skin & Coat papildas \u0161unims, odai ir kailiui 240 g - Zooprekes24","description":"Royal Canin Skin &amp; Coat - papildin\u0101jums \u0101das un ka\u017eoka kop\u0161anai. Piem\u0113rots visu \u0161\u0137ir\u0146u pieaugu\u0161iem su\u0146iem. Gar\u0161\u012bgie ko\u0161\u013c\u0101jamie uztura bag\u0101tin\u0101t\u0101ji ir \u012bpa\u0161i izstr\u0101d\u0101ti."},"iawp_total_views":54},"product_brand":[],"product_cat":[32,9012,8999,31,9022],"product_tag":[4413,177,4429],"class_list":{"0":"post-35517","1":"product","2":"type-product","3":"status-publish","4":"has-post-thumbnail","6":"product_cat-kitos-sunu-prekes","7":"product_cat-royal-canin","8":"product_cat-sunims","9":"product_cat-sunu-prekiu-gamintojai","10":"product_cat-vitaminai-ir-papildai-sunims","11":"product_tag-dietinis-maistas-sunims","12":"product_tag-edalas-sunims","13":"product_tag-premium-maistas-sunims","14":"pa_prekiu-zenklai-royal-canin","15":"pa_suns-amzius-senjorams","16":"pa_suns-amzius-suaugusiems","17":"pa_veisles-dydis-didelems-veislems","18":"pa_veisles-dydis-mazoms-veislems","19":"pa_veisles-dydis-vidutinems-veislems","20":"pa_veisles-dydis-visu-dydziu-veislems","22":"first","23":"instock","24":"sale","25":"featured","26":"taxable","27":"shipping-taxable","28":"purchasable","29":"product-type-simple"},"acf":[],"_links":{"self":[{"href":"https:\/\/zooprekes24.lt\/lv\/wp-json\/wp\/v2\/product\/35517","targetHints":{"allow":["GET"]}}],"collection":[{"href":"https:\/\/zooprekes24.lt\/lv\/wp-json\/wp\/v2\/product"}],"about":[{"href":"https:\/\/zooprekes24.lt\/lv\/wp-json\/wp\/v2\/types\/product"}],"replies":[{"embeddable":true,"href":"https:\/\/zooprekes24.lt\/lv\/wp-json\/wp\/v2\/comments?post=35517"}],"wp:featuredmedia":[{"embeddable":true,"href":"https:\/\/zooprekes24.lt\/lv\/wp-json\/wp\/v2\/media\/35519"}],"wp:attachment":[{"href":"https:\/\/zooprekes24.lt\/lv\/wp-json\/wp\/v2\/media?parent=35517"}],"wp:term":[{"taxonomy":"product_brand","embeddable":true,"href":"https:\/\/zooprekes24.lt\/lv\/wp-json\/wp\/v2\/product_brand?post=35517"},{"taxonomy":"product_cat","embeddable":true,"href":"https:\/\/zooprekes24.lt\/lv\/wp-json\/wp\/v2\/product_cat?post=35517"},{"taxonomy":"product_tag","embeddable":true,"href":"https:\/\/zooprekes24.lt\/lv\/wp-json\/wp\/v2\/product_tag?post=35517"}],"curies":[{"name":"wp","href":"https:\/\/api.w.org\/{rel}","templated":true}]}}