{"id":35515,"date":"2025-03-20T12:43:01","date_gmt":"2025-03-20T10:43:01","guid":{"rendered":"https:\/\/zooprekes24.lt\/?post_type=product&#038;p=35515"},"modified":"2026-02-18T16:52:18","modified_gmt":"2026-02-18T14:52:18","slug":"royal-canin-locitavu-novecosanas-piemaksa-suniem-ar-novecosanu-240g","status":"publish","type":"product","link":"https:\/\/zooprekes24.lt\/lv\/produktas\/royal-canin-joint-ageing-papildas-sunims-sanariams-ir-senejimui-240g\/","title":{"rendered":"Royal Canin Loc\u012btavu un noveco\u0161anas papildin\u0101jums su\u0146iem 240 g"},"content":{"rendered":"<h3 data-start=\"0\" data-end=\"127\">Royal Canin Joint &amp; Ageing - papildin\u0101jums loc\u012btavu kop\u0161anai un vesel\u012bgai noveco\u0161anai. Piem\u0113rots visu \u0161\u0137ir\u0146u pieaugu\u0161iem su\u0146iem. Gar\u0161\u012bgie ko\u0161\u013c\u0101jamie uztura bag\u0101tin\u0101t\u0101ji ir \u012bpa\u0161i izstr\u0101d\u0101ti no zin\u0101tniski pamatota sast\u0101vda\u013cu mais\u012bjuma, lai apmierin\u0101tu main\u012bg\u0101s su\u0146u vajadz\u012bbas un pal\u012bdz\u0113tu uztur\u0113t vi\u0146u vispus\u012bgu vesel\u012bbu.<\/h3>\n<ul>\n<li data-start=\"126\" data-end=\"272\">EPR un DHA: veicina loc\u012btavu darb\u012bbu.<\/li>\n<li data-start=\"126\" data-end=\"272\"><span style=\"letter-spacing: 0em;\">Jaunz\u0113landes za\u013c\u0101s gliemenes: saglab\u0101t skrim\u0161\u013caudu st\u0101vokli.<\/span><\/li>\n<li>P\u0113c 60 lieto\u0161anas dien\u0101m m\u0101jdz\u012bvnieku \u012bpa\u0161nieki ir zi\u0146oju\u0161i, ka 62% ir uzlabojis m\u0101jdz\u012bvnieku mobilit\u0101ti.<\/li>\n<li data-start=\"126\" data-end=\"272\">\n<p class=\"p1\">Piel\u0101gots sast\u0101vda\u013cu mais\u012bjums, tostarp tom\u0101tu pulveris (likop\u0113na avots), C un E vitam\u012bni, nodro\u0161ina labu vesel\u012bbu vecumdien\u0101s.<\/p>\n<\/li>\n<\/ul>","protected":false},"excerpt":{"rendered":"<p>Royal Canin Joint &amp; Ageing &#8211; papildas s\u0105nari\u0173 prie\u017ei\u016brai ir sveikam sen\u0117jimui. Pritaikytas vis\u0173 veisli\u0173 suaugusiems \u0161unims. Gard\u016bs kramtomieji papildai yra specialiai sukurti naudojant moksli\u0161kai pagr\u012fst\u0105 sudedam\u0173j\u0173 dali\u0173 mi\u0161in\u012f, kad patenkint\u0173 besikei\u010dian\u010dius \u0161un\u0173 poreikius ir pad\u0117t\u0173 palaikyti visapusi\u0161k\u0105 j\u0173 sveikat\u0105. EPR ir DHR: palaiko s\u0105nari\u0173 funkcij\u0105. Naujosios Zelandijos \u017ealiosios midijos: palaiko kremzlini\u0173 audini\u0173 b\u016bkle. Po&#8230;<\/p>","protected":false},"featured_media":35516,"comment_status":"closed","ping_status":"closed","template":"","meta":{"_acf_changed":false,"slim_seo":{"title":"Royal Canin Joint & Ageing papildas \u0161unims, s\u0105nariams ir sen\u0117jimui 240 g - Zooprekes24","description":"Royal Canin Joint &amp; Ageing - papildin\u0101jums loc\u012btavu kop\u0161anai un vesel\u012bgai noveco\u0161anai. Piem\u0113rots visu \u0161\u0137ir\u0146u pieaugu\u0161iem su\u0146iem. Gar\u0161\u012bgas ko\u0161\u013c\u0101jam\u0101s piedevas ir"},"iawp_total_views":109},"product_brand":[],"product_cat":[32,9012,8999,31,9022],"product_tag":[4413,177,4429],"class_list":{"0":"post-35515","1":"product","2":"type-product","3":"status-publish","4":"has-post-thumbnail","6":"product_cat-kitos-sunu-prekes","7":"product_cat-royal-canin","8":"product_cat-sunims","9":"product_cat-sunu-prekiu-gamintojai","10":"product_cat-vitaminai-ir-papildai-sunims","11":"product_tag-dietinis-maistas-sunims","12":"product_tag-edalas-sunims","13":"product_tag-premium-maistas-sunims","14":"pa_prekiu-zenklai-royal-canin","15":"pa_suns-amzius-senjorams","16":"pa_suns-amzius-suaugusiems","17":"pa_veisles-dydis-didelems-veislems","18":"pa_veisles-dydis-mazoms-veislems","19":"pa_veisles-dydis-vidutinems-veislems","20":"pa_veisles-dydis-visu-dydziu-veislems","22":"first","23":"instock","24":"sale","25":"featured","26":"taxable","27":"shipping-taxable","28":"purchasable","29":"product-type-simple"},"acf":[],"_links":{"self":[{"href":"https:\/\/zooprekes24.lt\/lv\/wp-json\/wp\/v2\/product\/35515","targetHints":{"allow":["GET"]}}],"collection":[{"href":"https:\/\/zooprekes24.lt\/lv\/wp-json\/wp\/v2\/product"}],"about":[{"href":"https:\/\/zooprekes24.lt\/lv\/wp-json\/wp\/v2\/types\/product"}],"replies":[{"embeddable":true,"href":"https:\/\/zooprekes24.lt\/lv\/wp-json\/wp\/v2\/comments?post=35515"}],"wp:featuredmedia":[{"embeddable":true,"href":"https:\/\/zooprekes24.lt\/lv\/wp-json\/wp\/v2\/media\/35516"}],"wp:attachment":[{"href":"https:\/\/zooprekes24.lt\/lv\/wp-json\/wp\/v2\/media?parent=35515"}],"wp:term":[{"taxonomy":"product_brand","embeddable":true,"href":"https:\/\/zooprekes24.lt\/lv\/wp-json\/wp\/v2\/product_brand?post=35515"},{"taxonomy":"product_cat","embeddable":true,"href":"https:\/\/zooprekes24.lt\/lv\/wp-json\/wp\/v2\/product_cat?post=35515"},{"taxonomy":"product_tag","embeddable":true,"href":"https:\/\/zooprekes24.lt\/lv\/wp-json\/wp\/v2\/product_tag?post=35515"}],"curies":[{"name":"wp","href":"https:\/\/api.w.org\/{rel}","templated":true}]}}