{"id":35509,"date":"2025-03-20T12:09:14","date_gmt":"2025-03-20T10:09:14","guid":{"rendered":"https:\/\/zooprekes24.lt\/?post_type=product&#038;p=35509"},"modified":"2025-07-28T18:40:49","modified_gmt":"2025-07-28T16:40:49","slug":"royal-canin-satiety-skanestai-sunims-230g","status":"publish","type":"product","link":"https:\/\/zooprekes24.lt\/lv\/produktas\/royal-canin-satiety-skanestai-sunims-230g\/","title":{"rendered":"Royal Canin Pa\u0113du\u0161ies k\u0101rumi su\u0146iem 230 g"},"content":{"rendered":"<h3 data-start=\"0\" data-end=\"127\">Royal Canin Satiety na\u0161\u0137i ir \u012bpa\u0161i izstr\u0101d\u0101ti su\u0146iem no 3 m\u0113ne\u0161u vecuma, kuri c\u012bn\u0101s ar liek\u0101 svara un aptauko\u0161an\u0101s probl\u0113m\u0101m. <span style=\"font-family: var(--h1-font-family); font-style: var(--h1-font-style); letter-spacing: 0em; text-transform: var(--h1-text-transform);\">Augsts olbaltumvielu saturs. Maz\u0101k nek\u0101 3 kcal gabal\u0101.<\/span><\/h3>\n<ul>\n<li data-start=\"126\" data-end=\"272\">Zems kaloriju saturs: katrs na\u0161\u0137is satur tikai 3 kcal, kas pal\u012bdz uztur\u0113t j\u016bsu m\u012blu\u013ca vesel\u012bgu svaru.<\/li>\n<li data-start=\"126\" data-end=\"272\">S\/O indekss: pal\u012bdz rad\u012bt ur\u012bna vidi, kas ir nelabv\u0113l\u012bga struv\u012bta un kalcija oksal\u0101ta krist\u0101lu veido\u0161anai.<\/li>\n<li data-start=\"276\" data-end=\"413\">Savietojam\u012bba: izstr\u0101d\u0101ts t\u0101, lai b\u016btu sader\u012bgs ar Royal Canin Satiety su\u0146u bar\u012bbas kl\u0101stu, nodro\u0161inot konsekventu di\u0113tas re\u017e\u012bmu.<\/li>\n<\/ul>\n<p><img loading=\"lazy\" decoding=\"async\" class=\"alignnone wp-image-35505\" src=\"https:\/\/zooprekes24.lt\/wp-content\/uploads\/ff.jpg\" alt=\"Royal Canin Gastrointestin\u0101li na\u0161\u0137i su\u0146iem 230 g\" width=\"300\" height=\"300\" srcset=\"https:\/\/zooprekes24.lt\/wp-content\/uploads\/ff.jpg 1600w, https:\/\/zooprekes24.lt\/wp-content\/uploads\/ff-600x600.jpg 600w, https:\/\/zooprekes24.lt\/wp-content\/uploads\/ff-1440x1440.jpg 1440w, https:\/\/zooprekes24.lt\/wp-content\/uploads\/ff-300x300.jpg 300w, https:\/\/zooprekes24.lt\/wp-content\/uploads\/ff-12x12.jpg 12w, https:\/\/zooprekes24.lt\/wp-content\/uploads\/ff-150x150.jpg 150w, https:\/\/zooprekes24.lt\/wp-content\/uploads\/ff-50x50.jpg 50w, https:\/\/zooprekes24.lt\/wp-content\/uploads\/ff-100x100.jpg 100w, https:\/\/zooprekes24.lt\/wp-content\/uploads\/ff-64x64.jpg 64w\" sizes=\"auto, (max-width: 300px) 100vw, 300px\" \/><\/p>","protected":false},"excerpt":{"rendered":"<p>\u200bRoyal Canin Satiety skan\u0117stai yra specialiai sukurti \u0161unims nuo 3 m\u0117nesi\u0173 am\u017eiaus, kovojantiems su antsvorio ir nutukimo problemomis. Sud\u0117tis papildyta dideliu baltym\u0173 kiekiu. Viename skan\u0117sto gabal\u0117lyje ma\u017eiau nei 3 kcal. Ma\u017eas kalorij\u0173 kiekis: kiekvienas skan\u0117stas turi tik 3 kcal, tod\u0117l padeda palaikyti sveik\u0105 augintinio svor\u012f. S\/O indeksas: padeda sukurti \u0161lapimo aplink\u0105, nepalanki\u0105 struvit\u0173 ir kalcio&#8230;<\/p>","protected":false},"featured_media":35510,"comment_status":"closed","ping_status":"closed","template":"","meta":{"_acf_changed":false,"slim_seo":{"title":"Royal Canin Satiety skan\u0117stai \u0161unims 230 g - Zooprekes24","description":"\u200bRoyal Canin Satiety skan\u0117stai yra specialiai sukurti \u0161unims nuo 3 m\u0117nesi\u0173 am\u017eiaus, kovojantiems su antsvorio ir nutukimo problemomis. Sud\u0117tis papildyta dideliu"},"iawp_total_views":40},"product_brand":[],"product_cat":[9241,9032,8999,31,30,9035],"product_tag":[4413,177,4429],"class_list":{"0":"post-35509","1":"product","2":"type-product","3":"status-publish","4":"has-post-thumbnail","6":"product_cat-royal-canin-veterinary-diets-sunims","7":"product_cat-sausainiai-ir-kepinukai","8":"product_cat-sunims","9":"product_cat-sunu-prekiu-gamintojai","10":"product_cat-sunu-skanestai","11":"product_cat-veterinarine-dieta","12":"product_tag-dietinis-maistas-sunims","13":"product_tag-edalas-sunims","14":"product_tag-premium-maistas-sunims","15":"pa_prekiu-zenklai-royal-canin-veterinary-diets","16":"pa_suns-amzius-jauniems","17":"pa_suns-amzius-senjorams","18":"pa_suns-amzius-suaugusiems","19":"pa_suns-amzius-visiems-amziams","20":"pa_veisles-dydis-didelems-veislems","21":"pa_veisles-dydis-mazoms-veislems","22":"pa_veisles-dydis-vidutinems-veislems","23":"pa_veisles-dydis-visu-dydziu-veislems","25":"first","26":"instock","27":"featured","28":"taxable","29":"shipping-taxable","30":"purchasable","31":"product-type-simple"},"acf":[],"_links":{"self":[{"href":"https:\/\/zooprekes24.lt\/lv\/wp-json\/wp\/v2\/product\/35509","targetHints":{"allow":["GET"]}}],"collection":[{"href":"https:\/\/zooprekes24.lt\/lv\/wp-json\/wp\/v2\/product"}],"about":[{"href":"https:\/\/zooprekes24.lt\/lv\/wp-json\/wp\/v2\/types\/product"}],"replies":[{"embeddable":true,"href":"https:\/\/zooprekes24.lt\/lv\/wp-json\/wp\/v2\/comments?post=35509"}],"wp:featuredmedia":[{"embeddable":true,"href":"https:\/\/zooprekes24.lt\/lv\/wp-json\/wp\/v2\/media\/35510"}],"wp:attachment":[{"href":"https:\/\/zooprekes24.lt\/lv\/wp-json\/wp\/v2\/media?parent=35509"}],"wp:term":[{"taxonomy":"product_brand","embeddable":true,"href":"https:\/\/zooprekes24.lt\/lv\/wp-json\/wp\/v2\/product_brand?post=35509"},{"taxonomy":"product_cat","embeddable":true,"href":"https:\/\/zooprekes24.lt\/lv\/wp-json\/wp\/v2\/product_cat?post=35509"},{"taxonomy":"product_tag","embeddable":true,"href":"https:\/\/zooprekes24.lt\/lv\/wp-json\/wp\/v2\/product_tag?post=35509"}],"curies":[{"name":"wp","href":"https:\/\/api.w.org\/{rel}","templated":true}]}}