{"id":35506,"date":"2025-03-20T11:47:10","date_gmt":"2025-03-20T09:47:10","guid":{"rendered":"https:\/\/zooprekes24.lt\/?post_type=product&#038;p=35506"},"modified":"2025-07-28T19:15:15","modified_gmt":"2025-07-28T17:15:15","slug":"royal-canin-hypoallergenic-scanestai-sunims-230g","status":"publish","type":"product","link":"https:\/\/zooprekes24.lt\/lv\/produktas\/royal-canin-hypoallergenic-skanestai-sunims-230g\/","title":{"rendered":"Royal Canin Hipoaler\u0123iski na\u0161\u0137i su\u0146iem 230 g"},"content":{"rendered":"<h3 data-start=\"0\" data-end=\"127\">Royal Canin hipoaler\u0123iskie na\u0161\u0137i ir \u012bpa\u0161i izstr\u0101d\u0101ti su\u0146iem vecum\u0101 no 3 m\u0113ne\u0161iem un vec\u0101kiem ar \u0101das slim\u012bb\u0101m, aler\u0123ij\u0101m vai bar\u012bbas nepanesam\u012bbu. Sast\u0101vda\u013cas ir papildin\u0101tas ar hidroliz\u0113tiem prote\u012bniem un B12 vitam\u012bnu.<\/h3>\n<ul>\n<li>Augsts olbaltumvielu saturs: pal\u012bdz uztur\u0113t musku\u013cu masu un visp\u0101r\u0113jo j\u016bsu m\u012blu\u013ca vesel\u012bbu.<\/li>\n<li>Savietojam\u012bba: izstr\u0101d\u0101ts t\u0101, lai b\u016btu sader\u012bgs ar Royal Canin Hypoallergenic su\u0146u bar\u012bbas kl\u0101stu, nodro\u0161inot konsekventu di\u0113tas re\u017e\u012bmu.<\/li>\n<li>Hipoaler\u0123isks: satur hidroliz\u0113tas vistas aknas k\u0101 olbaltumvielu avotu un kukur\u016bzas cieti k\u0101 og\u013chidr\u0101tu avotu, lai samazin\u0101tu aler\u0123isku reakciju risku.<\/li>\n<\/ul>\n<p><img loading=\"lazy\" decoding=\"async\" class=\"alignnone wp-image-35505\" src=\"https:\/\/zooprekes24.lt\/wp-content\/uploads\/ff.jpg\" alt=\"Royal Canin Gastrointestin\u0101li na\u0161\u0137i su\u0146iem 230 g\" width=\"300\" height=\"300\" srcset=\"https:\/\/zooprekes24.lt\/wp-content\/uploads\/ff.jpg 1600w, https:\/\/zooprekes24.lt\/wp-content\/uploads\/ff-600x600.jpg 600w, https:\/\/zooprekes24.lt\/wp-content\/uploads\/ff-1440x1440.jpg 1440w, https:\/\/zooprekes24.lt\/wp-content\/uploads\/ff-300x300.jpg 300w, https:\/\/zooprekes24.lt\/wp-content\/uploads\/ff-12x12.jpg 12w, https:\/\/zooprekes24.lt\/wp-content\/uploads\/ff-150x150.jpg 150w, https:\/\/zooprekes24.lt\/wp-content\/uploads\/ff-50x50.jpg 50w, https:\/\/zooprekes24.lt\/wp-content\/uploads\/ff-100x100.jpg 100w, https:\/\/zooprekes24.lt\/wp-content\/uploads\/ff-64x64.jpg 64w\" sizes=\"auto, (max-width: 300px) 100vw, 300px\" \/><\/p>","protected":false},"excerpt":{"rendered":"<p>\u200bRoyal Canin Hypoallergenic skan\u0117stai yra specialiai sukurti \u0161unims nuo 3 m\u0117nesi\u0173 am\u017eiaus, sergantiems odos ligomis, linkusiems \u012f maisto alergijas ar netoleruojantiems maisto produkt\u0173. Sud\u0117tis papildyta hidrolizuotais baltymais ir vitaminu B12. Auk\u0161tas baltym\u0173 kiekis: padeda palaikyti raumen\u0173 mas\u0119 ir bendr\u0105 augintinio sveikat\u0105. Suderinamumas: sukurti taip, kad der\u0117t\u0173 su Royal Canin Hypoallergenic \u0161un\u0173 maisto linija, u\u017etikrinant nuosekl\u0173&#8230;<\/p>","protected":false},"featured_media":35507,"comment_status":"closed","ping_status":"closed","template":"","meta":{"_acf_changed":false,"slim_seo":{"title":"Royal Canin Hypoallergenic skan\u0117stai \u0161unims 230 g - Zooprekes24","description":"Royal Canin hipoaler\u0123iskie na\u0161\u0137i ir \u012bpa\u0161i izstr\u0101d\u0101ti su\u0146iem no 3 m\u0113ne\u0161u vecuma ar \u0101das slim\u012bb\u0101m, aler\u0123ij\u0101m vai bar\u012bbas nepanesam\u012bbu."},"iawp_total_views":110},"product_brand":[],"product_cat":[9241,9032,8999,31,30,9035],"product_tag":[4413,177,4429],"class_list":{"0":"post-35506","1":"product","2":"type-product","3":"status-publish","4":"has-post-thumbnail","6":"product_cat-royal-canin-veterinary-diets-sunims","7":"product_cat-sausainiai-ir-kepinukai","8":"product_cat-sunims","9":"product_cat-sunu-prekiu-gamintojai","10":"product_cat-sunu-skanestai","11":"product_cat-veterinarine-dieta","12":"product_tag-dietinis-maistas-sunims","13":"product_tag-edalas-sunims","14":"product_tag-premium-maistas-sunims","15":"pa_prekiu-zenklai-royal-canin-veterinary-diets","16":"pa_suns-amzius-jauniems","17":"pa_suns-amzius-senjorams","18":"pa_suns-amzius-suaugusiems","19":"pa_suns-amzius-visiems-amziams","20":"pa_veisles-dydis-didelems-veislems","21":"pa_veisles-dydis-mazoms-veislems","22":"pa_veisles-dydis-vidutinems-veislems","23":"pa_veisles-dydis-visu-dydziu-veislems","25":"first","26":"instock","27":"featured","28":"taxable","29":"shipping-taxable","30":"purchasable","31":"product-type-simple"},"acf":[],"_links":{"self":[{"href":"https:\/\/zooprekes24.lt\/lv\/wp-json\/wp\/v2\/product\/35506","targetHints":{"allow":["GET"]}}],"collection":[{"href":"https:\/\/zooprekes24.lt\/lv\/wp-json\/wp\/v2\/product"}],"about":[{"href":"https:\/\/zooprekes24.lt\/lv\/wp-json\/wp\/v2\/types\/product"}],"replies":[{"embeddable":true,"href":"https:\/\/zooprekes24.lt\/lv\/wp-json\/wp\/v2\/comments?post=35506"}],"wp:featuredmedia":[{"embeddable":true,"href":"https:\/\/zooprekes24.lt\/lv\/wp-json\/wp\/v2\/media\/35507"}],"wp:attachment":[{"href":"https:\/\/zooprekes24.lt\/lv\/wp-json\/wp\/v2\/media?parent=35506"}],"wp:term":[{"taxonomy":"product_brand","embeddable":true,"href":"https:\/\/zooprekes24.lt\/lv\/wp-json\/wp\/v2\/product_brand?post=35506"},{"taxonomy":"product_cat","embeddable":true,"href":"https:\/\/zooprekes24.lt\/lv\/wp-json\/wp\/v2\/product_cat?post=35506"},{"taxonomy":"product_tag","embeddable":true,"href":"https:\/\/zooprekes24.lt\/lv\/wp-json\/wp\/v2\/product_tag?post=35506"}],"curies":[{"name":"wp","href":"https:\/\/api.w.org\/{rel}","templated":true}]}}