{"id":35500,"date":"2025-03-20T11:14:00","date_gmt":"2025-03-20T09:14:00","guid":{"rendered":"https:\/\/zooprekes24.lt\/?post_type=product&#038;p=35500"},"modified":"2025-07-28T19:17:07","modified_gmt":"2025-07-28T17:17:07","slug":"royal-canin-gastrointestinal-skanestai-sunims-230g","status":"publish","type":"product","link":"https:\/\/zooprekes24.lt\/lv\/produktas\/royal-canin-gastrointestinal-skanestai-sunims-230g\/","title":{"rendered":"Royal Canin Gastrointestin\u0101li na\u0161\u0137i su\u0146iem 230 g"},"content":{"rendered":"<h3 data-start=\"0\" data-end=\"127\">Royal Canin Gastrointestinal na\u0161\u0137i ir \u012bpa\u0161i izstr\u0101d\u0101ti su\u0146iem no 3 m\u0113ne\u0161u vecuma ar gremo\u0161anas jut\u012bbu un ar to saist\u012btiem trauc\u0113jumiem. Tas satur maz tauku un ir papildin\u0101ts ar prebiotik\u0101m un B12 vitam\u012bnu.<\/h3>\n<ul>\n<li data-start=\"131\" data-end=\"275\">Maz kaloriju: katrs na\u0161\u0137is satur tikai 4 kalorijas, t\u0101p\u0113c tas ir piem\u0113rots su\u0146iem, kuriem ir nosliece uz gremo\u0161anas probl\u0113m\u0101m.<\/li>\n<li>Gremo\u0161anas vesel\u012bba: satur \u012bpa\u0161as uzturvielas un ir ar zemu tauku saturu, kas pal\u012bdz uztur\u0113t vesel\u012bgu gremo\u0161anu.<\/li>\n<li data-start=\"279\" data-end=\"425\">Savietojam\u012bba: izstr\u0101d\u0101ts t\u0101, lai b\u016btu sader\u012bgs ar Royal Canin Gastrointestinal su\u0146u bar\u012bbas l\u012bniju, nodro\u0161inot konsekventu di\u0113tas re\u017e\u012bmu.<\/li>\n<\/ul>\n<p><img loading=\"lazy\" decoding=\"async\" class=\"alignnone wp-image-35505\" src=\"https:\/\/zooprekes24.lt\/wp-content\/uploads\/ff.jpg\" alt=\"Royal Canin Gastrointestin\u0101li na\u0161\u0137i su\u0146iem 230 g\" width=\"300\" height=\"300\" srcset=\"https:\/\/zooprekes24.lt\/wp-content\/uploads\/ff.jpg 1600w, https:\/\/zooprekes24.lt\/wp-content\/uploads\/ff-600x600.jpg 600w, https:\/\/zooprekes24.lt\/wp-content\/uploads\/ff-1440x1440.jpg 1440w, https:\/\/zooprekes24.lt\/wp-content\/uploads\/ff-300x300.jpg 300w, https:\/\/zooprekes24.lt\/wp-content\/uploads\/ff-12x12.jpg 12w, https:\/\/zooprekes24.lt\/wp-content\/uploads\/ff-150x150.jpg 150w, https:\/\/zooprekes24.lt\/wp-content\/uploads\/ff-50x50.jpg 50w, https:\/\/zooprekes24.lt\/wp-content\/uploads\/ff-100x100.jpg 100w, https:\/\/zooprekes24.lt\/wp-content\/uploads\/ff-64x64.jpg 64w\" sizes=\"auto, (max-width: 300px) 100vw, 300px\" \/><\/p>","protected":false},"excerpt":{"rendered":"<p>\u200bRoyal Canin Gastrointestinal skan\u0117stai yra specialiai sukurti \u0161unims nuo 3 m\u0117nesi\u0173 am\u017eiaus, turintiems vir\u0161kinimo jautrum\u0105 ir su tuo susijusius sutrikimus. Sud\u0117tyje ma\u017eai riebal\u0173, papildyta prebiotikais ir vitaminu B12. Ma\u017eas kalorij\u0173 kiekis: kiekvienas skan\u0117stas turi tik 4 kalorijas, tod\u0117l yra tinkami \u0161unims, linkusiems \u012f vir\u0161kinimo sutrikimus. Vir\u0161kinimo sveikata: sud\u0117tyje yra specifini\u0173 maistini\u0173 med\u017eiag\u0173 ir ma\u017eai riebal\u0173,&#8230;<\/p>","protected":false},"featured_media":35503,"comment_status":"closed","ping_status":"closed","template":"","meta":{"_acf_changed":false,"slim_seo":{"title":"Royal Canin Gastrointestinal skan\u0117stai \u0161unims 230 g - Zooprekes24","description":"\u200bRoyal Canin Gastrointestinal skan\u0117stai yra specialiai sukurti \u0161unims nuo 3 m\u0117nesi\u0173 am\u017eiaus, turintiems vir\u0161kinimo jautrum\u0105 ir su tuo susijusius sutrikimus. Sud"},"iawp_total_views":61},"product_brand":[],"product_cat":[9241,9032,8999,31,30,9035],"product_tag":[4413,177,4429],"class_list":{"0":"post-35500","1":"product","2":"type-product","3":"status-publish","4":"has-post-thumbnail","6":"product_cat-royal-canin-veterinary-diets-sunims","7":"product_cat-sausainiai-ir-kepinukai","8":"product_cat-sunims","9":"product_cat-sunu-prekiu-gamintojai","10":"product_cat-sunu-skanestai","11":"product_cat-veterinarine-dieta","12":"product_tag-dietinis-maistas-sunims","13":"product_tag-edalas-sunims","14":"product_tag-premium-maistas-sunims","15":"pa_prekiu-zenklai-royal-canin-veterinary-diets","16":"pa_suns-amzius-jauniems","17":"pa_suns-amzius-senjorams","18":"pa_suns-amzius-suaugusiems","19":"pa_suns-amzius-visiems-amziams","20":"pa_veisles-dydis-didelems-veislems","21":"pa_veisles-dydis-mazoms-veislems","22":"pa_veisles-dydis-vidutinems-veislems","23":"pa_veisles-dydis-visu-dydziu-veislems","25":"first","26":"instock","27":"featured","28":"taxable","29":"shipping-taxable","30":"purchasable","31":"product-type-simple"},"acf":[],"_links":{"self":[{"href":"https:\/\/zooprekes24.lt\/lv\/wp-json\/wp\/v2\/product\/35500","targetHints":{"allow":["GET"]}}],"collection":[{"href":"https:\/\/zooprekes24.lt\/lv\/wp-json\/wp\/v2\/product"}],"about":[{"href":"https:\/\/zooprekes24.lt\/lv\/wp-json\/wp\/v2\/types\/product"}],"replies":[{"embeddable":true,"href":"https:\/\/zooprekes24.lt\/lv\/wp-json\/wp\/v2\/comments?post=35500"}],"wp:featuredmedia":[{"embeddable":true,"href":"https:\/\/zooprekes24.lt\/lv\/wp-json\/wp\/v2\/media\/35503"}],"wp:attachment":[{"href":"https:\/\/zooprekes24.lt\/lv\/wp-json\/wp\/v2\/media?parent=35500"}],"wp:term":[{"taxonomy":"product_brand","embeddable":true,"href":"https:\/\/zooprekes24.lt\/lv\/wp-json\/wp\/v2\/product_brand?post=35500"},{"taxonomy":"product_cat","embeddable":true,"href":"https:\/\/zooprekes24.lt\/lv\/wp-json\/wp\/v2\/product_cat?post=35500"},{"taxonomy":"product_tag","embeddable":true,"href":"https:\/\/zooprekes24.lt\/lv\/wp-json\/wp\/v2\/product_tag?post=35500"}],"curies":[{"name":"wp","href":"https:\/\/api.w.org\/{rel}","templated":true}]}}