{"id":35460,"date":"2025-03-19T10:46:56","date_gmt":"2025-03-19T08:46:56","guid":{"rendered":"https:\/\/zooprekes24.lt\/?post_type=product&#038;p=35460"},"modified":"2026-04-01T18:22:49","modified_gmt":"2026-04-01T16:22:49","slug":"brit-care-chicken-soup-sriubos-gerimas-katems","status":"publish","type":"product","link":"https:\/\/zooprekes24.lt\/lv\/produktas\/brit-care-chicken-soup-sriubos-gerimas-katems\/","title":{"rendered":"Brit Care Vistas zupas zupas dz\u0113riens ka\u0137iem"},"content":{"rendered":"<div class=\"benefits\">\n<h3>Brit Care Chicken Soup &#8211; sriuba su skania vi\u0161tiena suaugusioms kat\u0117ms. Puikiai tinka kaip sauso \u0117dalo papildymas augintiniams, kurie pamir\u0161ta, jog reikia gerti. Tinka sterilizuotoms kat\u0117ms.<\/h3>\n<ul>\n<li>Lielisks saus\u0101s bar\u012bbas papildin\u0101jums.<\/li>\n<li>Piem\u0113rots steriliz\u0113tiem <a href=\"https:\/\/zooprekes24.lt\/lv\/kategorija\/prekes-katems\/\" target=\"_blank\" rel=\"noopener\">ka\u0137iem<\/a>.<\/li>\n<li>Papildin\u0101ts ar taur\u012bnu, ka\u0137u z\u0101li un probiotik\u0101m.<\/li>\n<li>Nodro\u0161ina \u0161\u0137idrumu ka\u0137iem ar zemu \u016bdens pat\u0113ri\u0146u.<\/li>\n<li>Viena porcija iepakojum\u0101 nodro\u0161ina perfektu gar\u0161u.<\/li>\n<li><a href=\"https:\/\/brit-petfood.com\/en\/\" target=\"_blank\" rel=\"noopener\">Brit<\/a> Care Chicken Soup ir ide\u0101li piem\u0113rots vesel\u012bgu un jut\u012bgu ka\u0137u di\u0113tas da\u017e\u0101do\u0161anai.<\/li>\n<li>Regul\u0101ra un pietiekama \u0161\u0137idruma uz\u0146em\u0161ana var pal\u012bdz\u0113t mazin\u0101t ur\u012bnce\u013cu probl\u0113mas.<\/li>\n<\/ul>\n<\/div>","protected":false},"excerpt":{"rendered":"<p>Brit Care Chicken Soup &#8211; sriuba su skania vi\u0161tiena suaugusioms kat\u0117ms. Puikiai tinka kaip sauso \u0117dalo papildymas augintiniams, kurie pamir\u0161ta, jog reikia gerti. Tinka sterilizuotoms kat\u0117ms. Puikus sauso \u0117dalo papildas. Tinka sterilizuotoms kat\u0117ms. Sud\u0117tis papildyta taurinu, kat\u017eole ir probiotikais. Suteikia skys\u010di\u0173 ma\u017eai vandens lakan\u010dioms kat\u0117ms. Vienkartin\u0117 porcija pakuot\u0117je u\u017etikrina nepriekai\u0161ting\u0105 skon\u012f. Brit Care Chicken Soup&#8230;<\/p>","protected":false},"featured_media":35463,"comment_status":"closed","ping_status":"closed","template":"","meta":{"_acf_changed":false,"slim_seo":{"title":"Brit Care Chicken Soup sriubos g\u0117rimas kat\u0117ms - Zooprekes24","description":"Brit Care Chicken Soup - sriuba su skania vi\u0161tiena suaugusioms kat\u0117ms. Puikiai tinka kaip sauso \u0117dalo papildymas augintiniams, kurie pamir\u0161ta, jog reikia gerti."},"iawp_total_views":169},"product_brand":[],"product_cat":[9027,9047,72,83,25,9020],"product_tag":[8211,2168,1675,2173,6919],"class_list":{"0":"post-35460","1":"product","2":"type-product","3":"status-publish","4":"has-post-thumbnail","6":"product_cat-begrudis-maistas-kaciu-maistas","7":"product_cat-brit-care-kaciu-prekiu-gamintojai","8":"product_cat-kaciu-maistas","9":"product_cat-kaciu-prekiu-gamintojai","10":"product_cat-katems","11":"product_cat-slapias-maistas-kaciu-maistas","12":"product_tag-brit-care-sriuba-katems","13":"product_tag-brit-slapias-maistas","14":"product_tag-kaciu-edalas","15":"product_tag-konservuotas-maistas-katems","16":"product_tag-sriuba-katems","17":"pa_pasaro-sudetis-katzole","18":"pa_pasaro-sudetis-vistiena","19":"pa_prekiu-zenklai-brit-care","21":"first","22":"instock","23":"featured","24":"taxable","25":"shipping-taxable","26":"purchasable","27":"product-type-variable"},"acf":[],"_links":{"self":[{"href":"https:\/\/zooprekes24.lt\/lv\/wp-json\/wp\/v2\/product\/35460","targetHints":{"allow":["GET"]}}],"collection":[{"href":"https:\/\/zooprekes24.lt\/lv\/wp-json\/wp\/v2\/product"}],"about":[{"href":"https:\/\/zooprekes24.lt\/lv\/wp-json\/wp\/v2\/types\/product"}],"replies":[{"embeddable":true,"href":"https:\/\/zooprekes24.lt\/lv\/wp-json\/wp\/v2\/comments?post=35460"}],"wp:featuredmedia":[{"embeddable":true,"href":"https:\/\/zooprekes24.lt\/lv\/wp-json\/wp\/v2\/media\/35463"}],"wp:attachment":[{"href":"https:\/\/zooprekes24.lt\/lv\/wp-json\/wp\/v2\/media?parent=35460"}],"wp:term":[{"taxonomy":"product_brand","embeddable":true,"href":"https:\/\/zooprekes24.lt\/lv\/wp-json\/wp\/v2\/product_brand?post=35460"},{"taxonomy":"product_cat","embeddable":true,"href":"https:\/\/zooprekes24.lt\/lv\/wp-json\/wp\/v2\/product_cat?post=35460"},{"taxonomy":"product_tag","embeddable":true,"href":"https:\/\/zooprekes24.lt\/lv\/wp-json\/wp\/v2\/product_tag?post=35460"}],"curies":[{"name":"wp","href":"https:\/\/api.w.org\/{rel}","templated":true}]}}