{"id":35003,"date":"2025-02-21T14:03:07","date_gmt":"2025-02-21T12:03:07","guid":{"rendered":"https:\/\/zooprekes24.lt\/?post_type=product&#038;p=35003"},"modified":"2025-02-21T19:36:08","modified_gmt":"2025-02-21T17:36:08","slug":"belasoft-vienkartines-palos-sunims-xl-dydis","status":"publish","type":"product","link":"https:\/\/zooprekes24.lt\/lv\/produktas\/belasoft-vienkartines-palos-sunims-xl-dydis\/","title":{"rendered":"BelaSoft vienreizlietojamie su\u0146u m\u0113te\u013ci, XL izm\u0113rs, 60\u00d790 cm, 20 gab."},"content":{"rendered":"<h3>BelaSoft vienreizlietojamie m\u0113te\u013ci su\u0146iem.<\/h3>\n<ul>\n<li>Vienreiz\u0113j\u0101s lieto\u0161anas.<\/li>\n<li>Pakuot\u0117je &#8211; 20 vnt.<strong>\u00a0<\/strong><\/li>\n<li>\u0100tri uzs\u016bc mitrumu.<\/li>\n<li>J\u016bsu m\u012blu\u013ca \u0137epas paliks sausas un t\u012bras.<\/li>\n<li>Kuc\u0113niem, veciem un slimiem su\u0146iem, kuriem ir gr\u016bt\u012bbas ilgsto\u0161i notur\u0113t ur\u012bnu.<\/li>\n<li>BelaSoft paliktni var ievietot ar\u012b \u012bpa\u0161\u0101 su\u0146u tualet\u0113, ce\u013cojuma b\u016br\u012b vai dz\u012bvnieku p\u0101rvad\u0101\u0161anas kast\u0113.<\/li>\n<\/ul>","protected":false},"excerpt":{"rendered":"<p>BelaSoft vienkartin\u0117s palos skirtos \u0161unims. Vienkartin\u0117s. Pakuot\u0117je &#8211; 20 vnt.\u00a0 Greitai sugeria dr\u0117gm\u0119. J\u016bs\u0173 augintinio leten\u0117l\u0117s liks sausos ir \u0161varios. Skirta \u0161uniukams ir seniems bei ligotiems \u0161unims, kuriems sunku ilg\u0105 laik\u0105 i\u0161laikyti \u0161lapim\u0105. Taip pat BelaSoft palas galite tiesti \u012f special\u0173 tualet\u0105 \u0161unims, kelionin\u012f narv\u0105 ar gyv\u016bn\u0173 transportavimo d\u0117\u017e\u0119.<\/p>","protected":false},"featured_media":35002,"comment_status":"closed","ping_status":"closed","template":"","meta":{"_acf_changed":false,"slim_seo":{"title":"BelaSoft vienkartin\u0117s palos \u0161unims, XL dydis, 60x90 cm, 20 vnt - Zooprekes24","description":"BelaSoft vienkartin\u0117s palos skirtos \u0161unims. Vienkartin\u0117s. Pakuot\u0117je - 20 vnt. \u00a0 Greitai sugeria dr\u0117gm\u0119. J\u016bs\u0173 augintinio leten\u0117l\u0117s liks sausos ir \u0161varios. Skirta"},"iawp_total_views":24},"product_brand":[],"product_cat":[9005,32,8999],"product_tag":[1226,1229,1234,1235,1236],"class_list":{"0":"post-35003","1":"product","2":"type-product","3":"status-publish","4":"has-post-thumbnail","6":"product_cat-higienos-ir-valymo-priemones","7":"product_cat-kitos-sunu-prekes","8":"product_cat-sunims","9":"product_tag-palos-sunims","10":"product_tag-palutes-sunims","11":"product_tag-vienkartines-palos","12":"product_tag-vienkartines-palutes","13":"product_tag-vienkartines-sunu-palutes","14":"pa_prekiu-zenklai-belocat","15":"pa_suns-amzius-jauniems","16":"pa_suns-amzius-senjorams","17":"pa_suns-amzius-suaugusiems","18":"pa_suns-amzius-visiems-amziams","19":"pa_veisles-dydis-didelems-veislems","20":"pa_veisles-dydis-mazoms-veislems","21":"pa_veisles-dydis-vidutinems-veislems","22":"pa_veisles-dydis-visu-dydziu-veislems","24":"first","25":"instock","26":"featured","27":"taxable","28":"shipping-taxable","29":"purchasable","30":"product-type-simple"},"acf":[],"_links":{"self":[{"href":"https:\/\/zooprekes24.lt\/lv\/wp-json\/wp\/v2\/product\/35003","targetHints":{"allow":["GET"]}}],"collection":[{"href":"https:\/\/zooprekes24.lt\/lv\/wp-json\/wp\/v2\/product"}],"about":[{"href":"https:\/\/zooprekes24.lt\/lv\/wp-json\/wp\/v2\/types\/product"}],"replies":[{"embeddable":true,"href":"https:\/\/zooprekes24.lt\/lv\/wp-json\/wp\/v2\/comments?post=35003"}],"wp:featuredmedia":[{"embeddable":true,"href":"https:\/\/zooprekes24.lt\/lv\/wp-json\/wp\/v2\/media\/35002"}],"wp:attachment":[{"href":"https:\/\/zooprekes24.lt\/lv\/wp-json\/wp\/v2\/media?parent=35003"}],"wp:term":[{"taxonomy":"product_brand","embeddable":true,"href":"https:\/\/zooprekes24.lt\/lv\/wp-json\/wp\/v2\/product_brand?post=35003"},{"taxonomy":"product_cat","embeddable":true,"href":"https:\/\/zooprekes24.lt\/lv\/wp-json\/wp\/v2\/product_cat?post=35003"},{"taxonomy":"product_tag","embeddable":true,"href":"https:\/\/zooprekes24.lt\/lv\/wp-json\/wp\/v2\/product_tag?post=35003"}],"curies":[{"name":"wp","href":"https:\/\/api.w.org\/{rel}","templated":true}]}}