{"id":34078,"date":"2025-01-09T16:16:16","date_gmt":"2025-01-09T14:16:16","guid":{"rendered":"https:\/\/zooprekes24.lt\/?post_type=product&#038;p=34078"},"modified":"2025-07-28T14:42:21","modified_gmt":"2025-07-28T12:42:21","slug":"brit-veterinary-diets-hypoallergenic-monoprotein-turkey-konservai-sunims","status":"publish","type":"product","link":"https:\/\/zooprekes24.lt\/lv\/produktas\/brit-veterinary-diets-hypoallergenic-monoprotein-turkey-konservai-sunims\/","title":{"rendered":"Brit Veterinary Diets Hypoallergenic Monoprotein Turkey konservi su\u0146iem"},"content":{"rendered":"<h3>Brit Veterinary Diets Hypoallergenic Monoprotein Turkey &#8211; v<span>pilnv\u0113rt\u012bgs uzturs pieaugu\u0161iem su\u0146iem. Samazin\u0101ta nepanes\u012bba pret sast\u0101vda\u013c\u0101m un bar\u012bbas viel\u0101m. \u0100das funkciju atbalsts dermatoz\u0113m ar p\u0101rm\u0113r\u012bgu apmatojuma izkri\u0161anu.<\/span><\/h3>\n<h3><span style=\"color: #e8c0c9;\">Mitras bar\u012bbas priek\u0161roc\u012bbas:<\/span><\/h3>\n<ul>\n<li>Bez lipek\u013ca.<\/li>\n<li>Ierobe\u017eoti sast\u0101vda\u013cu avoti.<\/li>\n<li>Bez \u0122MO \/ bez sojas \/ bez cukura.<\/li>\n<li>Ribotas baltym\u0173 \u0161altini\u0173 skai\u010dius &#8211; vieno baltymo dieta.<\/li>\n<li>Lai sasniegtu vislab\u0101ko un efekt\u012bv\u0101ko rezult\u0101tu, ieteicams lietot kop\u0101 ar <a href=\"https:\/\/britvetdiets.com\/\" target=\"_blank\" rel=\"noopener\">Brit veterin\u0101r\u0101s di\u0113tas<\/a> saus\u0101 p\u0101rtika.<\/li>\n<\/ul>\n<p><a ref=\"magnificPopup\" href=\"https:\/\/zooprekes24.lt\/wp-content\/uploads\/Brit-Veterinary-Diets-Grain-free-logo.png\"><img loading=\"lazy\" decoding=\"async\" class=\"alignnone wp-image-16429\" src=\"https:\/\/zooprekes24.lt\/wp-content\/uploads\/Brit-Veterinary-Diets-Grain-free-logo.png\" alt=\"Brit Veterinary Diets Grain-free logo\" width=\"150\" height=\"151\" \/><\/a><\/p>","protected":false},"excerpt":{"rendered":"<p>Brit Veterinary Diets Hypoallergenic Monoprotein Turkey &#8211; visavertis dietinis pa\u0161aras suaugusiems \u0161unims. Suma\u017eintas ingredient\u0173 ir maistini\u0173 med\u017eiag\u0173 netoleravimas. Odos funkcijos palaikymas sergant dermatoz\u0117mis su pernelyg dideliu plauk\u0173 slinkimu. \u0160lapio maisto privalumai: Be glitimo. Riboti ingredient\u0173 \u0161altiniai. Be GMO \/ Be sojos \/ Be cukraus. Ribotas baltym\u0173 \u0161altini\u0173 skai\u010dius &#8211; vieno baltymo dieta. Siekiant geriausio ir&#8230;<\/p>","protected":false},"featured_media":34081,"comment_status":"closed","ping_status":"closed","template":"","meta":{"_acf_changed":false,"slim_seo":{"title":"Brit Veterinary Diets Hypoallergenic Monoprotein Turkey konservai \u0161unims - Zooprekes24","description":"Brit Veterinary Diets Hypoallergenic Monoprotein Turkey - v isavertis dietinis pa\u0161aras suaugusiems \u0161unims. Suma\u017eintas ingredient\u0173 ir maistini\u0173 med\u017eiag\u0173 netolera"},"iawp_total_views":8},"product_brand":[],"product_cat":[9232,9004,8999,29,31,9035],"product_tag":[4888,4889,4890],"class_list":{"0":"post-34078","1":"product","2":"type-product","3":"status-publish","4":"has-post-thumbnail","6":"product_cat-brit-veterinary-diets-sunims","7":"product_cat-slapias-maistas","8":"product_cat-sunims","9":"product_cat-sunu-maistas","10":"product_cat-sunu-prekiu-gamintojai","11":"product_cat-veterinarine-dieta","12":"product_tag-brit-vd-sausas-maistas-alergiskam-suniui","13":"product_tag-brit-vet-maistas-alergiskam-suniui","14":"product_tag-brit-veterinarinis-maistas-alergiskam-suniui","15":"pa_pasaro-sudetis-kalakutiena","16":"pa_prekiu-zenklai-brit-veterinary-diets","17":"pa_suns-amzius-suaugusiems","18":"pa_veisles-dydis-didelems-veislems","19":"pa_veisles-dydis-mazoms-veislems","20":"pa_veisles-dydis-vidutinems-veislems","21":"pa_veisles-dydis-visu-dydziu-veislems","23":"first","24":"instock","25":"featured","26":"taxable","27":"shipping-taxable","28":"purchasable","29":"product-type-variable"},"acf":[],"_links":{"self":[{"href":"https:\/\/zooprekes24.lt\/lv\/wp-json\/wp\/v2\/product\/34078","targetHints":{"allow":["GET"]}}],"collection":[{"href":"https:\/\/zooprekes24.lt\/lv\/wp-json\/wp\/v2\/product"}],"about":[{"href":"https:\/\/zooprekes24.lt\/lv\/wp-json\/wp\/v2\/types\/product"}],"replies":[{"embeddable":true,"href":"https:\/\/zooprekes24.lt\/lv\/wp-json\/wp\/v2\/comments?post=34078"}],"wp:featuredmedia":[{"embeddable":true,"href":"https:\/\/zooprekes24.lt\/lv\/wp-json\/wp\/v2\/media\/34081"}],"wp:attachment":[{"href":"https:\/\/zooprekes24.lt\/lv\/wp-json\/wp\/v2\/media?parent=34078"}],"wp:term":[{"taxonomy":"product_brand","embeddable":true,"href":"https:\/\/zooprekes24.lt\/lv\/wp-json\/wp\/v2\/product_brand?post=34078"},{"taxonomy":"product_cat","embeddable":true,"href":"https:\/\/zooprekes24.lt\/lv\/wp-json\/wp\/v2\/product_cat?post=34078"},{"taxonomy":"product_tag","embeddable":true,"href":"https:\/\/zooprekes24.lt\/lv\/wp-json\/wp\/v2\/product_tag?post=34078"}],"curies":[{"name":"wp","href":"https:\/\/api.w.org\/{rel}","templated":true}]}}