{"id":34031,"date":"2025-01-08T17:38:28","date_gmt":"2025-01-08T15:38:28","guid":{"rendered":"https:\/\/zooprekes24.lt\/?post_type=product&#038;p=34031"},"modified":"2026-03-02T14:38:24","modified_gmt":"2026-03-02T12:38:24","slug":"brit-veterinary-diets-gastrointestinal-low-fat-konservai-sunims","status":"publish","type":"product","link":"https:\/\/zooprekes24.lt\/lv\/produktas\/brit-veterinary-diets-gastrointestinal-low-fat-konservai-sunims\/","title":{"rendered":"Brit Veterinary Diets Gastrointestinal Zema tauku satura su\u0146u konservu bar\u012bba"},"content":{"rendered":"<h3>Brit Veterinary Diets Gastrointestinal Low Fat &#8211; v<span>ir pilnv\u0113rt\u012bga di\u0113tisk\u0101 bar\u012bba su\u0146iem ar lip\u012bdu uzs\u016bk\u0161an\u0101s trauc\u0113jumiem, enterop\u0101tiju ar prote\u012bnu defic\u012btu un pankreat\u012btu, mazina zarnu resorbcijas trauc\u0113jumus un uzlabo gremo\u0161anas trauc\u0113jumus.<\/span><\/h3>\n<h3><span style=\"color: #7a6e9e;\">Lieto\u0161anai ir piem\u0113rota mitra bar\u012bba:<\/span><\/h3>\n<ul>\n<li>Gremo\u0161anas trauc\u0113jumi.<\/li>\n<li>Pastiprin\u0101ta v\u0113dera p\u016b\u0161an\u0101s.<\/li>\n<li>Ak\u016bts un hronisks pankreat\u012bts.<\/li>\n<li>Eksokr\u012bn\u0101 aizku\u0146\u0123a dziedzera nepietiekam\u012bba.<\/li>\n<li>Ku\u0146\u0123a un zarnu trakta darb\u012bbas trauc\u0113jumi (caureja, vem\u0161ana).<\/li>\n<li><a href=\"https:\/\/zooprekes24.lt\/lv\/?s=konservai&amp;post_type=product\">P\u0101rtikas konservi<\/a> piem\u0113rots jebkura lieluma un vecuma su\u0146iem.<\/li>\n<li>Ku\u0146\u0123a un zarnu trakta nomierino\u0161s l\u012bdzeklis p\u0113c caurejas vai vem\u0161anas.<\/li>\n<li>Brit Veterinary Diets Gastrointestinal Low Fat neizmanto lipekli, soju vai \u0122MO.<\/li>\n<li>Lai sasniegtu vislab\u0101ko un efekt\u012bv\u0101ko rezult\u0101tu, ieteicams lietot kop\u0101 ar <a href=\"https:\/\/britvetdiets.com\/\" target=\"_blank\" rel=\"noopener\">Brit veterin\u0101r\u0101s di\u0113tas<\/a> saus\u0101 p\u0101rtika.<\/li>\n<\/ul>\n<p><a ref=\"magnificPopup\" href=\"https:\/\/zooprekes24.lt\/wp-content\/uploads\/Brit-Veterinary-Diets-Grain-free-logo.png\"><img loading=\"lazy\" decoding=\"async\" class=\"alignnone wp-image-16429\" src=\"https:\/\/zooprekes24.lt\/wp-content\/uploads\/Brit-Veterinary-Diets-Grain-free-logo.png\" alt=\"Brit Veterinary Diets Grain-free logo\" width=\"150\" height=\"151\" \/><\/a><\/p>","protected":false},"excerpt":{"rendered":"<p>Brit Veterinary Diets Gastrointestinal Low Fat &#8211; visavertis dietinis pa\u0161aras \u0161unims, turintiems lipid\u0173 absorbcijos sutrikim\u0173, enteropatij\u0105 su baltym\u0173 netekimu ir pankreatit\u0105, ma\u017eina \u017earnyno rezorbcijos susirgimus, gerina sutrikus\u012f vir\u0161kinim\u0105. \u0160lapias maistas tinkamas naudojimui: Vir\u0161kinimo sutrikimai. Padid\u0117j\u0119s viduri\u0173 p\u016btimas. \u016aminis ir l\u0117tinis pankreatitas. Egzokrininis kasos nepakankamumas. Vir\u0161kinimo trakto sutrikimai (viduriavimas, v\u0117mimas). Konservai tinkami vis\u0173 dyd\u017ei\u0173 ir am\u017eiaus&#8230;<\/p>","protected":false},"featured_media":34086,"comment_status":"closed","ping_status":"closed","template":"","meta":{"_acf_changed":false,"slim_seo":{"title":"Brit Veterinary Diets Gastrointestinal Low Fat konservai \u0161unims - Zooprekes24","description":"Brit Veterinary Diets Gastrointestinal Low Fat - v isavertis dietinis pa\u0161aras \u0161unims, turintiems lipid\u0173 absorbcijos sutrikim\u0173, enteropatij\u0105 su baltym\u0173 netekimu"},"iawp_total_views":66},"product_brand":[],"product_cat":[9232,9004,8999,29,31,9035],"product_tag":[],"class_list":{"0":"post-34031","1":"product","2":"type-product","3":"status-publish","4":"has-post-thumbnail","6":"product_cat-brit-veterinary-diets-sunims","7":"product_cat-slapias-maistas","8":"product_cat-sunims","9":"product_cat-sunu-maistas","10":"product_cat-sunu-prekiu-gamintojai","11":"product_cat-veterinarine-dieta","12":"pa_pasaro-sudetis-darzoves","13":"pa_pasaro-sudetis-eriena","14":"pa_pasaro-sudetis-tunas","15":"pa_pasaro-sudetis-zuvis","16":"pa_prekiu-zenklai-brit-veterinary-diets","17":"pa_suns-amzius-jauniems","18":"pa_suns-amzius-senjorams","19":"pa_suns-amzius-suaugusiems","20":"pa_suns-amzius-visiems-amziams","21":"pa_veisles-dydis-didelems-veislems","22":"pa_veisles-dydis-mazoms-veislems","23":"pa_veisles-dydis-vidutinems-veislems","24":"pa_veisles-dydis-visu-dydziu-veislems","26":"first","27":"instock","28":"featured","29":"taxable","30":"shipping-taxable","31":"purchasable","32":"product-type-variable"},"acf":[],"_links":{"self":[{"href":"https:\/\/zooprekes24.lt\/lv\/wp-json\/wp\/v2\/product\/34031","targetHints":{"allow":["GET"]}}],"collection":[{"href":"https:\/\/zooprekes24.lt\/lv\/wp-json\/wp\/v2\/product"}],"about":[{"href":"https:\/\/zooprekes24.lt\/lv\/wp-json\/wp\/v2\/types\/product"}],"replies":[{"embeddable":true,"href":"https:\/\/zooprekes24.lt\/lv\/wp-json\/wp\/v2\/comments?post=34031"}],"wp:featuredmedia":[{"embeddable":true,"href":"https:\/\/zooprekes24.lt\/lv\/wp-json\/wp\/v2\/media\/34086"}],"wp:attachment":[{"href":"https:\/\/zooprekes24.lt\/lv\/wp-json\/wp\/v2\/media?parent=34031"}],"wp:term":[{"taxonomy":"product_brand","embeddable":true,"href":"https:\/\/zooprekes24.lt\/lv\/wp-json\/wp\/v2\/product_brand?post=34031"},{"taxonomy":"product_cat","embeddable":true,"href":"https:\/\/zooprekes24.lt\/lv\/wp-json\/wp\/v2\/product_cat?post=34031"},{"taxonomy":"product_tag","embeddable":true,"href":"https:\/\/zooprekes24.lt\/lv\/wp-json\/wp\/v2\/product_tag?post=34031"}],"curies":[{"name":"wp","href":"https:\/\/api.w.org\/{rel}","templated":true}]}}