{"id":34006,"date":"2025-01-08T16:43:50","date_gmt":"2025-01-08T14:43:50","guid":{"rendered":"https:\/\/zooprekes24.lt\/?post_type=product&#038;p=34006"},"modified":"2025-07-28T14:40:50","modified_gmt":"2025-07-28T12:40:50","slug":"brit-veterinary-diets-ultra-hypoallergenic-sausas-maistas-sunims","status":"publish","type":"product","link":"https:\/\/zooprekes24.lt\/lv\/produktas\/brit-veterinary-diets-ultra-hypoallergenic-sausas-maistas-sunims\/","title":{"rendered":"Brit Veterinary Diets Ultra Hypoallergenic saus\u0101 bar\u012bba su\u0146iem"},"content":{"rendered":"<h3>Brit Veterinary Diets Ultra Hypoallergenic - v<span>ir pilnv\u0113rt\u012bga di\u0113tisk\u0101 bar\u012bba su\u0146iem, lai mazin\u0101tu nepanes\u012bbu pret sast\u0101vda\u013c\u0101m un bar\u012bbas viel\u0101m un atbalst\u012btu \u0101das funkcijas, ja dz\u012bvnieks cie\u0161 no dermatozes un pastiprin\u0101ti barojas.<\/span><\/h3>\n<h3><span style=\"color: #be89b9;\">Lieto\u0161anai piem\u0113rota saus\u0101 bar\u012bba:<\/span><\/h3>\n<ul>\n<li>P\u0101rtikas nepanesam\u012bba.<\/li>\n<li>Nomierina gremo\u0161anas trakta darb\u012bbu.<\/li>\n<li>\u0101r\u0113jais ot\u012bts, atopiskais dermat\u012bts.<\/li>\n<li>Hroniski ku\u0146\u0123a un zarnu trakta darb\u012bbas trauc\u0113jumi.<\/li>\n<li>Ilgtermi\u0146a uzturs p\u0113c izsl\u0113g\u0161anas di\u0113tas.<\/li>\n<li>Uztura atbalsts dermatolo\u0123isku trauc\u0113jumu gad\u012bjum\u0101.<\/li>\n<li><a href=\"https:\/\/zooprekes24.lt\/lv\/kategorija\/prekes-sunims\/sunu-bariba\/sausas-maistas-sunims\/\" target=\"_blank\" rel=\"noopener\">Saus\u0101 p\u0101rtika<\/a> piem\u0113rots visu vecumu un \u0161\u0137ir\u0146u su\u0146iem.<\/li>\n<li>P\u0101rtikas aler\u0123ija ar dermatolo\u0123iskiem vai gastrointestin\u0101liem simptomiem.<\/li>\n<li>Brit Veterinary Diets Ultra Hypoallergenic neizmanto <span>lipekli, soju vai \u0122MO.<\/span><\/li>\n<li>Lai sasniegtu vislab\u0101ko un efekt\u012bv\u0101ko rezult\u0101tu, ieteicams lietot kop\u0101 ar <a href=\"https:\/\/britvetdiets.com\/\" target=\"_blank\" rel=\"noopener\">Brit veterin\u0101r\u0101s di\u0113tas<\/a> mitr\u0101 p\u0101rtika.<\/li>\n<\/ul>\n<p><a ref=\"magnificPopup\" href=\"https:\/\/zooprekes24.lt\/wp-content\/uploads\/Brit-Veterinary-Diets-Grain-free-logo.png\"><img loading=\"lazy\" decoding=\"async\" class=\"alignnone wp-image-16429\" src=\"https:\/\/zooprekes24.lt\/wp-content\/uploads\/Brit-Veterinary-Diets-Grain-free-logo.png\" alt=\"Brit Veterinary Diets Grain-free logo\" width=\"150\" height=\"151\" \/><\/a><\/p>","protected":false},"excerpt":{"rendered":"<p>Brit Veterinary Diets Ultra Hypoallergenic &#8211; visavertis dietinis pa\u0161aras \u0161unims skirtas ingredient\u0173 ir maistini\u0173 med\u017eiag\u0173 netoleravimo ma\u017einimui, odos funkcijai palaikyti, kai gyv\u016bnas serga dermatoze ir gausiai \u0161eriasi. Sausas maistas tinkamas naudojimui: Maisto netoleravimas. Vir\u0161kinamojo trakto raminimas. I\u0161orinis otitas, atopinis dermatitas. L\u0117tiniai vir\u0161kinimo trakto sutrikimai. Ilgalaik\u0117 mityba po eliminacin\u0117s dietos. Dermatologini\u0173 sutrikim\u0173 palaikymas mityba. Sausas maistas&#8230;<\/p>","protected":false},"featured_media":34009,"comment_status":"closed","ping_status":"closed","template":"","meta":{"_acf_changed":false,"slim_seo":{"title":"Brit Veterinary Diets Ultra Hypoallergenic sausas maistas \u0161unims - Zooprekes24","description":"Brit Veterinary Diets Ultra Hypoallergenic - v isavertis dietinis pa\u0161aras \u0161unims skirtas ingredient\u0173 ir maistini\u0173 med\u017eiag\u0173 netoleravimo ma\u017einimui, odos funkcija"},"iawp_total_views":183},"product_brand":[],"product_cat":[9232,8999,29,31,9035],"product_tag":[4888,4889,4890],"class_list":{"0":"post-34006","1":"product","2":"type-product","3":"status-publish","4":"has-post-thumbnail","6":"product_cat-brit-veterinary-diets-sunims","7":"product_cat-sunims","8":"product_cat-sunu-maistas","9":"product_cat-sunu-prekiu-gamintojai","10":"product_cat-veterinarine-dieta","11":"product_tag-brit-vd-sausas-maistas-alergiskam-suniui","12":"product_tag-brit-vet-maistas-alergiskam-suniui","13":"product_tag-brit-veterinarinis-maistas-alergiskam-suniui","14":"pa_pasaro-sudetis-darzoves","15":"pa_pasaro-sudetis-vabzdziai","16":"pa_pasaro-sudetis-vaisiai","17":"pa_prekiu-zenklai-brit-veterinary-diets","18":"pa_suns-amzius-jauniems","19":"pa_suns-amzius-senjorams","20":"pa_suns-amzius-suaugusiems","21":"pa_suns-amzius-visiems-amziams","22":"pa_veisles-dydis-didelems-veislems","23":"pa_veisles-dydis-mazoms-veislems","24":"pa_veisles-dydis-vidutinems-veislems","25":"pa_veisles-dydis-visu-dydziu-veislems","27":"first","28":"instock","29":"featured","30":"taxable","31":"shipping-taxable","32":"purchasable","33":"product-type-variable"},"acf":[],"_links":{"self":[{"href":"https:\/\/zooprekes24.lt\/lv\/wp-json\/wp\/v2\/product\/34006","targetHints":{"allow":["GET"]}}],"collection":[{"href":"https:\/\/zooprekes24.lt\/lv\/wp-json\/wp\/v2\/product"}],"about":[{"href":"https:\/\/zooprekes24.lt\/lv\/wp-json\/wp\/v2\/types\/product"}],"replies":[{"embeddable":true,"href":"https:\/\/zooprekes24.lt\/lv\/wp-json\/wp\/v2\/comments?post=34006"}],"wp:featuredmedia":[{"embeddable":true,"href":"https:\/\/zooprekes24.lt\/lv\/wp-json\/wp\/v2\/media\/34009"}],"wp:attachment":[{"href":"https:\/\/zooprekes24.lt\/lv\/wp-json\/wp\/v2\/media?parent=34006"}],"wp:term":[{"taxonomy":"product_brand","embeddable":true,"href":"https:\/\/zooprekes24.lt\/lv\/wp-json\/wp\/v2\/product_brand?post=34006"},{"taxonomy":"product_cat","embeddable":true,"href":"https:\/\/zooprekes24.lt\/lv\/wp-json\/wp\/v2\/product_cat?post=34006"},{"taxonomy":"product_tag","embeddable":true,"href":"https:\/\/zooprekes24.lt\/lv\/wp-json\/wp\/v2\/product_tag?post=34006"}],"curies":[{"name":"wp","href":"https:\/\/api.w.org\/{rel}","templated":true}]}}