{"id":34001,"date":"2025-01-08T16:16:55","date_gmt":"2025-01-08T14:16:55","guid":{"rendered":"https:\/\/zooprekes24.lt\/?post_type=product&#038;p=34001"},"modified":"2025-07-28T14:41:16","modified_gmt":"2025-07-28T12:41:16","slug":"brit-veterinary-diets-gastrointestinal-low-fat-sausas-maistas-sunims","status":"publish","type":"product","link":"https:\/\/zooprekes24.lt\/lv\/produktas\/brit-veterinary-diets-gastrointestinal-low-fat-sausas-maistas-sunims\/","title":{"rendered":"Brit Veterinary Diets Gastrointestinal Low Fat saus\u0101 bar\u012bba su\u0146iem"},"content":{"rendered":"<h3>Brit Veterinary Diets Gastrointestinal Low Fat &#8211; v<span>ir pilnv\u0113rt\u012bga di\u0113tisk\u0101 bar\u012bba su\u0146iem ar lip\u012bdu uzs\u016bk\u0161an\u0101s trauc\u0113jumiem, enterop\u0101tiju ar prote\u012bnu defic\u012btu un pankreat\u012btu, mazina zarnu resorbcijas trauc\u0113jumus un uzlabo gremo\u0161anas trauc\u0113jumus.<\/span><\/h3>\n<h3><span style=\"color: #7a6e9e;\">Lieto\u0161anai piem\u0113rota saus\u0101 bar\u012bba:<\/span><\/h3>\n<ul>\n<li>Gremo\u0161anas trauc\u0113jumi.<\/li>\n<li>Pastiprin\u0101ta v\u0113dera p\u016b\u0161an\u0101s.<\/li>\n<li>Ak\u016bts un hronisks pankreat\u012bts.<\/li>\n<li>Eksokr\u012bn\u0101 aizku\u0146\u0123a dziedzera nepietiekam\u012bba.<\/li>\n<li>Ku\u0146\u0123a un zarnu trakta darb\u012bbas trauc\u0113jumi (caureja, vem\u0161ana).<\/li>\n<li>Ku\u0146\u0123a un zarnu trakta nomierino\u0161s l\u012bdzeklis p\u0113c caurejas vai vem\u0161anas.<\/li>\n<li><a href=\"https:\/\/zooprekes24.lt\/lv\/kategorija\/prekes-sunims\/sunu-bariba\/sausas-maistas-sunims\/\" target=\"_blank\" rel=\"noopener\">Saus\u0101 p\u0101rtika<\/a> piem\u0113rots visu vecumu un \u0161\u0137ir\u0146u su\u0146iem.<\/li>\n<li>Brit Veterinary Diets Gastrointestinal Low Fat neizmanto <span>lipekli, soju vai \u0122MO.<\/span><\/li>\n<li>Lai sasniegtu vislab\u0101ko un efekt\u012bv\u0101ko rezult\u0101tu, ieteicams lietot kop\u0101 ar <a href=\"https:\/\/britvetdiets.com\/\" target=\"_blank\" rel=\"noopener\">Brit veterin\u0101r\u0101s di\u0113tas<\/a> mitr\u0101 p\u0101rtika.<\/li>\n<\/ul>\n<p><a ref=\"magnificPopup\" href=\"https:\/\/zooprekes24.lt\/wp-content\/uploads\/Brit-Veterinary-Diets-Grain-free-logo.png\"><img loading=\"lazy\" decoding=\"async\" class=\"alignnone wp-image-16429\" src=\"https:\/\/zooprekes24.lt\/wp-content\/uploads\/Brit-Veterinary-Diets-Grain-free-logo.png\" alt=\"Brit Veterinary Diets Grain-free logo\" width=\"150\" height=\"151\" \/><\/a><\/p>","protected":false},"excerpt":{"rendered":"<p>Brit Veterinary Diets Gastrointestinal Low Fat &#8211; visavertis dietinis pa\u0161aras \u0161unims, turintiems lipid\u0173 absorbcijos sutrikim\u0173, enteropatij\u0105 su baltym\u0173 netekimu ir pankreatit\u0105, ma\u017eina \u017earnyno rezorbcijos susirgimus, gerina sutrikus\u012f vir\u0161kinim\u0105. Sausas maistas tinkamas naudojimui: Vir\u0161kinimo sutrikimai. Padid\u0117j\u0119s viduri\u0173 p\u016btimas. \u016aminis ir l\u0117tinis pankreatitas. Egzokrininis kasos nepakankamumas. Vir\u0161kinimo trakto sutrikimai (viduriavimas, v\u0117mimas). Vir\u0161kinamojo trakto raminimas po viduriavimo ar&#8230;<\/p>","protected":false},"featured_media":34004,"comment_status":"closed","ping_status":"closed","template":"","meta":{"_acf_changed":false,"slim_seo":{"title":"Brit Veterinary Diets Gastrointestinal Low Fat sausas maistas \u0161unims - Zooprekes24","description":"Brit Veterinary Diets Gastrointestinal Low Fat - v isavertis dietinis pa\u0161aras \u0161unims, turintiems lipid\u0173 absorbcijos sutrikim\u0173, enteropatij\u0105 su baltym\u0173 netekimu"},"iawp_total_views":34},"product_brand":[],"product_cat":[9232,8999,29,31,9035],"product_tag":[],"class_list":{"0":"post-34001","1":"product","2":"type-product","3":"status-publish","4":"has-post-thumbnail","6":"product_cat-brit-veterinary-diets-sunims","7":"product_cat-sunims","8":"product_cat-sunu-maistas","9":"product_cat-sunu-prekiu-gamintojai","10":"product_cat-veterinarine-dieta","11":"pa_pasaro-sudetis-darzoves","12":"pa_pasaro-sudetis-vaisiai","13":"pa_pasaro-sudetis-zuvis","14":"pa_prekiu-zenklai-brit-veterinary-diets","15":"pa_suns-amzius-jauniems","16":"pa_suns-amzius-senjorams","17":"pa_suns-amzius-suaugusiems","18":"pa_suns-amzius-visiems-amziams","19":"pa_veisles-dydis-didelems-veislems","20":"pa_veisles-dydis-mazoms-veislems","21":"pa_veisles-dydis-vidutinems-veislems","22":"pa_veisles-dydis-visu-dydziu-veislems","24":"first","25":"instock","26":"featured","27":"taxable","28":"shipping-taxable","29":"purchasable","30":"product-type-variable"},"acf":[],"_links":{"self":[{"href":"https:\/\/zooprekes24.lt\/lv\/wp-json\/wp\/v2\/product\/34001","targetHints":{"allow":["GET"]}}],"collection":[{"href":"https:\/\/zooprekes24.lt\/lv\/wp-json\/wp\/v2\/product"}],"about":[{"href":"https:\/\/zooprekes24.lt\/lv\/wp-json\/wp\/v2\/types\/product"}],"replies":[{"embeddable":true,"href":"https:\/\/zooprekes24.lt\/lv\/wp-json\/wp\/v2\/comments?post=34001"}],"wp:featuredmedia":[{"embeddable":true,"href":"https:\/\/zooprekes24.lt\/lv\/wp-json\/wp\/v2\/media\/34004"}],"wp:attachment":[{"href":"https:\/\/zooprekes24.lt\/lv\/wp-json\/wp\/v2\/media?parent=34001"}],"wp:term":[{"taxonomy":"product_brand","embeddable":true,"href":"https:\/\/zooprekes24.lt\/lv\/wp-json\/wp\/v2\/product_brand?post=34001"},{"taxonomy":"product_cat","embeddable":true,"href":"https:\/\/zooprekes24.lt\/lv\/wp-json\/wp\/v2\/product_cat?post=34001"},{"taxonomy":"product_tag","embeddable":true,"href":"https:\/\/zooprekes24.lt\/lv\/wp-json\/wp\/v2\/product_tag?post=34001"}],"curies":[{"name":"wp","href":"https:\/\/api.w.org\/{rel}","templated":true}]}}