{"id":33996,"date":"2025-01-08T15:35:53","date_gmt":"2025-01-08T13:35:53","guid":{"rendered":"https:\/\/zooprekes24.lt\/?post_type=product&#038;p=33996"},"modified":"2026-04-09T11:26:57","modified_gmt":"2026-04-09T09:26:57","slug":"brit-care-hair-skin-salita-atdzeseta-kaku-bariba-40g","status":"publish","type":"product","link":"https:\/\/zooprekes24.lt\/lv\/produktas\/brit-care-hair-skin-saltyje-isdziovinti-skanestai-katems-40g\/","title":{"rendered":"Brit Care Hair &amp; Skin \u0161altyje i\u0161d\u017eiovinti skan\u0117stai kat\u0117ms 40 g"},"content":{"rendered":"<h3>Brit Care Matu un \u0101das kop\u0161ana l<span>Iofiliz\u0113ts k\u0101rums un bar\u012bbas piedeva pieaugu\u0161iem ka\u0137iem. T\u0101 sast\u0101v\u0101 ir lasis, t\u012btars, probiotikas un smilts\u0113rk\u0161\u0137i, kas uztur vesel\u012bgu \u0101du un ka\u017eoku, mazina ka\u0161\u0137o\u0161anos un atvieglo \u0101das probl\u0113mas.<\/span><\/h3>\n<ul>\n<li>Dabas.<\/li>\n<li>Neapstr\u0101d\u0101ta, liofiliz\u0113ta: 96% svaigai ga\u013cai un ziv\u012bm.<\/li>\n<li>Bez m\u0101ksl\u012bgiem konservantiem, aromatiz\u0113t\u0101jiem, kr\u0101sviel\u0101m un pievienot\u0101s s\u0101ls.<\/li>\n<li>Lactobacillus bakt\u0113rijas: inaktiv\u0113tas, imunomodul\u0113jo\u0161as.<\/li>\n<li>Hidroliz\u0113ts raugs: nodro\u0161ina b\u016btiskas uzturvielas un veicina labu zarnu vesel\u012bbu.<\/li>\n<li>Tie ir bag\u0101tin\u0101ti ar smilts\u0113rk\u0161\u0137iem un omega-3 tauksk\u0101b\u0113m no svaigiem la\u0161iem, kas veicina vesel\u012bgu \u0101du un ka\u017eoku, mazina izk\u0101rn\u012bjumus un atvieglo \u0101das probl\u0113mas.<\/li>\n<\/ul>","protected":false},"excerpt":{"rendered":"<p>Brit Care Hair &amp; Skin liofilizuotas skan\u0117stas ir pa\u0161aro papildas suaugusioms kat\u0117ms. Su la\u0161i\u0161a, kalakutiena, probiotikais ir \u0161altalankiais, palaiko sveik\u0105 od\u0105 ir kail\u012f, ma\u017eina \u0161\u0117rim\u0105si ir palengvina odos problemas. Nat\u016bral\u016bs. Neapdoroti, d\u017eiovinti \u0161altyje: 96% \u0161vie\u017eios m\u0117sos ir \u017euvies. Be dirbtini\u0173 konservant\u0173, kvapi\u0173j\u0173 med\u017eiag\u0173, da\u017eikli\u0173, prid\u0117tin\u0117s druskos. Lactobacillus bakterijos: inaktyvuotos, pasi\u017eymi imunomoduliaciniu poveikiu. Hidrolizuotos miel\u0117s: apr\u016bpina&#8230;<\/p>","protected":false},"featured_media":33997,"comment_status":"closed","ping_status":"closed","template":"","meta":{"_acf_changed":false,"slim_seo":{"title":"Brit Care Hair &amp; Skin \u0161altyje i\u0161d\u017eiovinti skan\u0117stai kat\u0117ms 40 g - Zooprekes24","description":"Brit Care Hair &amp; Skin l ir iofiliz\u0113ts k\u0101rums un bar\u012bbas piedeva pieaugu\u0161iem ka\u0137iem. T\u0101 sast\u0101v\u0101 ir lasis, t\u012btars, probiotikas un smilts\u0113rk\u0161\u0137i, kas veicina vesel\u012bgu"},"iawp_total_views":36},"product_brand":[],"product_cat":[9047,72,83,25,9018],"product_tag":[871,6181,4591,385,386,391],"class_list":{"0":"post-33996","1":"product","2":"type-product","3":"status-publish","4":"has-post-thumbnail","6":"product_cat-brit-care-kaciu-prekiu-gamintojai","7":"product_cat-kaciu-maistas","8":"product_cat-kaciu-prekiu-gamintojai","9":"product_cat-katems","10":"product_cat-skanestai","11":"product_tag-brit-skanestai-suniui","12":"product_tag-freeze-dry-skanukai-sunims","13":"product_tag-funkciniai-skanestai-sunims","14":"product_tag-skanestas-suns-dresiravimui","15":"product_tag-skanukai-sunims","16":"product_tag-traskus-skanestai-sunims","17":"pa_pasaro-sudetis-kalakutiena","18":"pa_pasaro-sudetis-lasisa","19":"pa_pasaro-sudetis-zuvis","20":"pa_prekiu-zenklai-brit-care","22":"first","23":"outofstock","24":"featured","25":"taxable","26":"shipping-taxable","27":"purchasable","28":"product-type-simple"},"acf":[],"_links":{"self":[{"href":"https:\/\/zooprekes24.lt\/lv\/wp-json\/wp\/v2\/product\/33996","targetHints":{"allow":["GET"]}}],"collection":[{"href":"https:\/\/zooprekes24.lt\/lv\/wp-json\/wp\/v2\/product"}],"about":[{"href":"https:\/\/zooprekes24.lt\/lv\/wp-json\/wp\/v2\/types\/product"}],"replies":[{"embeddable":true,"href":"https:\/\/zooprekes24.lt\/lv\/wp-json\/wp\/v2\/comments?post=33996"}],"wp:featuredmedia":[{"embeddable":true,"href":"https:\/\/zooprekes24.lt\/lv\/wp-json\/wp\/v2\/media\/33997"}],"wp:attachment":[{"href":"https:\/\/zooprekes24.lt\/lv\/wp-json\/wp\/v2\/media?parent=33996"}],"wp:term":[{"taxonomy":"product_brand","embeddable":true,"href":"https:\/\/zooprekes24.lt\/lv\/wp-json\/wp\/v2\/product_brand?post=33996"},{"taxonomy":"product_cat","embeddable":true,"href":"https:\/\/zooprekes24.lt\/lv\/wp-json\/wp\/v2\/product_cat?post=33996"},{"taxonomy":"product_tag","embeddable":true,"href":"https:\/\/zooprekes24.lt\/lv\/wp-json\/wp\/v2\/product_tag?post=33996"}],"curies":[{"name":"wp","href":"https:\/\/api.w.org\/{rel}","templated":true}]}}