{"id":32920,"date":"2024-11-29T15:06:19","date_gmt":"2024-11-29T13:06:19","guid":{"rendered":"https:\/\/zooprekes24.lt\/?post_type=product&#038;p=32920"},"modified":"2026-04-20T09:04:53","modified_gmt":"2026-04-20T07:04:53","slug":"quattro-mini-sausa-bariba-pieaugusajiem-suniem-ar-lasiem","status":"publish","type":"product","link":"https:\/\/zooprekes24.lt\/lv\/produktas\/quattro-mini-adult-salmon-sausas-maistas-sunims\/","title":{"rendered":"Quattro Mini Adult Salmon saus\u0101 bar\u012bba su\u0146iem"},"content":{"rendered":"<h3>Quattro Mini Adult Salmon - Super Premium saus\u0101 bar\u012bba pieaugu\u0161iem mazo \u0161\u0137ir\u0146u su\u0146iem (1-10 kg) ar gardu la\u0161a gar\u0161u. Bar\u012bba ir izgatavota, izmantojot inovat\u012bvu liofiliz\u0113tas ga\u013cas p\u0101rkl\u0101juma tehnolo\u0123iju. \u0160is unik\u0101lais risin\u0101jums katru bar\u012bbas granulu p\u0101rkl\u0101j ar dab\u012bg\u0101m liofiliz\u0113t\u0101m ziv\u012bm, kas ne tikai bag\u0101tina bar\u012bbu. <a href=\"https:\/\/www.youtube.com\/watch?v=nHBX0FeuZ9w\" target=\"_blank\" rel=\"noopener\">Quattro<\/a> bar\u012bba ar dabiski saglab\u0101t\u0101m bar\u012bbas viel\u0101m, k\u0101 ar\u012b ar lielisk\u0101m \u0113\u0161anas \u012bpa\u0161\u012bb\u0101m.<\/h3>\n<div>\n<div>\n<ul>\n<li>Be kvie\u010di\u0173. Nesukelia d\u0117l kvie\u010di\u0173 glitimo atsirandan\u010dios alergijos.<\/li>\n<li>Hipoalerginis. Neturi pagrindini\u0173 ingredient\u0173, galin\u010di\u0173 sukelti alergij\u0105 ar netoleravim\u0105.<\/li>\n<li>Granul\u0117 padengta \u0161altyje d\u017eiovinta la\u0161i\u0161a, tod\u0117l produktas patiks i\u0161rankiausiems gurmanams.<\/li>\n<li>Odai ir kailiui. Sud\u0117tyje esan\u010dios riebiosios r\u016bg\u0161tys, cinkas bei B grup\u0117s vitaminai padeda palaikyti sveik\u0105 od\u0105 ir \u017evilgant\u012f kail\u012f.<\/li>\n<li>Imuniteto palaikymui. Vitaminas E, omega-3 riebiosios r\u016bg\u0161tys ir rozmarino ekstraktas padeda apsaugoti nuo neigiamo laisv\u0173j\u0173 radikal\u0173 poveikio visi\u0161kai nat\u016braliu b\u016bdu ir palaiko auk\u0161\u010diausi\u0105 imunin\u0117s sistemos form\u0105.<\/li>\n<li>100 % Norvegi\u0161ka la\u0161i\u0161a.<\/li>\n<li>71 % baltym\u0173 gaunama i\u0161 gyv\u016bnin\u0117s kilm\u0117s ingredient\u0173.<\/li>\n<li>0 % dirbtini\u0173 da\u017eikli\u0173 ir skonio stiprikli\u0173.<\/li>\n<\/ul>\n<\/div>\n<\/div>","protected":false},"excerpt":{"rendered":"<p>Quattro Mini Adult Salmon &#8211; Super Premium klas\u0117s, sausas maistas suaugusiems ma\u017e\u0173 veisli\u0173 (1-10 kg) \u0161unims su gard\u017eia la\u0161i\u0161a. Maistas pagamintas naudojant inovatyvi\u0105 &#8222;freeze-dried meat coated&#8221; technologij\u0105. \u0160io i\u0161skirtinio sprendimo pagalba kiekviena pa\u0161aro granul\u0117 padengiama nat\u016bralia liofilizuota \u017euvimi, ne tik praturtinan\u010dia Quattro pa\u0161arus nat\u016braliai i\u0161saugotomis maistin\u0117mis med\u017eiagomis, bet ir u\u017etikrinan\u010dia puiku produkto \u0117damum\u0105. Be kvie\u010di\u0173&#8230;.<\/p>","protected":false},"featured_media":32923,"comment_status":"closed","ping_status":"closed","template":"","meta":{"_acf_changed":false,"slim_seo":{"title":"Quattro Mini Adult Salmon sausas maistas \u0161unims - Zooprekes24","description":"Quattro Mini Adult Salmon - Super Premium saus\u0101 bar\u012bba pieaugu\u0161iem mazo \u0161\u0137ir\u0146u su\u0146iem (1-10 kg) ar gardu la\u0161a gar\u0161u. Bar\u012bba ir izgatavota, izmantojot inovat\u012bvu"},"iawp_total_views":410},"product_brand":[],"product_cat":[9055,9076,9002,8999,29,31],"product_tag":[177,743,751,200],"class_list":{"0":"post-32920","1":"product","2":"type-product","3":"status-publish","4":"has-post-thumbnail","6":"product_cat-isdziovintas-saltyje-maistas","7":"product_cat-quattro-sunims","8":"product_cat-sausas-maistas","9":"product_cat-sunims","10":"product_cat-sunu-maistas","11":"product_cat-sunu-prekiu-gamintojai","12":"product_tag-edalas-sunims","13":"product_tag-isdziovintas-saltyje-maistas","14":"product_tag-quattro-isdziovintas-saltyje","15":"product_tag-super-premium-maistas-sunims","16":"pa_pasaro-sudetis-lasisa","17":"pa_pasaro-sudetis-zuvis","18":"pa_prekiu-zenklai-quattro","19":"pa_suns-amzius-suaugusiems","20":"pa_veisles-dydis-mazoms-veislems","22":"first","23":"instock","24":"sale","25":"featured","26":"taxable","27":"shipping-taxable","28":"purchasable","29":"product-type-variable"},"acf":[],"_links":{"self":[{"href":"https:\/\/zooprekes24.lt\/lv\/wp-json\/wp\/v2\/product\/32920","targetHints":{"allow":["GET"]}}],"collection":[{"href":"https:\/\/zooprekes24.lt\/lv\/wp-json\/wp\/v2\/product"}],"about":[{"href":"https:\/\/zooprekes24.lt\/lv\/wp-json\/wp\/v2\/types\/product"}],"replies":[{"embeddable":true,"href":"https:\/\/zooprekes24.lt\/lv\/wp-json\/wp\/v2\/comments?post=32920"}],"wp:featuredmedia":[{"embeddable":true,"href":"https:\/\/zooprekes24.lt\/lv\/wp-json\/wp\/v2\/media\/32923"}],"wp:attachment":[{"href":"https:\/\/zooprekes24.lt\/lv\/wp-json\/wp\/v2\/media?parent=32920"}],"wp:term":[{"taxonomy":"product_brand","embeddable":true,"href":"https:\/\/zooprekes24.lt\/lv\/wp-json\/wp\/v2\/product_brand?post=32920"},{"taxonomy":"product_cat","embeddable":true,"href":"https:\/\/zooprekes24.lt\/lv\/wp-json\/wp\/v2\/product_cat?post=32920"},{"taxonomy":"product_tag","embeddable":true,"href":"https:\/\/zooprekes24.lt\/lv\/wp-json\/wp\/v2\/product_tag?post=32920"}],"curies":[{"name":"wp","href":"https:\/\/api.w.org\/{rel}","templated":true}]}}