{"id":32843,"date":"2024-11-28T14:21:37","date_gmt":"2024-11-28T12:21:37","guid":{"rendered":"https:\/\/zooprekes24.lt\/?post_type=product&#038;p=32843"},"modified":"2026-03-02T14:23:33","modified_gmt":"2026-03-02T12:23:33","slug":"monge-bwild-pieaugusajiem-sterilizets-tuncis-ar-darzeniem-begrudis-pastetas-katems","status":"publish","type":"product","link":"https:\/\/zooprekes24.lt\/lv\/produktas\/monge-bwild-adult-sterilised-tuna-with-vegetables-begrudis-pastetas-katems\/","title":{"rendered":"Monge Bwild Adult Steriliz\u0113ts tuncis ar d\u0101rze\u0146iem Bez graudaugu past\u0113te ka\u0137iem"},"content":{"rendered":"","protected":false},"excerpt":{"rendered":"","protected":false},"featured_media":32846,"comment_status":"closed","ping_status":"closed","template":"","meta":{"_acf_changed":false,"slim_seo":{"title":"Monge Bwild Adult Sterilised Tuna with Vegetables begr\u016bdis pa\u0161tetas kat\u0117ms - Zooprekes24","description":""},"iawp_total_views":133},"product_brand":[],"product_cat":[9027,72,83,25,9198,9020],"product_tag":[],"class_list":{"0":"post-32843","1":"product","2":"type-product","3":"status-publish","4":"has-post-thumbnail","6":"product_cat-begrudis-maistas-kaciu-maistas","7":"product_cat-kaciu-maistas","8":"product_cat-kaciu-prekiu-gamintojai","9":"product_cat-katems","10":"product_cat-monge-katems","11":"product_cat-slapias-maistas-kaciu-maistas","12":"pa_pasaro-sudetis-darzoves","13":"pa_pasaro-sudetis-tunas","14":"pa_pasaro-sudetis-zuvis","15":"pa_prekiu-zenklai-monge-bwild","17":"first","18":"instock","19":"taxable","20":"shipping-taxable","21":"purchasable","22":"product-type-variable"},"acf":[],"_links":{"self":[{"href":"https:\/\/zooprekes24.lt\/lv\/wp-json\/wp\/v2\/product\/32843","targetHints":{"allow":["GET"]}}],"collection":[{"href":"https:\/\/zooprekes24.lt\/lv\/wp-json\/wp\/v2\/product"}],"about":[{"href":"https:\/\/zooprekes24.lt\/lv\/wp-json\/wp\/v2\/types\/product"}],"replies":[{"embeddable":true,"href":"https:\/\/zooprekes24.lt\/lv\/wp-json\/wp\/v2\/comments?post=32843"}],"wp:featuredmedia":[{"embeddable":true,"href":"https:\/\/zooprekes24.lt\/lv\/wp-json\/wp\/v2\/media\/32846"}],"wp:attachment":[{"href":"https:\/\/zooprekes24.lt\/lv\/wp-json\/wp\/v2\/media?parent=32843"}],"wp:term":[{"taxonomy":"product_brand","embeddable":true,"href":"https:\/\/zooprekes24.lt\/lv\/wp-json\/wp\/v2\/product_brand?post=32843"},{"taxonomy":"product_cat","embeddable":true,"href":"https:\/\/zooprekes24.lt\/lv\/wp-json\/wp\/v2\/product_cat?post=32843"},{"taxonomy":"product_tag","embeddable":true,"href":"https:\/\/zooprekes24.lt\/lv\/wp-json\/wp\/v2\/product_tag?post=32843"}],"curies":[{"name":"wp","href":"https:\/\/api.w.org\/{rel}","templated":true}]}}