{"id":32788,"date":"2024-11-27T17:56:37","date_gmt":"2024-11-27T15:56:37","guid":{"rendered":"https:\/\/zooprekes24.lt\/?post_type=product&#038;p=32788"},"modified":"2026-03-02T14:24:47","modified_gmt":"2026-03-02T12:24:47","slug":"monge-supreme-pieaugusajiem-sterilizets-tuncis-ar-kvinoju-un-zalajam-pupinam-konservi-catems-drebuciuose","status":"publish","type":"product","link":"https:\/\/zooprekes24.lt\/lv\/produktas\/monge-supreme-adult-sterilised-tuna-with-quinoa-and-green-beans-konservai-katems-drebuciuose\/","title":{"rendered":"Monge Supreme Adult Steriliz\u0113ts tuncis ar kvinoju un za\u013caj\u0101m pupi\u0146\u0101m"},"content":{"rendered":"","protected":false},"excerpt":{"rendered":"","protected":false},"featured_media":32790,"comment_status":"closed","ping_status":"closed","template":"","meta":{"_acf_changed":false,"slim_seo":{"title":"Monge Supreme Adult Sterilised Tuna with Quinoa and Green Beans konservai kat\u0117ms drebu\u010diuose - Zooprekes24","description":""},"iawp_total_views":40},"product_brand":[],"product_cat":[72,83,25,9198,9020],"product_tag":[],"class_list":{"0":"post-32788","1":"product","2":"type-product","3":"status-publish","4":"has-post-thumbnail","6":"product_cat-kaciu-maistas","7":"product_cat-kaciu-prekiu-gamintojai","8":"product_cat-katems","9":"product_cat-monge-katems","10":"product_cat-slapias-maistas-kaciu-maistas","11":"pa_pasaro-sudetis-darzoves","12":"pa_pasaro-sudetis-tunas","13":"pa_pasaro-sudetis-zuvis","14":"pa_prekiu-zenklai-monge-supreme","16":"first","17":"instock","18":"taxable","19":"shipping-taxable","20":"purchasable","21":"product-type-variable"},"acf":[],"_links":{"self":[{"href":"https:\/\/zooprekes24.lt\/lv\/wp-json\/wp\/v2\/product\/32788","targetHints":{"allow":["GET"]}}],"collection":[{"href":"https:\/\/zooprekes24.lt\/lv\/wp-json\/wp\/v2\/product"}],"about":[{"href":"https:\/\/zooprekes24.lt\/lv\/wp-json\/wp\/v2\/types\/product"}],"replies":[{"embeddable":true,"href":"https:\/\/zooprekes24.lt\/lv\/wp-json\/wp\/v2\/comments?post=32788"}],"wp:featuredmedia":[{"embeddable":true,"href":"https:\/\/zooprekes24.lt\/lv\/wp-json\/wp\/v2\/media\/32790"}],"wp:attachment":[{"href":"https:\/\/zooprekes24.lt\/lv\/wp-json\/wp\/v2\/media?parent=32788"}],"wp:term":[{"taxonomy":"product_brand","embeddable":true,"href":"https:\/\/zooprekes24.lt\/lv\/wp-json\/wp\/v2\/product_brand?post=32788"},{"taxonomy":"product_cat","embeddable":true,"href":"https:\/\/zooprekes24.lt\/lv\/wp-json\/wp\/v2\/product_cat?post=32788"},{"taxonomy":"product_tag","embeddable":true,"href":"https:\/\/zooprekes24.lt\/lv\/wp-json\/wp\/v2\/product_tag?post=32788"}],"curies":[{"name":"wp","href":"https:\/\/api.w.org\/{rel}","templated":true}]}}