{"id":32759,"date":"2024-11-27T14:44:39","date_gmt":"2024-11-27T12:44:39","guid":{"rendered":"https:\/\/zooprekes24.lt\/?post_type=product&#038;p=32759"},"modified":"2024-11-28T17:37:09","modified_gmt":"2024-11-28T15:37:09","slug":"monge-grill-pieauguso-sterilizets-multipack-gailis-tela-gala-forele-bez-zurku-baribas-konservu-komplekts-kakiem-drebuciuose","status":"publish","type":"product","link":"https:\/\/zooprekes24.lt\/lv\/produktas\/monge-grill-adult-sterilised-multipack-cockerel-veal-trout-begrudziu-konservu-rinkinys-katems-drebuciuose\/","title":{"rendered":"Monge Grill Adult Sterilised Multipack Cockerel, Veal, Trout - bezgraudu konservu komplekts ka\u0137iem \u017eelej\u0101"},"content":{"rendered":"","protected":false},"excerpt":{"rendered":"","protected":false},"featured_media":32760,"comment_status":"closed","ping_status":"closed","template":"","meta":{"_acf_changed":false,"slim_seo":{"title":"Monge Grill Adult Sterilised Multipack Cockerel, Veal, Trout begr\u016bd\u017ei\u0173 konserv\u0173 rinkinys kat\u0117ms drebu\u010diuose - Zooprekes24","description":""},"iawp_total_views":175},"product_brand":[],"product_cat":[9027,72,83,25,9198,9020],"product_tag":[],"class_list":{"0":"post-32759","1":"product","2":"type-product","3":"status-publish","4":"has-post-thumbnail","6":"product_cat-begrudis-maistas-kaciu-maistas","7":"product_cat-kaciu-maistas","8":"product_cat-kaciu-prekiu-gamintojai","9":"product_cat-katems","10":"product_cat-monge-katems","11":"product_cat-slapias-maistas-kaciu-maistas","12":"pa_pasaro-sudetis-jautiena","13":"pa_pasaro-sudetis-paukstiena","14":"pa_pasaro-sudetis-zuvis","15":"pa_prekiu-zenklai-monge-grill","17":"first","18":"instock","19":"taxable","20":"shipping-taxable","21":"purchasable","22":"product-type-simple"},"acf":[],"_links":{"self":[{"href":"https:\/\/zooprekes24.lt\/lv\/wp-json\/wp\/v2\/product\/32759","targetHints":{"allow":["GET"]}}],"collection":[{"href":"https:\/\/zooprekes24.lt\/lv\/wp-json\/wp\/v2\/product"}],"about":[{"href":"https:\/\/zooprekes24.lt\/lv\/wp-json\/wp\/v2\/types\/product"}],"replies":[{"embeddable":true,"href":"https:\/\/zooprekes24.lt\/lv\/wp-json\/wp\/v2\/comments?post=32759"}],"wp:featuredmedia":[{"embeddable":true,"href":"https:\/\/zooprekes24.lt\/lv\/wp-json\/wp\/v2\/media\/32760"}],"wp:attachment":[{"href":"https:\/\/zooprekes24.lt\/lv\/wp-json\/wp\/v2\/media?parent=32759"}],"wp:term":[{"taxonomy":"product_brand","embeddable":true,"href":"https:\/\/zooprekes24.lt\/lv\/wp-json\/wp\/v2\/product_brand?post=32759"},{"taxonomy":"product_cat","embeddable":true,"href":"https:\/\/zooprekes24.lt\/lv\/wp-json\/wp\/v2\/product_cat?post=32759"},{"taxonomy":"product_tag","embeddable":true,"href":"https:\/\/zooprekes24.lt\/lv\/wp-json\/wp\/v2\/product_tag?post=32759"}],"curies":[{"name":"wp","href":"https:\/\/api.w.org\/{rel}","templated":true}]}}