{"id":32515,"date":"2024-11-21T14:50:39","date_gmt":"2024-11-21T11:50:39","guid":{"rendered":"https:\/\/zooprekes24.lt\/?post_type=product&#038;p=32515"},"modified":"2024-11-28T16:43:54","modified_gmt":"2024-11-28T14:43:54","slug":"monge-monoprotein-pieauguso-titara-un-burkanu-konservi-kakiem-merce","status":"publish","type":"product","link":"https:\/\/zooprekes24.lt\/lv\/produktas\/monge-monoprotein-adult-turkey-carrots-begrudziai-konservai-katems-padaze\/","title":{"rendered":"Monge Monoprotein Adult Turkey &amp; Carrots ka\u0137u konservu bar\u012bba bez graudiem m\u0113rc\u0113"},"content":{"rendered":"","protected":false},"excerpt":{"rendered":"","protected":false},"featured_media":32520,"comment_status":"closed","ping_status":"closed","template":"","meta":{"_acf_changed":false,"slim_seo":{"title":"Monge Monoprotein Adult Turkey & Carrots begr\u016bd\u017eiai konservai kat\u0117ms pada\u017ee - Zooprekes24","description":""},"iawp_total_views":23},"product_brand":[],"product_cat":[9027,72,83,25,9198,9020],"product_tag":[],"class_list":{"0":"post-32515","1":"product","2":"type-product","3":"status-publish","4":"has-post-thumbnail","6":"product_cat-begrudis-maistas-kaciu-maistas","7":"product_cat-kaciu-maistas","8":"product_cat-kaciu-prekiu-gamintojai","9":"product_cat-katems","10":"product_cat-monge-katems","11":"product_cat-slapias-maistas-kaciu-maistas","12":"pa_pasaro-sudetis-darzoves","13":"pa_pasaro-sudetis-kalakutiena","14":"pa_prekiu-zenklai-monge-monoprotein","16":"first","17":"instock","18":"taxable","19":"shipping-taxable","20":"purchasable","21":"product-type-variable"},"acf":[],"_links":{"self":[{"href":"https:\/\/zooprekes24.lt\/lv\/wp-json\/wp\/v2\/product\/32515","targetHints":{"allow":["GET"]}}],"collection":[{"href":"https:\/\/zooprekes24.lt\/lv\/wp-json\/wp\/v2\/product"}],"about":[{"href":"https:\/\/zooprekes24.lt\/lv\/wp-json\/wp\/v2\/types\/product"}],"replies":[{"embeddable":true,"href":"https:\/\/zooprekes24.lt\/lv\/wp-json\/wp\/v2\/comments?post=32515"}],"wp:featuredmedia":[{"embeddable":true,"href":"https:\/\/zooprekes24.lt\/lv\/wp-json\/wp\/v2\/media\/32520"}],"wp:attachment":[{"href":"https:\/\/zooprekes24.lt\/lv\/wp-json\/wp\/v2\/media?parent=32515"}],"wp:term":[{"taxonomy":"product_brand","embeddable":true,"href":"https:\/\/zooprekes24.lt\/lv\/wp-json\/wp\/v2\/product_brand?post=32515"},{"taxonomy":"product_cat","embeddable":true,"href":"https:\/\/zooprekes24.lt\/lv\/wp-json\/wp\/v2\/product_cat?post=32515"},{"taxonomy":"product_tag","embeddable":true,"href":"https:\/\/zooprekes24.lt\/lv\/wp-json\/wp\/v2\/product_tag?post=32515"}],"curies":[{"name":"wp","href":"https:\/\/api.w.org\/{rel}","templated":true}]}}