{"id":32465,"date":"2024-11-20T16:15:12","date_gmt":"2024-11-20T13:15:12","guid":{"rendered":"https:\/\/zooprekes24.lt\/?post_type=product&#038;p=32465"},"modified":"2024-11-20T16:34:17","modified_gmt":"2024-11-20T13:34:17","slug":"monge-delicate-adult-chicken-asparagus-konservai-katems-padaze","status":"publish","type":"product","link":"https:\/\/zooprekes24.lt\/lv\/produktas\/monge-delicate-adult-chicken-asparagus-konservai-katems-padaze\/","title":{"rendered":"Monge Delicate Adult Chicken &amp; Asparagus konservi ka\u0137iem m\u0113rc\u0113"},"content":{"rendered":"","protected":false},"excerpt":{"rendered":"","protected":false},"featured_media":32467,"comment_status":"closed","ping_status":"closed","template":"","meta":{"_acf_changed":false,"slim_seo":{"title":"Monge Delicate Adult Chicken & Asparagus konservai kat\u0117ms pada\u017ee - Zooprekes24","description":""},"iawp_total_views":13},"product_brand":[],"product_cat":[72,83,25,9198,9020],"product_tag":[],"class_list":{"0":"post-32465","1":"product","2":"type-product","3":"status-publish","4":"has-post-thumbnail","6":"product_cat-kaciu-maistas","7":"product_cat-kaciu-prekiu-gamintojai","8":"product_cat-katems","9":"product_cat-monge-katems","10":"product_cat-slapias-maistas-kaciu-maistas","11":"pa_pasaro-sudetis-darzoves","12":"pa_pasaro-sudetis-ryziai","13":"pa_pasaro-sudetis-vistiena","14":"pa_prekiu-zenklai-monge-delicate","16":"first","17":"instock","18":"taxable","19":"shipping-taxable","20":"purchasable","21":"product-type-variable"},"acf":[],"_links":{"self":[{"href":"https:\/\/zooprekes24.lt\/lv\/wp-json\/wp\/v2\/product\/32465","targetHints":{"allow":["GET"]}}],"collection":[{"href":"https:\/\/zooprekes24.lt\/lv\/wp-json\/wp\/v2\/product"}],"about":[{"href":"https:\/\/zooprekes24.lt\/lv\/wp-json\/wp\/v2\/types\/product"}],"replies":[{"embeddable":true,"href":"https:\/\/zooprekes24.lt\/lv\/wp-json\/wp\/v2\/comments?post=32465"}],"wp:featuredmedia":[{"embeddable":true,"href":"https:\/\/zooprekes24.lt\/lv\/wp-json\/wp\/v2\/media\/32467"}],"wp:attachment":[{"href":"https:\/\/zooprekes24.lt\/lv\/wp-json\/wp\/v2\/media?parent=32465"}],"wp:term":[{"taxonomy":"product_brand","embeddable":true,"href":"https:\/\/zooprekes24.lt\/lv\/wp-json\/wp\/v2\/product_brand?post=32465"},{"taxonomy":"product_cat","embeddable":true,"href":"https:\/\/zooprekes24.lt\/lv\/wp-json\/wp\/v2\/product_cat?post=32465"},{"taxonomy":"product_tag","embeddable":true,"href":"https:\/\/zooprekes24.lt\/lv\/wp-json\/wp\/v2\/product_tag?post=32465"}],"curies":[{"name":"wp","href":"https:\/\/api.w.org\/{rel}","templated":true}]}}