{"id":32366,"date":"2024-11-18T14:07:16","date_gmt":"2024-11-18T11:07:16","guid":{"rendered":"https:\/\/zooprekes24.lt\/?post_type=product&#038;p=32366"},"modified":"2026-03-02T14:10:50","modified_gmt":"2026-03-02T12:10:50","slug":"monge-jelly-senior-tuna-anchovies-konservai-katems-drebuciuose","status":"publish","type":"product","link":"https:\/\/zooprekes24.lt\/lv\/produktas\/monge-jelly-senior-tuna-anchovies-konservai-katems-drebuciuose\/","title":{"rendered":"Monge Jelly Senior Tuna &amp; An\u0161ovi konservi ka\u0137iem \u017eelej\u0101"},"content":{"rendered":"","protected":false},"excerpt":{"rendered":"<p class=\"MsoNoSpacing\">Saus\u0101 bar\u012bba ar vistas ga\u013cu gr\u016bsn\u0101m un lakt\u0113jo\u0161\u0101m kuc\u0113m un kuc\u0113niem.<\/p>","protected":false},"featured_media":32369,"comment_status":"closed","ping_status":"closed","template":"","meta":{"_acf_changed":false,"slim_seo":{"title":"Monge Jelly Senior Tuna & Anchovies konservai kat\u0117ms drebu\u010diuose - Zooprekes24","description":"Saus\u0101 bar\u012bba ar vistas ga\u013cu gr\u016bsn\u0101m un lakt\u0113jo\u0161\u0101m kuc\u0113m un kuc\u0113niem."},"iawp_total_views":14},"product_brand":[],"product_cat":[72,83,25,9198,9020],"product_tag":[],"class_list":{"0":"post-32366","1":"product","2":"type-product","3":"status-publish","4":"has-post-thumbnail","6":"product_cat-kaciu-maistas","7":"product_cat-kaciu-prekiu-gamintojai","8":"product_cat-katems","9":"product_cat-monge-katems","10":"product_cat-slapias-maistas-kaciu-maistas","11":"pa_pasaro-sudetis-ryziai","12":"pa_pasaro-sudetis-tunas","13":"pa_pasaro-sudetis-zuvis","14":"pa_prekiu-zenklai-monge-jelly","16":"first","17":"instock","18":"taxable","19":"shipping-taxable","20":"purchasable","21":"product-type-variable"},"acf":[],"_links":{"self":[{"href":"https:\/\/zooprekes24.lt\/lv\/wp-json\/wp\/v2\/product\/32366","targetHints":{"allow":["GET"]}}],"collection":[{"href":"https:\/\/zooprekes24.lt\/lv\/wp-json\/wp\/v2\/product"}],"about":[{"href":"https:\/\/zooprekes24.lt\/lv\/wp-json\/wp\/v2\/types\/product"}],"replies":[{"embeddable":true,"href":"https:\/\/zooprekes24.lt\/lv\/wp-json\/wp\/v2\/comments?post=32366"}],"wp:featuredmedia":[{"embeddable":true,"href":"https:\/\/zooprekes24.lt\/lv\/wp-json\/wp\/v2\/media\/32369"}],"wp:attachment":[{"href":"https:\/\/zooprekes24.lt\/lv\/wp-json\/wp\/v2\/media?parent=32366"}],"wp:term":[{"taxonomy":"product_brand","embeddable":true,"href":"https:\/\/zooprekes24.lt\/lv\/wp-json\/wp\/v2\/product_brand?post=32366"},{"taxonomy":"product_cat","embeddable":true,"href":"https:\/\/zooprekes24.lt\/lv\/wp-json\/wp\/v2\/product_cat?post=32366"},{"taxonomy":"product_tag","embeddable":true,"href":"https:\/\/zooprekes24.lt\/lv\/wp-json\/wp\/v2\/product_tag?post=32366"}],"curies":[{"name":"wp","href":"https:\/\/api.w.org\/{rel}","templated":true}]}}