{"id":31449,"date":"2024-10-16T14:06:36","date_gmt":"2024-10-16T11:06:36","guid":{"rendered":"https:\/\/zooprekes24.lt\/?post_type=product&#038;p=31449"},"modified":"2024-11-06T18:36:29","modified_gmt":"2024-11-06T15:36:29","slug":"monge-grill-pieaugusajiem-chunkies-multipack-jera-gala-cukgala-lasis","status":"publish","type":"product","link":"https:\/\/zooprekes24.lt\/lv\/produktas\/monge-grill-adult-chunkies-multipack-lamb-pork-salmon\/","title":{"rendered":"Monge Grill Adult Chunkies Multipack Lamb, Pork, Salmon past\u0113tes komplekts su\u0146iem"},"content":{"rendered":"","protected":false},"excerpt":{"rendered":"<p class=\"MsoNoSpacing\">Saus\u0101 bar\u012bba ar vistas ga\u013cu gr\u016bsn\u0101m un lakt\u0113jo\u0161\u0101m kuc\u0113m un kuc\u0113niem.<\/p>","protected":false},"featured_media":31451,"comment_status":"closed","ping_status":"closed","template":"","meta":{"_acf_changed":false,"slim_seo":{"title":"Monge Grill Adult Chunkies Multipack Lamb, Pork, Salmon pa\u0161tet\u0173 rinkinys \u0161unims - Zooprekes24","description":"Saus\u0101 bar\u012bba ar vistas ga\u013cu gr\u016bsn\u0101m un lakt\u0113jo\u0161\u0101m kuc\u0113m un kuc\u0113niem."},"iawp_total_views":105},"product_brand":[],"product_cat":[9001,9192,9004,8999,29,31],"product_tag":[],"class_list":{"0":"post-31449","1":"product","2":"type-product","3":"status-publish","4":"has-post-thumbnail","6":"product_cat-begrudis-maistas","7":"product_cat-monge-sunims","8":"product_cat-slapias-maistas","9":"product_cat-sunims","10":"product_cat-sunu-maistas","11":"product_cat-sunu-prekiu-gamintojai","12":"pa_pasaro-sudetis-darzoves","13":"pa_pasaro-sudetis-eriena","14":"pa_pasaro-sudetis-kiauliena","15":"pa_pasaro-sudetis-lasisa","16":"pa_pasaro-sudetis-zuvis","17":"pa_prekiu-zenklai-monge-grill","18":"pa_suns-amzius-suaugusiems","19":"pa_veisles-dydis-didelems-veislems","20":"pa_veisles-dydis-mazoms-veislems","21":"pa_veisles-dydis-vidutinems-veislems","22":"pa_veisles-dydis-visu-dydziu-veislems","24":"first","25":"instock","26":"taxable","27":"shipping-taxable","28":"purchasable","29":"product-type-variable"},"acf":[],"_links":{"self":[{"href":"https:\/\/zooprekes24.lt\/lv\/wp-json\/wp\/v2\/product\/31449","targetHints":{"allow":["GET"]}}],"collection":[{"href":"https:\/\/zooprekes24.lt\/lv\/wp-json\/wp\/v2\/product"}],"about":[{"href":"https:\/\/zooprekes24.lt\/lv\/wp-json\/wp\/v2\/types\/product"}],"replies":[{"embeddable":true,"href":"https:\/\/zooprekes24.lt\/lv\/wp-json\/wp\/v2\/comments?post=31449"}],"wp:featuredmedia":[{"embeddable":true,"href":"https:\/\/zooprekes24.lt\/lv\/wp-json\/wp\/v2\/media\/31451"}],"wp:attachment":[{"href":"https:\/\/zooprekes24.lt\/lv\/wp-json\/wp\/v2\/media?parent=31449"}],"wp:term":[{"taxonomy":"product_brand","embeddable":true,"href":"https:\/\/zooprekes24.lt\/lv\/wp-json\/wp\/v2\/product_brand?post=31449"},{"taxonomy":"product_cat","embeddable":true,"href":"https:\/\/zooprekes24.lt\/lv\/wp-json\/wp\/v2\/product_cat?post=31449"},{"taxonomy":"product_tag","embeddable":true,"href":"https:\/\/zooprekes24.lt\/lv\/wp-json\/wp\/v2\/product_tag?post=31449"}],"curies":[{"name":"wp","href":"https:\/\/api.w.org\/{rel}","templated":true}]}}