{"id":31388,"date":"2024-10-15T17:26:00","date_gmt":"2024-10-15T14:26:00","guid":{"rendered":"https:\/\/zooprekes24.lt\/?post_type=product&#038;p=31388"},"modified":"2024-11-06T18:21:03","modified_gmt":"2024-11-06T15:21:03","slug":"monge-grill-pieaugusajiem-chunkies-vistas-galas-titara-pastetes-sunims","status":"publish","type":"product","link":"https:\/\/zooprekes24.lt\/lv\/produktas\/monge-grill-adult-chunkies-chicken-turkey-pastetas-sunims\/","title":{"rendered":"Monge Grill Adult Chunkies Chicken &amp; Turkey past\u0113te su\u0146iem"},"content":{"rendered":"","protected":false},"excerpt":{"rendered":"<p class=\"MsoNoSpacing\">Saus\u0101 bar\u012bba ar vistas ga\u013cu gr\u016bsn\u0101m un lakt\u0113jo\u0161\u0101m kuc\u0113m un kuc\u0113niem.<\/p>","protected":false},"featured_media":31392,"comment_status":"closed","ping_status":"closed","template":"","meta":{"_acf_changed":false,"slim_seo":{"title":"Monge Grill Adult Chunkies Chicken & Turkey pa\u0161tetas \u0161unims - Zooprekes24","description":"Saus\u0101 bar\u012bba ar vistas ga\u013cu gr\u016bsn\u0101m un lakt\u0113jo\u0161\u0101m kuc\u0113m un kuc\u0113niem."},"iawp_total_views":12},"product_brand":[],"product_cat":[9001,9192,9004,8999,29,31],"product_tag":[],"class_list":{"0":"post-31388","1":"product","2":"type-product","3":"status-publish","4":"has-post-thumbnail","6":"product_cat-begrudis-maistas","7":"product_cat-monge-sunims","8":"product_cat-slapias-maistas","9":"product_cat-sunims","10":"product_cat-sunu-maistas","11":"product_cat-sunu-prekiu-gamintojai","12":"pa_pasaro-sudetis-kalakutiena","13":"pa_pasaro-sudetis-vistiena","14":"pa_prekiu-zenklai-monge-grill","15":"pa_suns-amzius-suaugusiems","16":"pa_veisles-dydis-didelems-veislems","17":"pa_veisles-dydis-mazoms-veislems","18":"pa_veisles-dydis-vidutinems-veislems","19":"pa_veisles-dydis-visu-dydziu-veislems","21":"first","22":"instock","23":"taxable","24":"shipping-taxable","25":"purchasable","26":"product-type-variable"},"acf":[],"_links":{"self":[{"href":"https:\/\/zooprekes24.lt\/lv\/wp-json\/wp\/v2\/product\/31388","targetHints":{"allow":["GET"]}}],"collection":[{"href":"https:\/\/zooprekes24.lt\/lv\/wp-json\/wp\/v2\/product"}],"about":[{"href":"https:\/\/zooprekes24.lt\/lv\/wp-json\/wp\/v2\/types\/product"}],"replies":[{"embeddable":true,"href":"https:\/\/zooprekes24.lt\/lv\/wp-json\/wp\/v2\/comments?post=31388"}],"wp:featuredmedia":[{"embeddable":true,"href":"https:\/\/zooprekes24.lt\/lv\/wp-json\/wp\/v2\/media\/31392"}],"wp:attachment":[{"href":"https:\/\/zooprekes24.lt\/lv\/wp-json\/wp\/v2\/media?parent=31388"}],"wp:term":[{"taxonomy":"product_brand","embeddable":true,"href":"https:\/\/zooprekes24.lt\/lv\/wp-json\/wp\/v2\/product_brand?post=31388"},{"taxonomy":"product_cat","embeddable":true,"href":"https:\/\/zooprekes24.lt\/lv\/wp-json\/wp\/v2\/product_cat?post=31388"},{"taxonomy":"product_tag","embeddable":true,"href":"https:\/\/zooprekes24.lt\/lv\/wp-json\/wp\/v2\/product_tag?post=31388"}],"curies":[{"name":"wp","href":"https:\/\/api.w.org\/{rel}","templated":true}]}}