{"id":30984,"date":"2024-10-03T13:30:07","date_gmt":"2024-10-03T10:30:07","guid":{"rendered":"https:\/\/zooprekes24.lt\/?post_type=product&#038;p=30984"},"modified":"2024-10-09T18:19:54","modified_gmt":"2024-10-09T15:19:54","slug":"cats-best-sensitive-kaku-pakaisi-8l","status":"publish","type":"product","link":"https:\/\/zooprekes24.lt\/lv\/produktas\/cats-best-sensitive-kraikas-katems-8l\/","title":{"rendered":"Cats Best Sensitive ka\u0137u pakai\u0161i 8L"},"content":{"rendered":"<h3>Cats Best Sensitive ir augstas kvalit\u0101tes dab\u012bgs ka\u0137u pakai\u0161s jut\u012bgiem ka\u0137iem, kas lieto\u0161anas laik\u0101 salipst kop\u0101. Tas ir \u013coti ekonomisks un kalpo ilgu laiku. P\u0113c tam, kad j\u016bsu m\u012blulis ir izmantojis tualeti, jums atliek tikai iz\u0146emt mitros pakai\u0161us un cietos izk\u0101rn\u012bjumus, un tualete atkal ir t\u012bra. Nr. 1 organiskie pakai\u0161i Eirop\u0101.<\/h3>\n<ul style=\"font-weight: 400;\">\n<li>\u0160ok\u0113jo\u0161i.<\/li>\n<li>Piem\u0113rots jut\u012bgiem ka\u0137iem.<\/li>\n<li><span>Smalkie graudi\u0146i padara to \u012bpa\u0161i saudz\u012bgu pret \u0137ep\u0101m.<\/span><\/li>\n<li>Lieliska mitruma absorbcija un smakas blo\u0137\u0113\u0161ana.<\/li>\n<li>Biolo\u0123iski no\u0101rd\u0101s un ir dro\u0161i izskalojami tualet\u0113.<\/li>\n<li>Piln\u012bb\u0101 ilgtsp\u0113j\u012bgs:\u00a0<a href=\"https:\/\/www.catsbest.eu\/\">Ka\u0137i Best<\/a>\u00a0izgatavoti no PEFC sertific\u0113tiem resursiem.<\/li>\n<li>Var kompost\u0113t, jo tas ir 100% biolo\u0123iski no\u0101rd\u0101ms.<\/li>\n<li>To var atst\u0101t pakai\u0161u kast\u012bt\u0113 l\u012bdz 5 ned\u0113\u013c\u0101m, pirms t\u0101 piln\u012bb\u0101 j\u0101nomaina.<\/li>\n<li><a href=\"https:\/\/zooprekes24.lt\/lv\/kategorija\/prekes-katems\/higienas-un-tirisanas-lidzekli-kakiem\/kraikas-katems\/\">Craik<\/a>\u00a0ir pat\u012bkams, dab\u012bgs arom\u0101ts - izgatavots no p\u0101rstr\u0101d\u0101t\u0101m koksnes izejviel\u0101m, bez \u0137\u012bmisk\u0101m piedev\u0101m.<\/li>\n<li>L\u012bdz 3 reiz\u0113m lab\u0101ka mitruma absorbcija nek\u0101 parastaj\u0101 pakai\u0161\u0101: Cats Best Original izmanto tehnolo\u0123iski modernu akt\u012bvo koksnes \u0161\u0137iedru. Izmantojot JRS organisko \u0161\u0137iedru procesu, t\u0101s \u0101rk\u0101rt\u012bgi \u0101tri uzs\u016bc \u0161\u0137idrumu un past\u0101v\u012bgi aiztur nepat\u012bkamas smakas - ide\u0101la dabiska aizsardz\u012bba pret iek\u013c\u016b\u0161anu.<\/li>\n<\/ul>","protected":false},"excerpt":{"rendered":"<p>Cats Best Sensitive &#8211; auk\u0161tos kokyb\u0117s nat\u016bralus kraikas jautrioms kat\u0117ms, kuris panaudotas su\u0161oka \u012f grumstelius. Ypa\u010d ekonomi\u0161kas, tad jo pakaks tikrai ilgam. Augintiniui pasinaudojus tualetu Jums tereik\u0117s pa\u0161alinti nuo dr\u0117gm\u0117s su\u0161okus\u012f kraik\u0105 bei kietas i\u0161matas ir tualetas v\u0117l bus \u0161varus. Nr. 1 organinis kraikas Europoje. Su\u0161okantis. Pritaikytas jautrioms kat\u0117ms. D\u0117l smulki\u0173 gr\u016bdeli\u0173 yra ypa\u010d \u0161velnus&#8230;<\/p>","protected":false},"featured_media":30986,"comment_status":"closed","ping_status":"closed","template":"","meta":{"_acf_changed":false,"slim_seo":{"title":"Cats Best Sensitive kraikas kat\u0117ms 8L - Zooprekes24","description":"Cats Best Sensitive ir augstas kvalit\u0101tes dab\u012bgs ka\u0137u pakai\u0161s jut\u012bgiem ka\u0137iem, kas lieto\u0161anas laik\u0101 salipst kop\u0101. Tas ir \u013coti ekonomisks un kalpo ilgu laiku. A"},"iawp_total_views":74},"product_brand":[],"product_cat":[9008,78,83,25,9009],"product_tag":[1873],"class_list":{"0":"post-30984","1":"product","2":"type-product","3":"status-publish","4":"has-post-thumbnail","6":"product_cat-cats-best","7":"product_cat-higiena-ir-prieziura-katems","8":"product_cat-kaciu-prekiu-gamintojai","9":"product_cat-katems","10":"product_cat-kraikas","11":"product_tag-cats-best-okoplus-kraikas","12":"pa_kraiko-rusis-medzio-drozles","13":"pa_prekiu-zenklai-cats-best","15":"first","16":"instock","17":"featured","18":"taxable","19":"shipping-taxable","20":"purchasable","21":"product-type-simple"},"acf":[],"_links":{"self":[{"href":"https:\/\/zooprekes24.lt\/lv\/wp-json\/wp\/v2\/product\/30984","targetHints":{"allow":["GET"]}}],"collection":[{"href":"https:\/\/zooprekes24.lt\/lv\/wp-json\/wp\/v2\/product"}],"about":[{"href":"https:\/\/zooprekes24.lt\/lv\/wp-json\/wp\/v2\/types\/product"}],"replies":[{"embeddable":true,"href":"https:\/\/zooprekes24.lt\/lv\/wp-json\/wp\/v2\/comments?post=30984"}],"wp:featuredmedia":[{"embeddable":true,"href":"https:\/\/zooprekes24.lt\/lv\/wp-json\/wp\/v2\/media\/30986"}],"wp:attachment":[{"href":"https:\/\/zooprekes24.lt\/lv\/wp-json\/wp\/v2\/media?parent=30984"}],"wp:term":[{"taxonomy":"product_brand","embeddable":true,"href":"https:\/\/zooprekes24.lt\/lv\/wp-json\/wp\/v2\/product_brand?post=30984"},{"taxonomy":"product_cat","embeddable":true,"href":"https:\/\/zooprekes24.lt\/lv\/wp-json\/wp\/v2\/product_cat?post=30984"},{"taxonomy":"product_tag","embeddable":true,"href":"https:\/\/zooprekes24.lt\/lv\/wp-json\/wp\/v2\/product_tag?post=30984"}],"curies":[{"name":"wp","href":"https:\/\/api.w.org\/{rel}","templated":true}]}}