{"id":30832,"date":"2024-10-01T14:22:39","date_gmt":"2024-10-01T11:22:39","guid":{"rendered":"https:\/\/zooprekes24.lt\/?post_type=product&#038;p=30832"},"modified":"2024-10-02T14:54:52","modified_gmt":"2024-10-02T11:54:52","slug":"monge-bwild-kakens-zoss","status":"publish","type":"product","link":"https:\/\/zooprekes24.lt\/lv\/produktas\/monge-bwild-kitten-goose\/","title":{"rendered":"Monge BWild Kitten Goose saus\u0101 bar\u012bba ka\u0137\u0113niem 1,5 kg"},"content":{"rendered":"<h3 class=\"MsoNoSpacing\">Monge BWild Ka\u0137\u0113ns Goose - <span>pilnv\u0113rt\u012bga saus\u0101 bar\u012bba ka\u0137\u0113niem no at\u0161\u0137ir\u0161anas. <\/span>l\u012bdz 1 gada vecumam. Piel\u0101gots no <span>gr\u016bsn\u0101m un\/vai lakt\u0113jo\u0161\u0101m ka\u0137en\u0113m. <\/span><span style=\"font-family: var(--h1-font-family); font-style: var(--h1-font-style); letter-spacing: 0em; text-transform: var(--h1-text-transform);\">Ga\u013ca ir katra Monge BWild \u0113diena galven\u0101 sast\u0101vda\u013ca un olbaltumvielu avots.<\/span><\/h3>\n<ul>\n<li>Ra\u017eots It\u0101lij\u0101.<\/li>\n<li>Nav pievienotu kr\u0101svielu vai m\u0101ksl\u012bgo konservantu.<\/li>\n<li>L\u012bdzsvarota kalcija\/fosfora attiec\u012bba nodro\u0161ina ka\u0137\u0113na labu aug\u0161anu un att\u012bst\u012bbu.<\/li>\n<li>Pirm\u0101 sast\u0101vda\u013ca ir zoss. Bar\u012bbas recepti raksturo t\u0101s sagremojam\u012bba un gar\u0161a, pateicoties ga\u013cas svaigumam.<\/li>\n<li>Omega 3 un Omega 6 tauksk\u0101bes (la\u0161a e\u013c\u013ca) nodro\u0161ina j\u016bsu m\u012blu\u013ca \u0101das un ka\u017eoka vesel\u012bbu.<\/li>\n<li>Recepte ir bag\u0101tin\u0101ta ar XOS (ksil\u0101na oligosahar\u012bdiem) un MOS (mann\u0101na oligosahar\u012bdiem) - prebiotik\u0101m, kas stimul\u0113 gremo\u0161anu.<\/li>\n<li>\u012apa\u0161i izstr\u0101d\u0101ts ka\u0137u vesel\u012bbai, izmantojot augst\u0101k\u0101s kvalit\u0101tes uzturvielas un p\u0101rbaud\u012bts, izmantojot It\u0101lij\u0101 veikto testu.<\/li>\n<\/ul>","protected":false},"excerpt":{"rendered":"<p class=\"MsoNoSpacing\">Saus\u0101 bar\u012bba ar vistas ga\u013cu gr\u016bsn\u0101m un lakt\u0113jo\u0161\u0101m kuc\u0113m un kuc\u0113niem.<\/p>","protected":false},"featured_media":30833,"comment_status":"closed","ping_status":"closed","template":"","meta":{"_acf_changed":false,"slim_seo":{"title":"Monge BWild Kitten Goose sausas maistas ka\u010diukams 1.5 kg - Zooprekes24","description":"Saus\u0101 bar\u012bba ar vistas ga\u013cu gr\u016bsn\u0101m un lakt\u0113jo\u0161\u0101m kuc\u0113m un kuc\u0113niem."},"iawp_total_views":90},"product_brand":[],"product_cat":[72,83,25,9198,9016],"product_tag":[],"class_list":{"0":"post-30832","1":"product","2":"type-product","3":"status-publish","4":"has-post-thumbnail","6":"product_cat-kaciu-maistas","7":"product_cat-kaciu-prekiu-gamintojai","8":"product_cat-katems","9":"product_cat-monge-katems","10":"product_cat-sausas-maistas-kaciu-maistas","11":"pa_pasaro-sudetis-zasiena","12":"pa_prekiu-zenklai-monge-bwild","14":"first","15":"instock","16":"taxable","17":"shipping-taxable","18":"purchasable","19":"product-type-simple"},"acf":[],"_links":{"self":[{"href":"https:\/\/zooprekes24.lt\/lv\/wp-json\/wp\/v2\/product\/30832","targetHints":{"allow":["GET"]}}],"collection":[{"href":"https:\/\/zooprekes24.lt\/lv\/wp-json\/wp\/v2\/product"}],"about":[{"href":"https:\/\/zooprekes24.lt\/lv\/wp-json\/wp\/v2\/types\/product"}],"replies":[{"embeddable":true,"href":"https:\/\/zooprekes24.lt\/lv\/wp-json\/wp\/v2\/comments?post=30832"}],"wp:featuredmedia":[{"embeddable":true,"href":"https:\/\/zooprekes24.lt\/lv\/wp-json\/wp\/v2\/media\/30833"}],"wp:attachment":[{"href":"https:\/\/zooprekes24.lt\/lv\/wp-json\/wp\/v2\/media?parent=30832"}],"wp:term":[{"taxonomy":"product_brand","embeddable":true,"href":"https:\/\/zooprekes24.lt\/lv\/wp-json\/wp\/v2\/product_brand?post=30832"},{"taxonomy":"product_cat","embeddable":true,"href":"https:\/\/zooprekes24.lt\/lv\/wp-json\/wp\/v2\/product_cat?post=30832"},{"taxonomy":"product_tag","embeddable":true,"href":"https:\/\/zooprekes24.lt\/lv\/wp-json\/wp\/v2\/product_tag?post=30832"}],"curies":[{"name":"wp","href":"https:\/\/api.w.org\/{rel}","templated":true}]}}