{"id":30792,"date":"2024-09-30T16:04:28","date_gmt":"2024-09-30T13:04:28","guid":{"rendered":"https:\/\/zooprekes24.lt\/?post_type=product&#038;p=30792"},"modified":"2024-10-09T13:21:23","modified_gmt":"2024-10-09T10:21:23","slug":"monge-natural-superpremium-sterilizeta-pile","status":"publish","type":"product","link":"https:\/\/zooprekes24.lt\/lv\/produktas\/monge-natural-superpremium-sterilised-duck\/","title":{"rendered":"Monge Natural Natural Superpremium steriliz\u0113ta p\u012b\u013cu saus\u0101 ka\u0137u bar\u012bba"},"content":{"rendered":"<h3 class=\"MsoNoSpacing\">Monge Natural Superpremium Sterilised Duck ir pilnv\u0113rt\u012bga saus\u0101 bar\u012bba pieaugu\u0161iem steriliz\u0113tiem ka\u0137iem no 1 gada vecuma. Katras Monge Natural Superpremium bar\u012bbas galven\u0101 sast\u0101vda\u013ca un olbaltumvielu avots ir ga\u013ca.<\/h3>\n<ul>\n<li>Ra\u017eots It\u0101lij\u0101.<\/li>\n<li>Nav pievienotu kr\u0101svielu vai m\u0101ksl\u012bgo konservantu.<\/li>\n<li>Pirm\u0101 sast\u0101vda\u013ca ir p\u012ble. Bar\u012bbas recepti raksturo t\u0101s sagremojam\u012bba un gar\u0161a, pateicoties svaigai ga\u013cai.<\/li>\n<li>Omega 3 un Omega 6 tauksk\u0101bes (la\u0161a e\u013c\u013ca) nodro\u0161ina j\u016bsu m\u012blu\u013ca \u0101das un ka\u017eoka vesel\u012bbu.<\/li>\n<li>Recepte ir bag\u0101tin\u0101ta ar XOS (ksil\u0101na oligosahar\u012bdiem) un MOS (mann\u0101na oligosahar\u012bdiem) - prebiotik\u0101m, kas stimul\u0113 gremo\u0161anu.<\/li>\n<li>\u012apa\u0161i izstr\u0101d\u0101ts ka\u0137u vesel\u012bbai, izmantojot augst\u0101k\u0101s kvalit\u0101tes uzturvielas un p\u0101rbaud\u012bts, izmantojot It\u0101lij\u0101 veikto testu.<\/li>\n<\/ul>","protected":false},"excerpt":{"rendered":"<p class=\"MsoNoSpacing\">Saus\u0101 bar\u012bba ar vistas ga\u013cu gr\u016bsn\u0101m un lakt\u0113jo\u0161\u0101m kuc\u0113m un kuc\u0113niem.<\/p>","protected":false},"featured_media":30795,"comment_status":"closed","ping_status":"closed","template":"","meta":{"_acf_changed":false,"slim_seo":{"title":"Monge Natural Superpremium Sterilised Duck sausas maistas kat\u0117ms - Zooprekes24","description":"Saus\u0101 bar\u012bba ar vistas ga\u013cu gr\u016bsn\u0101m un lakt\u0113jo\u0161\u0101m kuc\u0113m un kuc\u0113niem."},"iawp_total_views":172},"product_brand":[],"product_cat":[72,83,25,9198,9016],"product_tag":[],"class_list":{"0":"post-30792","1":"product","2":"type-product","3":"status-publish","4":"has-post-thumbnail","6":"product_cat-kaciu-maistas","7":"product_cat-kaciu-prekiu-gamintojai","8":"product_cat-katems","9":"product_cat-monge-katems","10":"product_cat-sausas-maistas-kaciu-maistas","11":"pa_pasaro-sudetis-antiena","12":"pa_prekiu-zenklai-monge-natural-superpremium","14":"first","15":"instock","16":"taxable","17":"shipping-taxable","18":"purchasable","19":"product-type-variable"},"acf":[],"_links":{"self":[{"href":"https:\/\/zooprekes24.lt\/lv\/wp-json\/wp\/v2\/product\/30792","targetHints":{"allow":["GET"]}}],"collection":[{"href":"https:\/\/zooprekes24.lt\/lv\/wp-json\/wp\/v2\/product"}],"about":[{"href":"https:\/\/zooprekes24.lt\/lv\/wp-json\/wp\/v2\/types\/product"}],"replies":[{"embeddable":true,"href":"https:\/\/zooprekes24.lt\/lv\/wp-json\/wp\/v2\/comments?post=30792"}],"wp:featuredmedia":[{"embeddable":true,"href":"https:\/\/zooprekes24.lt\/lv\/wp-json\/wp\/v2\/media\/30795"}],"wp:attachment":[{"href":"https:\/\/zooprekes24.lt\/lv\/wp-json\/wp\/v2\/media?parent=30792"}],"wp:term":[{"taxonomy":"product_brand","embeddable":true,"href":"https:\/\/zooprekes24.lt\/lv\/wp-json\/wp\/v2\/product_brand?post=30792"},{"taxonomy":"product_cat","embeddable":true,"href":"https:\/\/zooprekes24.lt\/lv\/wp-json\/wp\/v2\/product_cat?post=30792"},{"taxonomy":"product_tag","embeddable":true,"href":"https:\/\/zooprekes24.lt\/lv\/wp-json\/wp\/v2\/product_tag?post=30792"}],"curies":[{"name":"wp","href":"https:\/\/api.w.org\/{rel}","templated":true}]}}