{"id":30553,"date":"2024-09-24T14:22:55","date_gmt":"2024-09-24T11:22:55","guid":{"rendered":"https:\/\/zooprekes24.lt\/?post_type=product&#038;p=30553"},"modified":"2026-03-31T14:54:19","modified_gmt":"2026-03-31T12:54:19","slug":"orijen-pieauguso-lielo-skirnu-sausa-bariba-suniem","status":"publish","type":"product","link":"https:\/\/zooprekes24.lt\/lv\/produktas\/orijen-adult-large-breed-sausas-maistas-sunims\/","title":{"rendered":"Orijen Adult Large Breed saus\u0101 bar\u012bba su\u0146iem 11,4 kg"},"content":{"rendered":"<h3>Orijen Adult Large Breed satur svaigu, sprostos neaudz\u0113tu vistas un t\u012btara ga\u013cu un savva\u013cas zivis. Viss tiek pieg\u0101d\u0101ts svaigs <a href=\"https:\/\/www.acanapetfoods.co.uk\/about-acana\/biologically-appropriate\/wholeprey-meat-ratios\/\" target=\"_blank\" rel=\"noopener noreferrer\">WholePrey\u2122<\/a> j\u0113dziens (kop\u0113j\u0101 laup\u012bjuma).<\/h3>\n<div class=\"food-feature\">\n<div class=\"food-feature\">\n<ul>\n<li><span>85 % dz\u012bvnieku izcelsmes sast\u0101vda\u013cu un 15 % d\u0101rze\u0146u, aug\u013cu un gar\u0161augu.<\/span><\/li>\n<li>Ra\u017eots Kan\u0101d\u0101 no sast\u0101vda\u013c\u0101m no visas pasaules.<\/li>\n<li>Lielo \u0161\u0137ir\u0146u su\u0146u gremo\u0161anas vesel\u012bbu veicina probiotikas un \u0161\u0137iedrvielu mais\u012bjums.<\/li>\n<li>Pal\u012bdz uztur\u0113t \u0101das un ka\u017eoka vesel\u012bbu, pateicoties Omega-3 tauksk\u0101b\u0113m no savva\u013cas ziv\u012bm un Omega-6 tauksk\u0101b\u0113m no m\u0101jputnu ga\u013cas.<\/li>\n<li>Pal\u012bdz uztur\u0113t lielo \u0161\u0137ir\u0146u su\u0146u loc\u012btavu vesel\u012bbu, pateicoties omega 3 tauksk\u0101b\u0113m, kas dabiski ieg\u016btas no savva\u013cas si\u013c\u0137\u0113m un la\u0161iem, un kalcijam no m\u0101jputnu ga\u013cas.<\/li>\n<li>Autentiskaj\u0101 WholePrey di\u0113t\u0101 tiek izmantotas barojo\u0161\u0101k\u0101s med\u012bjuma da\u013cas, piem\u0113ram, m\u0101jputnu ga\u013ca vai zivis, un org\u0101ni, lai atdarin\u0101tu to, ko j\u016bsu su\u0146a sen\u010di \u0113da savva\u013c\u0101.<\/li>\n<\/ul>\n<\/div>\n<\/div>","protected":false},"excerpt":{"rendered":"<p>Orijen Adult Large Breed satur svaigu, sprostos neaudz\u0113tu vistas un t\u012btara ga\u013cu un savva\u013cas zivis. Viss tiek pieg\u0101d\u0101ts svaigs, izmantojot WholePrey\u2122 koncepciju. 85 % dz\u012bvnieku izcelsmes sast\u0101vda\u013cu un 15 % d\u0101rze\u0146u, aug\u013cu un gar\u0161augu. Ra\u017eots Kan\u0101d\u0101, izmantojot sast\u0101vda\u013cas no visas pasaules. Lielo \u0161\u0137ir\u0146u su\u0146u gremo\u0161anas vesel\u012bbu veicina probiotikas un \u0161\u0137iedrvielu mais\u012bjums. Pal\u012bdz...<\/p>","protected":false},"featured_media":30560,"comment_status":"closed","ping_status":"closed","template":"","meta":{"_acf_changed":false,"slim_seo":{"title":"Orijen Adult Large Breed sausas maistas \u0161unims 11.4 kg - Zooprekes24","description":"Orijen Adult Large Breed satur svaigu, sprostos neaudz\u0113tu vistas un t\u012btara ga\u013cu un savva\u013cas zivis. Viss tiek pieg\u0101d\u0101ts svaigs saska\u0146\u0101 ar WholePr"},"iawp_total_views":261},"product_brand":[],"product_cat":[9001,9011,9002,8999,29,31],"product_tag":[175,176,177,260,200],"class_list":{"0":"post-30553","1":"product","2":"type-product","3":"status-publish","4":"has-post-thumbnail","6":"product_cat-begrudis-maistas","7":"product_cat-orijen","8":"product_cat-sausas-maistas","9":"product_cat-sunims","10":"product_cat-sunu-maistas","11":"product_cat-sunu-prekiu-gamintojai","12":"product_tag-begrudis-maistas-sunims","13":"product_tag-begrudis-sunu-maistas","14":"product_tag-edalas-sunims","15":"product_tag-maistas-alergiskiems-sunims","16":"product_tag-super-premium-maistas-sunims","17":"pa_pasaro-sudetis-darzoves","18":"pa_pasaro-sudetis-kalakutiena","19":"pa_pasaro-sudetis-lasisa","20":"pa_pasaro-sudetis-sirdys","21":"pa_pasaro-sudetis-uogos","22":"pa_pasaro-sudetis-vaisiai","23":"pa_pasaro-sudetis-vistiena","24":"pa_pasaro-sudetis-zuvis","25":"pa_prekiu-zenklai-orijen","26":"pa_suns-amzius-suaugusiems","27":"pa_veisles-dydis-didelems-veislems","29":"first","30":"instock","31":"featured","32":"taxable","33":"shipping-taxable","34":"purchasable","35":"product-type-simple"},"acf":[],"_links":{"self":[{"href":"https:\/\/zooprekes24.lt\/lv\/wp-json\/wp\/v2\/product\/30553","targetHints":{"allow":["GET"]}}],"collection":[{"href":"https:\/\/zooprekes24.lt\/lv\/wp-json\/wp\/v2\/product"}],"about":[{"href":"https:\/\/zooprekes24.lt\/lv\/wp-json\/wp\/v2\/types\/product"}],"replies":[{"embeddable":true,"href":"https:\/\/zooprekes24.lt\/lv\/wp-json\/wp\/v2\/comments?post=30553"}],"wp:featuredmedia":[{"embeddable":true,"href":"https:\/\/zooprekes24.lt\/lv\/wp-json\/wp\/v2\/media\/30560"}],"wp:attachment":[{"href":"https:\/\/zooprekes24.lt\/lv\/wp-json\/wp\/v2\/media?parent=30553"}],"wp:term":[{"taxonomy":"product_brand","embeddable":true,"href":"https:\/\/zooprekes24.lt\/lv\/wp-json\/wp\/v2\/product_brand?post=30553"},{"taxonomy":"product_cat","embeddable":true,"href":"https:\/\/zooprekes24.lt\/lv\/wp-json\/wp\/v2\/product_cat?post=30553"},{"taxonomy":"product_tag","embeddable":true,"href":"https:\/\/zooprekes24.lt\/lv\/wp-json\/wp\/v2\/product_tag?post=30553"}],"curies":[{"name":"wp","href":"https:\/\/api.w.org\/{rel}","templated":true}]}}