{"id":30431,"date":"2024-09-18T13:23:32","date_gmt":"2024-09-18T10:23:32","guid":{"rendered":"https:\/\/zooprekes24.lt\/?post_type=product&#038;p=30431"},"modified":"2025-06-19T13:23:46","modified_gmt":"2025-06-19T11:23:46","slug":"monge-natural-superpremium-visu-skirnu-foreles-pieaugusajiem-risu-kartupeli","status":"publish","type":"product","link":"https:\/\/zooprekes24.lt\/lv\/produktas\/monge-natural-superpremium-all-breeds-adult-trout-rice-potatoes\/","title":{"rendered":"Monge Natural Superpremium All Breeds Adult fore\u013cu, r\u012bsu un kartupe\u013cu saus\u0101 bar\u012bba su\u0146iem"},"content":{"rendered":"<h3 class=\"MsoNoSpacing\">Monge Natural Superpremium All Breeds Adult Trout Rice &amp; Potatoes ir pilnv\u0113rt\u012bga saus\u0101 bar\u012bba visu \u0161\u0137ir\u0146u un izm\u0113ru pieaugu\u0161iem su\u0146iem no 1 gada vecuma. Ga\u013ca ir katra Monge Natural Superpremium bar\u012bbas galven\u0101 sast\u0101vda\u013ca un olbaltumvielu avots. Turkl\u0101t produktos ir samazin\u0101ts graudu saturs un tajos nav sojas.<\/h3>\n<ul>\n<li>Ra\u017eots It\u0101lij\u0101.<\/li>\n<li>Nav pievienotu kr\u0101svielu vai m\u0101ksl\u012bgo konservantu.<\/li>\n<li>Pirm\u0101 sast\u0101vda\u013ca ir forele. Bar\u012bbas receptei piem\u012bt svaigu zivju sagremojam\u012bba un gar\u0161a.<\/li>\n<li>Recept\u016bra ir papildin\u0101ta ar jaun\u0101s paaudzes XOS (ksilolligosahar\u012bdiem), kas ir prebioti\u0137i, kuri veicina zarnu vesel\u012bbu.<\/li>\n<li>\u012apa\u0161i izstr\u0101d\u0101ta j\u016bsu su\u0146a vesel\u012bbai, izmantojot augst\u0101k\u0101s kvalit\u0101tes uzturvielas un p\u0101rbaud\u012bta, izmantojot It\u0101lij\u0101 veikto testu.<\/li>\n<li><span>Satur ar\u012b glikozam\u012bna un hondroit\u012bna sulf\u0101tu, kas veicina loc\u012btavu att\u012bst\u012bbu, savuk\u0101rt l\u012bdzsvarota kalcija un fosfora attiec\u012bba nodro\u0161ina pareizu kaulu un loc\u012btavu vesel\u012bbu.<\/span><\/li>\n<\/ul>","protected":false},"excerpt":{"rendered":"<p class=\"MsoNoSpacing\">Saus\u0101 bar\u012bba ar vistas ga\u013cu gr\u016bsn\u0101m un lakt\u0113jo\u0161\u0101m kuc\u0113m un kuc\u0113niem.<\/p>","protected":false},"featured_media":30434,"comment_status":"closed","ping_status":"closed","template":"","meta":{"_acf_changed":false,"slim_seo":{"title":"Monge Natural Superpremium All Breeds Adult Trout, Rice & Potatoes sausas maistas \u0161unims - Zooprekes24","description":"Saus\u0101 bar\u012bba ar vistas ga\u013cu gr\u016bsn\u0101m un lakt\u0113jo\u0161\u0101m kuc\u0113m un kuc\u0113niem."},"iawp_total_views":43},"product_brand":[],"product_cat":[9192,9002,8999,29,31],"product_tag":[],"class_list":{"0":"post-30431","1":"product","2":"type-product","3":"status-publish","4":"has-post-thumbnail","6":"product_cat-monge-sunims","7":"product_cat-sausas-maistas","8":"product_cat-sunims","9":"product_cat-sunu-maistas","10":"product_cat-sunu-prekiu-gamintojai","11":"pa_pasaro-sudetis-bulves","12":"pa_pasaro-sudetis-ryziai","13":"pa_pasaro-sudetis-zuvis","14":"pa_prekiu-zenklai-monge-natural-superpremium","15":"pa_suns-amzius-suaugusiems","16":"pa_veisles-dydis-didelems-veislems","17":"pa_veisles-dydis-mazoms-veislems","18":"pa_veisles-dydis-vidutinems-veislems","19":"pa_veisles-dydis-visu-dydziu-veislems","21":"first","22":"instock","23":"taxable","24":"shipping-taxable","25":"purchasable","26":"product-type-variable"},"acf":[],"_links":{"self":[{"href":"https:\/\/zooprekes24.lt\/lv\/wp-json\/wp\/v2\/product\/30431","targetHints":{"allow":["GET"]}}],"collection":[{"href":"https:\/\/zooprekes24.lt\/lv\/wp-json\/wp\/v2\/product"}],"about":[{"href":"https:\/\/zooprekes24.lt\/lv\/wp-json\/wp\/v2\/types\/product"}],"replies":[{"embeddable":true,"href":"https:\/\/zooprekes24.lt\/lv\/wp-json\/wp\/v2\/comments?post=30431"}],"wp:featuredmedia":[{"embeddable":true,"href":"https:\/\/zooprekes24.lt\/lv\/wp-json\/wp\/v2\/media\/30434"}],"wp:attachment":[{"href":"https:\/\/zooprekes24.lt\/lv\/wp-json\/wp\/v2\/media?parent=30431"}],"wp:term":[{"taxonomy":"product_brand","embeddable":true,"href":"https:\/\/zooprekes24.lt\/lv\/wp-json\/wp\/v2\/product_brand?post=30431"},{"taxonomy":"product_cat","embeddable":true,"href":"https:\/\/zooprekes24.lt\/lv\/wp-json\/wp\/v2\/product_cat?post=30431"},{"taxonomy":"product_tag","embeddable":true,"href":"https:\/\/zooprekes24.lt\/lv\/wp-json\/wp\/v2\/product_tag?post=30431"}],"curies":[{"name":"wp","href":"https:\/\/api.w.org\/{rel}","templated":true}]}}