{"id":30321,"date":"2024-09-17T12:42:38","date_gmt":"2024-09-17T09:42:38","guid":{"rendered":"https:\/\/zooprekes24.lt\/?post_type=product&#038;p=30321"},"modified":"2025-06-18T17:01:04","modified_gmt":"2025-06-18T15:01:04","slug":"monge-natural-superpremium-maxi-puppy-junior-chicken","status":"publish","type":"product","link":"https:\/\/zooprekes24.lt\/lv\/produktas\/monge-natural-superpremium-maxi-puppy-junior-chicken\/","title":{"rendered":"Monge Natural Superpremium Maxi Puppy &#038; Junior Chicken sausas maistas \u0161uniukams"},"content":{"rendered":"<h3 class=\"MsoNoSpacing\">Monge Natural Superpremium Maxi Puppy &amp; Junior Chicken - v<span>pilnv\u0113rt\u012bga saus\u0101 p\u0101rtika lielos gabalos (<span style=\"color: #1c1b1b; font-family: var(--h1-font-family); font-size: 20px; font-style: var(--h1-font-style); letter-spacing: 0em; text-transform: var(--h1-text-transform);\">32 - 80 kg<\/span><\/span><span>) kuc\u0113niem un jauniem su\u0146iem l\u012bdz 1,5 l\u012bdz 2 gadu vecumam. <\/span>Ga\u013ca ir katra Monge Natural Superpremium bar\u012bbas galven\u0101 sast\u0101vda\u013ca un olbaltumvielu avots. Turkl\u0101t produktos nav graudu un sojas.<\/h3>\n<ul>\n<li>Ra\u017eots It\u0101lij\u0101.<\/li>\n<li>Nav pievienotu kr\u0101svielu vai m\u0101ksl\u012bgo konservantu.<\/li>\n<li>Pirm\u0101 sast\u0101vda\u013ca ir vistas ga\u013ca. Bar\u012bbas recepti raksturo t\u0101s sagremojam\u012bba un gar\u0161a, pateicoties ga\u013cas svaigumam.<\/li>\n<li>Recept\u016bra ir papildin\u0101ta ar jaun\u0101s paaudzes XOS (ksilolligosahar\u012bdiem), kas ir prebioti\u0137i, kuri veicina zarnu vesel\u012bbu.<\/li>\n<li>\u012apa\u0161i izstr\u0101d\u0101ta j\u016bsu su\u0146a vesel\u012bbai, izmantojot augst\u0101k\u0101s kvalit\u0101tes uzturvielas un p\u0101rbaud\u012bta, izmantojot It\u0101lij\u0101 veikto testu.<\/li>\n<li>Satur ar\u012b glikozam\u012bna un hondroit\u012bna sulf\u0101tu, kas veicina loc\u012btavu att\u012bst\u012bbu, un l\u012bdzsvarotu kalcija\/fosfora attiec\u012bbu regul\u0101rai kaulu un loc\u012btavu aug\u0161anai.<\/li>\n<\/ul>","protected":false},"excerpt":{"rendered":"<p class=\"MsoNoSpacing\">Saus\u0101 bar\u012bba ar vistas ga\u013cu gr\u016bsn\u0101m un lakt\u0113jo\u0161\u0101m kuc\u0113m un kuc\u0113niem.<\/p>","protected":false},"featured_media":30344,"comment_status":"closed","ping_status":"closed","template":"","meta":{"_acf_changed":false,"slim_seo":{"title":"Monge Natural Superpremium Maxi Puppy & Junior Chicken sausas maistas \u0161uniukams - Zooprekes24","description":"Saus\u0101 bar\u012bba ar vistas ga\u013cu gr\u016bsn\u0101m un lakt\u0113jo\u0161\u0101m kuc\u0113m un kuc\u0113niem."},"iawp_total_views":16},"product_brand":[],"product_cat":[9192,9002,8999,29,31],"product_tag":[],"class_list":{"0":"post-30321","1":"product","2":"type-product","3":"status-publish","4":"has-post-thumbnail","6":"product_cat-monge-sunims","7":"product_cat-sausas-maistas","8":"product_cat-sunims","9":"product_cat-sunu-maistas","10":"product_cat-sunu-prekiu-gamintojai","11":"pa_pasaro-sudetis-vistiena","12":"pa_prekiu-zenklai-monge-natural-superpremium","13":"pa_suns-amzius-jauniems","14":"pa_veisles-dydis-didelems-veislems","16":"first","17":"instock","18":"taxable","19":"shipping-taxable","20":"purchasable","21":"product-type-variable"},"acf":[],"_links":{"self":[{"href":"https:\/\/zooprekes24.lt\/lv\/wp-json\/wp\/v2\/product\/30321","targetHints":{"allow":["GET"]}}],"collection":[{"href":"https:\/\/zooprekes24.lt\/lv\/wp-json\/wp\/v2\/product"}],"about":[{"href":"https:\/\/zooprekes24.lt\/lv\/wp-json\/wp\/v2\/types\/product"}],"replies":[{"embeddable":true,"href":"https:\/\/zooprekes24.lt\/lv\/wp-json\/wp\/v2\/comments?post=30321"}],"wp:featuredmedia":[{"embeddable":true,"href":"https:\/\/zooprekes24.lt\/lv\/wp-json\/wp\/v2\/media\/30344"}],"wp:attachment":[{"href":"https:\/\/zooprekes24.lt\/lv\/wp-json\/wp\/v2\/media?parent=30321"}],"wp:term":[{"taxonomy":"product_brand","embeddable":true,"href":"https:\/\/zooprekes24.lt\/lv\/wp-json\/wp\/v2\/product_brand?post=30321"},{"taxonomy":"product_cat","embeddable":true,"href":"https:\/\/zooprekes24.lt\/lv\/wp-json\/wp\/v2\/product_cat?post=30321"},{"taxonomy":"product_tag","embeddable":true,"href":"https:\/\/zooprekes24.lt\/lv\/wp-json\/wp\/v2\/product_tag?post=30321"}],"curies":[{"name":"wp","href":"https:\/\/api.w.org\/{rel}","templated":true}]}}