{"id":30274,"date":"2024-09-16T14:39:27","date_gmt":"2024-09-16T11:39:27","guid":{"rendered":"https:\/\/zooprekes24.lt\/?post_type=product&#038;p=30274"},"modified":"2025-06-18T14:45:59","modified_gmt":"2025-06-18T12:45:59","slug":"monge-natural-superpremium-mini-puppy-junior-chicken","status":"publish","type":"product","link":"https:\/\/zooprekes24.lt\/lv\/produktas\/monge-natural-superpremium-mini-puppy-junior-chicken\/","title":{"rendered":"Monge Natural Superpremium Mini Puppy &amp; Junior Chicken saus\u0101 bar\u012bba kuc\u0113niem"},"content":{"rendered":"<h3 class=\"MsoNoSpacing\">Monge Natural Superpremium Mini Puppy &amp; Junior Chicken &#8211; visavertis sausas maistas ma\u017eo dyd\u017eio (iki 10 kg) \u0161uniukams ir jauniems \u0161unims iki 1 met\u0173 am\u017eiaus. M\u0117sa yra pagrindinis ingredientas ir baltym\u0173 \u0161altinis kiekviename Monge Natural Superpremium \u0117dale. Be to, produktuose gr\u016bd\u0173 kiekis yra suma\u017eintas ir n\u0117ra sojos.<\/h3>\n<ul>\n<li>Ra\u017eots It\u0101lij\u0101.<\/li>\n<li>Nav pievienotu kr\u0101svielu vai m\u0101ksl\u012bgo konservantu.<\/li>\n<li>Pirm\u0101 sast\u0101vda\u013ca ir vistas ga\u013ca. Bar\u012bbas recepti raksturo t\u0101s sagremojam\u012bba un gar\u0161a, pateicoties ga\u013cas svaigumam.<\/li>\n<li>Recept\u016bra ir papildin\u0101ta ar jaun\u0101s paaudzes XOS (ksilolligosahar\u012bdiem), kas ir prebioti\u0137i, kuri veicina zarnu vesel\u012bbu.<\/li>\n<li>\u012apa\u0161i izstr\u0101d\u0101ta j\u016bsu su\u0146a vesel\u012bbai, izmantojot augst\u0101k\u0101s kvalit\u0101tes uzturvielas un p\u0101rbaud\u012bta, izmantojot It\u0101lij\u0101 veikto testu.<\/li>\n<li>Satur ar\u012b glikozam\u012bna un hondroit\u012bna sulf\u0101tu, kas veicina loc\u012btavu att\u012bst\u012bbu, un l\u012bdzsvarotu kalcija\/fosfora attiec\u012bbu regul\u0101rai kaulu un loc\u012btavu aug\u0161anai.<\/li>\n<\/ul>","protected":false},"excerpt":{"rendered":"<p class=\"MsoNoSpacing\">Saus\u0101 bar\u012bba ar vistas ga\u013cu gr\u016bsn\u0101m un lakt\u0113jo\u0161\u0101m kuc\u0113m un kuc\u0113niem.<\/p>","protected":false},"featured_media":30342,"comment_status":"closed","ping_status":"closed","template":"","meta":{"_acf_changed":false,"slim_seo":{"title":"Monge Natural Superpremium Mini Puppy & Junior Chicken sausas maistas \u0161uniukams - Zooprekes24","description":"Saus\u0101 bar\u012bba ar vistas ga\u013cu gr\u016bsn\u0101m un lakt\u0113jo\u0161\u0101m kuc\u0113m un kuc\u0113niem."},"iawp_total_views":7},"product_brand":[],"product_cat":[9192,9002,8999,29,31],"product_tag":[],"class_list":{"0":"post-30274","1":"product","2":"type-product","3":"status-publish","4":"has-post-thumbnail","6":"product_cat-monge-sunims","7":"product_cat-sausas-maistas","8":"product_cat-sunims","9":"product_cat-sunu-maistas","10":"product_cat-sunu-prekiu-gamintojai","11":"pa_pasaro-sudetis-vistiena","12":"pa_prekiu-zenklai-monge-natural-superpremium","13":"pa_suns-amzius-jauniems","14":"pa_veisles-dydis-mazoms-veislems","16":"first","17":"instock","18":"taxable","19":"shipping-taxable","20":"purchasable","21":"product-type-variable"},"acf":[],"_links":{"self":[{"href":"https:\/\/zooprekes24.lt\/lv\/wp-json\/wp\/v2\/product\/30274","targetHints":{"allow":["GET"]}}],"collection":[{"href":"https:\/\/zooprekes24.lt\/lv\/wp-json\/wp\/v2\/product"}],"about":[{"href":"https:\/\/zooprekes24.lt\/lv\/wp-json\/wp\/v2\/types\/product"}],"replies":[{"embeddable":true,"href":"https:\/\/zooprekes24.lt\/lv\/wp-json\/wp\/v2\/comments?post=30274"}],"wp:featuredmedia":[{"embeddable":true,"href":"https:\/\/zooprekes24.lt\/lv\/wp-json\/wp\/v2\/media\/30342"}],"wp:attachment":[{"href":"https:\/\/zooprekes24.lt\/lv\/wp-json\/wp\/v2\/media?parent=30274"}],"wp:term":[{"taxonomy":"product_brand","embeddable":true,"href":"https:\/\/zooprekes24.lt\/lv\/wp-json\/wp\/v2\/product_brand?post=30274"},{"taxonomy":"product_cat","embeddable":true,"href":"https:\/\/zooprekes24.lt\/lv\/wp-json\/wp\/v2\/product_cat?post=30274"},{"taxonomy":"product_tag","embeddable":true,"href":"https:\/\/zooprekes24.lt\/lv\/wp-json\/wp\/v2\/product_tag?post=30274"}],"curies":[{"name":"wp","href":"https:\/\/api.w.org\/{rel}","templated":true}]}}