{"id":30066,"date":"2024-09-09T12:18:32","date_gmt":"2024-09-09T09:18:32","guid":{"rendered":"https:\/\/zooprekes24.lt\/?post_type=product&#038;p=30066"},"modified":"2026-03-02T14:47:12","modified_gmt":"2026-03-02T12:47:12","slug":"profine-titara-konservu-karbas-kakiem-zeleja","status":"publish","type":"product","link":"https:\/\/zooprekes24.lt\/lv\/produktas\/profine-turkey-konservai-katems-drebuciuose\/","title":{"rendered":"Profine Turcijas konservi ka\u0137iem \u017eelej\u0101"},"content":{"rendered":"<h3>Profine Turkey ir lieliskas gar\u0161as, sabalans\u0113ta mitr\u0101 ka\u0137u bar\u012bba maisi\u0146\u0101 pieaugu\u0161iem ka\u0137iem no 1 gada vecuma. Lieliska izv\u0113le vesel\u012bgam J\u016bsu m\u012blu\u013ca uzturam.<\/h3>\n<ul>\n<li>Ne\u017e\u0113l\u012bgs.<\/li>\n<li>Zems tauku un kaloriju saturs.<\/li>\n<li><span style=\"vertical-align: inherit;\"><span style=\"vertical-align: inherit;\"><span style=\"vertical-align: inherit;\"><span style=\"vertical-align: inherit;\">Piel\u0101gots pieaugu\u0161ajiem <\/span><\/span><\/span><\/span><a href=\"https:\/\/zooprekes24.lt\/lv\/kategorija\/prekes-katems\/\" target=\"_blank\" rel=\"noopener\"><span style=\"vertical-align: inherit;\"><span style=\"vertical-align: inherit;\"><span style=\"vertical-align: inherit;\"><span style=\"vertical-align: inherit;\">ka\u0137iem<\/span><\/span><\/span><\/span><\/a><span style=\"vertical-align: inherit;\"><span style=\"vertical-align: inherit;\"><span style=\"vertical-align: inherit;\"><span style=\"vertical-align: inherit;\">.<\/span><\/span><\/span><\/span><\/li>\n<li><a href=\"https:\/\/www.profinepet.com\" target=\"_blank\" rel=\"noopener\"><span style=\"vertical-align: inherit;\">Konserv\u0113\u0161an\u0101 neizmanto<\/span> konservantiem vai \u0122MO.<\/a><\/li>\n<li>\u017d\u0101v\u0113tu gar\u0161augu (melisas, kumel\u012b\u0161u, ka\u0137um\u0113tras) formula pilnv\u0113rt\u012bgai un mier\u012bgai j\u016bsu m\u0101jdz\u012bvnieka dz\u012bvei.<\/li>\n<\/ul>","protected":false},"excerpt":{"rendered":"<p>Profine Turkey ir lieliskas gar\u0161as, sabalans\u0113ta mitr\u0101 ka\u0137u bar\u012bba maisi\u0146\u0101 pieaugu\u0161iem ka\u0137iem no 1 gada vecuma. Lieliska izv\u0113le vesel\u012bgam J\u016bsu m\u012blu\u013ca uzturam. Nesatur graudus. Zems tauku un kaloriju saturs. Piem\u0113rota pieaugu\u0161iem ka\u0137iem. Konserv\u0113s nav izmantoti konservanti un \u0122MO. Kalt\u0113tu z\u0101\u013cu formula (melisa, kumel\u012bte, ka\u0137um\u0113tra) pilnv\u0113rt\u012bgai un mier\u012bgai j\u016bsu m\u012blu\u013ca dz\u012bvei.<\/p>","protected":false},"featured_media":30069,"comment_status":"closed","ping_status":"closed","template":"","meta":{"_acf_changed":false,"slim_seo":{"title":"Profine Turkey konservai kat\u0117ms drebu\u010diuose - Zooprekes24","description":"Profine Turkey ir lieliskas gar\u0161as, sabalans\u0113ta mitr\u0101 ka\u0137u bar\u012bba maisi\u0146\u0101 pieaugu\u0161iem ka\u0137iem no 1 gada vecuma. Lieliska izv\u0113le vesel\u012bgai di\u0113tai j\u016bsu"},"iawp_total_views":58},"product_brand":[],"product_cat":[9027,72,83,25,9058,9020],"product_tag":[1817,1675],"class_list":{"0":"post-30066","1":"product","2":"type-product","3":"status-publish","4":"has-post-thumbnail","6":"product_cat-begrudis-maistas-kaciu-maistas","7":"product_cat-kaciu-maistas","8":"product_cat-kaciu-prekiu-gamintojai","9":"product_cat-katems","10":"product_cat-profine-katems","11":"product_cat-slapias-maistas-kaciu-maistas","12":"product_tag-edalas-katems","13":"product_tag-kaciu-edalas","14":"pa_pasaro-sudetis-kalakutiena","15":"pa_pasaro-sudetis-katzole","16":"pa_pasaro-sudetis-kepeneles","17":"pa_pasaro-sudetis-vistiena","18":"pa_prekiu-zenklai-profine","20":"first","21":"instock","22":"featured","23":"taxable","24":"shipping-taxable","25":"purchasable","26":"product-type-variable"},"acf":[],"_links":{"self":[{"href":"https:\/\/zooprekes24.lt\/lv\/wp-json\/wp\/v2\/product\/30066","targetHints":{"allow":["GET"]}}],"collection":[{"href":"https:\/\/zooprekes24.lt\/lv\/wp-json\/wp\/v2\/product"}],"about":[{"href":"https:\/\/zooprekes24.lt\/lv\/wp-json\/wp\/v2\/types\/product"}],"replies":[{"embeddable":true,"href":"https:\/\/zooprekes24.lt\/lv\/wp-json\/wp\/v2\/comments?post=30066"}],"wp:featuredmedia":[{"embeddable":true,"href":"https:\/\/zooprekes24.lt\/lv\/wp-json\/wp\/v2\/media\/30069"}],"wp:attachment":[{"href":"https:\/\/zooprekes24.lt\/lv\/wp-json\/wp\/v2\/media?parent=30066"}],"wp:term":[{"taxonomy":"product_brand","embeddable":true,"href":"https:\/\/zooprekes24.lt\/lv\/wp-json\/wp\/v2\/product_brand?post=30066"},{"taxonomy":"product_cat","embeddable":true,"href":"https:\/\/zooprekes24.lt\/lv\/wp-json\/wp\/v2\/product_cat?post=30066"},{"taxonomy":"product_tag","embeddable":true,"href":"https:\/\/zooprekes24.lt\/lv\/wp-json\/wp\/v2\/product_tag?post=30066"}],"curies":[{"name":"wp","href":"https:\/\/api.w.org\/{rel}","templated":true}]}}