{"id":29166,"date":"2024-08-09T13:09:31","date_gmt":"2024-08-09T10:09:31","guid":{"rendered":"https:\/\/zooprekes24.lt\/?post_type=product&#038;p=29166"},"modified":"2026-03-09T13:55:28","modified_gmt":"2026-03-09T11:55:28","slug":"finko-tofu-pilu-pakaisi-originals","status":"publish","type":"product","link":"https:\/\/zooprekes24.lt\/lv\/produktas\/finko-tofu-kaciu-kraikas-originalus\/","title":{"rendered":"Finko Tofu ka\u0137u pakai\u0161i, ori\u0123in\u0101li"},"content":{"rendered":"<h3><span data-contrast=\"auto\">Finko Tofu - p<\/span><span data-contrast=\"auto\">agamint no 100% dabas zir\u0146u <\/span><span data-contrast=\"auto\">\u0161\u0137iedra<\/span><span data-contrast=\"auto\">,\u00a0<\/span><span data-contrast=\"auto\">b\u016bt .<\/span><span data-contrast=\"auto\">\u00a0<\/span><span data-contrast=\"auto\">jebkur\u0161\u00a0<\/span><span data-contrast=\"auto\">sint\u0113tisk\u0101s piedevas un kr\u0101svielas<\/span><span data-contrast=\"auto\">. <a href=\"https:\/\/zooprekes24.lt\/lv\/?s=Kraikas&amp;post_type=product&amp;product_cat=0\" target=\"_blank\" rel=\"noopener noreferrer\">Ka\u0137u pakai\u0161i<\/a> \u0101tri absorb\u0113 mitrumu un neitraliz\u0113 nepat\u012bkamas smakas. Tas ir ar\u012b \u012bpa\u0161i saudz\u012bgs <\/span><span data-contrast=\"auto\">j\u016bsu ka\u0137a jut\u012bgaj\u0101m p\u0113d\u0101m.<\/span><span data-contrast=\"auto\">\u00a0<\/span><span data-contrast=\"auto\">Kad pakai\u0161i sa\u0146em mitrumu, tie p\u0101riet uz\u00a0<\/span><span data-contrast=\"auto\">cietiem gabali\u0146iem,\u00a0<\/span><span data-contrast=\"auto\">L\u012bdz <\/span><span data-contrast=\"auto\">iz\u0146emt no ka\u0137a pakai\u0161u kastes <\/span><span data-contrast=\"auto\">viegli un \u0101tri.<\/span><\/h3>\n<ul>\n<li data-leveltext=\"\uf0b7\" data-font=\"Symbol\" data-listid=\"3\" data-aria-posinset=\"4\" data-aria-level=\"1\">Finka s\u0101kotn\u0113jais metiens <span data-contrast=\"auto\">lieliski neitraliz\u0113 nepat\u012bkamas smakas ka\u0137a tualet\u0113.<\/span><span data-ccp-props=\"{&quot;201341983&quot;:0,&quot;335559685&quot;:1440,&quot;335559739&quot;:160,&quot;335559740&quot;:240}\">\u00a0<\/span><\/li>\n<li data-leveltext=\"\uf0b7\" data-font=\"Symbol\" data-listid=\"3\" data-aria-posinset=\"4\" data-aria-level=\"1\"><span data-contrast=\"auto\">J\u016bsu ka\u0137a p\u0113das vienm\u0113r paliek t\u012bras, neatst\u0101jot p\u0113das, un j\u016bsu m\u0101joklis ir piln\u012bgi t\u012brs.<\/span><span data-ccp-props=\"{&quot;201341983&quot;:0,&quot;335559685&quot;:1440,&quot;335559739&quot;:160,&quot;335559740&quot;:240}\">\u00a0<\/span><\/li>\n<li><span data-contrast=\"auto\">Pateicoties dabiskajam sast\u0101vam, pakai\u0161i ir biolo\u0123iski no\u0101rd\u0101mi un \u0161\u0137\u012bst \u016bden\u012b. Var dro\u0161i izskalot tualet\u0113.<\/span><span data-ccp-props=\"{&quot;201341983&quot;:0,&quot;335559685&quot;:1440,&quot;335559739&quot;:160,&quot;335559740&quot;:240}\">\u00a0<\/span><\/li>\n<li><span data-contrast=\"auto\">Smalk\u0101s 2 mm granulas sp\u0113j absorb\u0113t ka\u0137a ur\u012bnu jau p\u0113c 1,5 sekund\u0113m, ne\u013caujot mitrumam nok\u013c\u016bt ka\u0137a pakai\u0161u kast\u012btes apak\u0161\u0101 un nov\u0113r\u0161ot bakt\u0113riju aug\u0161anu.<\/span><span data-ccp-props=\"{&quot;201341983&quot;:0,&quot;335559685&quot;:1440,&quot;335559739&quot;:160,&quot;335559740&quot;:240}\">\u00a0<\/span><\/li>\n<li data-leveltext=\"\uf0b7\" data-font=\"Symbol\" data-listid=\"3\" data-aria-posinset=\"4\" data-aria-level=\"1\"><span data-contrast=\"auto\">Dab\u012bga zir\u0146u \u0161\u0137iedras pakai\u0161u ve\u013ca ir piln\u012bgi nekait\u012bga.<\/span><span data-contrast=\"auto\"> vide. Produkts ir biolo\u0123iski no\u0101rd\u0101ms, to var kompost\u0113t un izmantot k\u0101 dabisku m\u0113slojumu.<\/span><span data-ccp-props=\"{&quot;201341983&quot;:0,&quot;335559685&quot;:1440,&quot;335559739&quot;:160,&quot;335559740&quot;:240}\">\u00a0<\/span><\/li>\n<li><span data-contrast=\"auto\">\u0160\u012b dab\u012bg\u0101 pakai\u0161u materi\u0101la galvenais m\u0113r\u0137is <\/span><span data-contrast=\"auto\">zir\u0146u \u0161\u0137iedra k\u0101 sast\u0101vda\u013ca<\/span><span data-contrast=\"auto\">.<\/span><span data-contrast=\"auto\">\u00a0<\/span><span data-contrast=\"auto\">Taj\u0101 nav\u00a0<\/span><span data-contrast=\"auto\">jebkur\u0161\u00a0<\/span><span data-contrast=\"auto\">sint\u0113tisk\u0101s piedevas un kr\u0101svielas.<\/span><span data-contrast=\"auto\">\u00a0T\u0101p\u0113c \u0161is<\/span><span data-contrast=\"auto\">\u00a0pakai\u0161i nav toksiski un 100%<\/span><span data-contrast=\"none\">\u00a0<\/span><a href=\"https:\/\/www.youtube.com\/watch?v=ZnYVzbIqt5I\" target=\"_blank\" rel=\"noopener noreferrer\"><span data-contrast=\"auto\">Dro\u0161s<\/span><span data-contrast=\"auto\">\u00a0ka\u0137iem<\/span><\/a><span data-contrast=\"auto\">.\u00a0<\/span><span data-contrast=\"auto\">Papildus k<\/span><span data-contrast=\"auto\">raikas\u00a0<\/span><span data-contrast=\"auto\">ir \u012bpa\u0161i\u00a0<\/span><span data-contrast=\"auto\">gaismas<\/span><span data-contrast=\"auto\">k\u0101<\/span><span data-contrast=\"auto\">.<\/span><span data-ccp-props=\"{&quot;201341983&quot;:0,&quot;335559685&quot;:1440,&quot;335559739&quot;:160,&quot;335559740&quot;:240}\">\u00a0<\/span><\/li>\n<li data-leveltext=\"\uf0b7\" data-font=\"Symbol\" data-listid=\"3\" data-aria-posinset=\"4\" data-aria-level=\"1\"><span data-contrast=\"auto\">Finko tofu <\/span><span data-contrast=\"auto\">koksne, kas netiek izmantota pakai\u0161u ra\u017eo\u0161anai<\/span><span data-contrast=\"auto\">, tad\u00a0<\/span><span data-contrast=\"auto\">nekrotami starp<\/span><span data-contrast=\"auto\">daba, kas jau ir aizsarg\u0101ta \u0161\u0101d\u0101 veid\u0101.<\/span><span data-contrast=\"auto\">.\u00a0<\/span><span data-contrast=\"auto\">Pateicoties t\u0101 izcilaj\u0101m sast\u0101vda\u013c\u0101m, pakai\u0161i ir nekait\u012bgi, t\u0101p\u0113c.\u00a0<\/span><span data-contrast=\"auto\">j<\/span><span data-contrast=\"auto\">ir dro\u0161a gan m\u0101jdz\u012bvniekiem, gan vi\u0146u saimniekiem.<\/span><span data-contrast=\"auto\">.\u00a0<\/span><span data-ccp-props=\"{&quot;201341983&quot;:0,&quot;335559685&quot;:1440,&quot;335559739&quot;:160,&quot;335559740&quot;:240}\">\u00a0<\/span><\/li>\n<\/ul>","protected":false},"excerpt":{"rendered":"<p>Finko Tofu &#8211; pagamintas i\u0161 100% nat\u016bralios \u017eirni\u0173 l\u0105stelienos,\u00a0be\u00a0joki\u0173\u00a0sintetini\u0173 pried\u0173 ir da\u017eikli\u0173. Ka\u010di\u0173 kraikas greitai sugeria dr\u0117gm\u0119 ir neutralizuoja nemalonius kvapus. Be to, jis ypa\u010d \u0161velnus jautrioms J\u016bs\u0173 kat\u0117s p\u0117dut\u0117ms.\u00a0Gav\u0119s dr\u0117gm\u0117s \u0161is kraikas su\u0161oka \u012f\u00a0kietus grumstelius,\u00a0kuriuos i\u0161 kat\u0117s tualeto pa\u0161alinsite lengvai ir greitai. Finko originalus kraikas puikiai neutralizuoja nemalonius kvapus kat\u0117s tualete.\u00a0 Kat\u0117s p\u0117dut\u0117s visuomet&#8230;<\/p>","protected":false},"featured_media":29169,"comment_status":"closed","ping_status":"closed","template":"","meta":{"_acf_changed":false,"slim_seo":{"title":"Finko Tofu ka\u010di\u0173 kraikas, originalus - Zooprekes24","description":"Finko Tofu - izgatavots no 100% dabisk\u0101s zir\u0146u \u0161\u0137iedras, bez sint\u0113tisk\u0101m piedev\u0101m un kr\u0101sviel\u0101m. Ka\u0137u pakai\u0161i \u0101tri uzs\u016bc mitrumu un neitraliz\u0113 mitrumu."},"iawp_total_views":921},"product_brand":[],"product_cat":[78,25,9009],"product_tag":[9190],"class_list":{"0":"post-29166","1":"product","2":"type-product","3":"status-publish","4":"has-post-thumbnail","6":"product_cat-higiena-ir-prieziura-katems","7":"product_cat-katems","8":"product_cat-kraikas","9":"product_tag-velvet-paw-tofu","10":"pa_kraiko-rusis-tofu","11":"pa_prekiu-zenklai-finko","13":"first","14":"instock","15":"featured","16":"taxable","17":"shipping-taxable","18":"purchasable","19":"product-type-variable"},"acf":[],"_links":{"self":[{"href":"https:\/\/zooprekes24.lt\/lv\/wp-json\/wp\/v2\/product\/29166","targetHints":{"allow":["GET"]}}],"collection":[{"href":"https:\/\/zooprekes24.lt\/lv\/wp-json\/wp\/v2\/product"}],"about":[{"href":"https:\/\/zooprekes24.lt\/lv\/wp-json\/wp\/v2\/types\/product"}],"replies":[{"embeddable":true,"href":"https:\/\/zooprekes24.lt\/lv\/wp-json\/wp\/v2\/comments?post=29166"}],"wp:featuredmedia":[{"embeddable":true,"href":"https:\/\/zooprekes24.lt\/lv\/wp-json\/wp\/v2\/media\/29169"}],"wp:attachment":[{"href":"https:\/\/zooprekes24.lt\/lv\/wp-json\/wp\/v2\/media?parent=29166"}],"wp:term":[{"taxonomy":"product_brand","embeddable":true,"href":"https:\/\/zooprekes24.lt\/lv\/wp-json\/wp\/v2\/product_brand?post=29166"},{"taxonomy":"product_cat","embeddable":true,"href":"https:\/\/zooprekes24.lt\/lv\/wp-json\/wp\/v2\/product_cat?post=29166"},{"taxonomy":"product_tag","embeddable":true,"href":"https:\/\/zooprekes24.lt\/lv\/wp-json\/wp\/v2\/product_tag?post=29166"}],"curies":[{"name":"wp","href":"https:\/\/api.w.org\/{rel}","templated":true}]}}