{"id":28939,"date":"2024-08-02T20:39:57","date_gmt":"2024-08-02T17:39:57","guid":{"rendered":"https:\/\/zooprekes24.lt\/?post_type=product&#038;p=28939"},"modified":"2026-04-20T09:23:24","modified_gmt":"2026-04-20T07:23:24","slug":"quattro-pieauguso-lielo-skirnu-pilu-begrudis","status":"publish","type":"product","link":"https:\/\/zooprekes24.lt\/lv\/produktas\/quattro-adult-large-breed-duck-begrudis\/","title":{"rendered":"Quattro Adult Large Breed Duck saus\u0101 bar\u012bba su\u0146iem bez graudiem"},"content":{"rendered":"<h3>Quattro Adult Large Breed Duck ir sausa bar\u012bba bez graudiem ar p\u012bl\u0113m pieaugu\u0161iem lielo \u0161\u0137ir\u0146u su\u0146iem (&gt; 25 kg) ar jut\u012bgu gremo\u0161anu. Bar\u012bba ir izgatavota, izmantojot inovat\u012bvu liofiliz\u0113tas ga\u013cas p\u0101rkl\u0101juma tehnolo\u0123iju. \u0160is unik\u0101lais risin\u0101jums katru bar\u012bbas granulu p\u0101rkl\u0101j ar dabisku liofiliz\u0113tu ga\u013cu, kas ne tikai bag\u0101tina bar\u012bbas sast\u0101vu, bet ar\u012b <a href=\"https:\/\/www.youtube.com\/watch?v=nHBX0FeuZ9w\" target=\"_blank\" rel=\"noopener\">Quattro<\/a> bar\u012bba ar dabiski saglab\u0101t\u0101m bar\u012bbas viel\u0101m, k\u0101 ar\u012b ar lielisk\u0101m \u0113\u0161anas \u012bpa\u0161\u012bb\u0101m.<\/h3>\n<div class=\"food-feature\">\n<div class=\"food-feature\">\n<div class=\"big\">\n<div class=\"big\">\n<ul>\n<li class=\"big\">Vesel\u012bgai sirdij. Taur\u012bns kop\u0101 ar eikozapenta\u0113nsk\u0101bi (EPA) omega-3 tauksk\u0101b\u0113m no veseliem Antarktikas kri\u013ciem stiprina sirds darb\u012bbu.<\/li>\n<li>\n<div class=\"big\">Mobilit\u0101tes atbalsts. Glikozam\u012bns, hondroit\u012bna sulf\u0101ts un omega-3 tauksk\u0101bes veicina loc\u012btavu audu re\u0123ener\u0101ciju.<\/div>\n<\/li>\n<li>\n<div class=\"big\">Nav graudaugu. Lielo \u0161\u0137ir\u0146u su\u0146iem paredz\u0113t\u0101 produktu l\u012bnija nesatur graudus. Produktu sast\u0101v\u0101 ir saldie kartupe\u013ci un bie\u0161u m\u012bkstums, lai nodro\u0161in\u0101tu ikdienas uzturu su\u0146iem ar jut\u012bgu ku\u0146\u0123a un zarnu sist\u0113mu.<\/div>\n<\/li>\n<li>\n<div class=\"big\">Jut\u012bgai gremo\u0161anai. Augstas kvalit\u0101tes p\u012ble nodro\u0161ina suni ar viegli sagremojamiem olbaltumviel\u0101m, prebiotik\u0101m un augu izcelsmes \u0161\u0137iedrviel\u0101m, kas veicina gremo\u0161anas trakta darb\u012bbu un pal\u012bdz uztur\u0113t labu fek\u0101liju kvalit\u0101ti.<\/div>\n<\/li>\n<\/ul>\n<\/div>\n<\/div>\n<\/div>\n<\/div>","protected":false},"excerpt":{"rendered":"<p>Quattro Adult Large Breed Duck ir sausa bar\u012bba bez graudiem ar p\u012bl\u0113m pieaugu\u0161iem lielo \u0161\u0137ir\u0146u su\u0146iem (&gt; 25 kg) ar jut\u012bgu gremo\u0161anu. Bar\u012bba ir izgatavota, izmantojot inovat\u012bvu liofiliz\u0113tas ga\u013cas p\u0101rkl\u0101juma tehnolo\u0123iju. \u0160is unik\u0101lais risin\u0101jums katru granulu p\u0101rkl\u0101j ar dabisku liofiliz\u0113tu ga\u013cu, kas ne tikai bag\u0101tina Quattro bar\u012bbu ar dabiski saglab\u0101t\u0101m bar\u012bbas viel\u0101m, bet ar\u012b nodro\u0161ina lielisku \u0113dam\u012bbu. Vesel\u012bga...<\/p>","protected":false},"featured_media":28942,"comment_status":"closed","ping_status":"closed","template":"","meta":{"_acf_changed":false,"slim_seo":{"title":"Quattro Adult Large Breed Duck begr\u016bdis sausas maistas \u0161unims - Zooprekes24","description":"Quattro Adult Large Breed Duck ir sausa bar\u012bba bez graudiem ar p\u012bl\u0113m pieaugu\u0161iem lielo \u0161\u0137ir\u0146u su\u0146iem (&gt; 25 kg) ar jut\u012bgu gremo\u0161anu. Bar\u012bba ir gar\u0161\u012bga"},"iawp_total_views":108},"product_brand":[],"product_cat":[9001,9055,9076,9002,8999,29,31],"product_tag":[175,176,177,743,751,200],"class_list":{"0":"post-28939","1":"product","2":"type-product","3":"status-publish","4":"has-post-thumbnail","6":"product_cat-begrudis-maistas","7":"product_cat-isdziovintas-saltyje-maistas","8":"product_cat-quattro-sunims","9":"product_cat-sausas-maistas","10":"product_cat-sunims","11":"product_cat-sunu-maistas","12":"product_cat-sunu-prekiu-gamintojai","13":"product_tag-begrudis-maistas-sunims","14":"product_tag-begrudis-sunu-maistas","15":"product_tag-edalas-sunims","16":"product_tag-isdziovintas-saltyje-maistas","17":"product_tag-quattro-isdziovintas-saltyje","18":"product_tag-super-premium-maistas-sunims","19":"pa_pasaro-sudetis-antiena","20":"pa_prekiu-zenklai-quattro","21":"pa_suns-amzius-suaugusiems","22":"pa_veisles-dydis-didelems-veislems","24":"first","25":"instock","26":"sale","27":"featured","28":"taxable","29":"shipping-taxable","30":"purchasable","31":"product-type-variable"},"acf":[],"_links":{"self":[{"href":"https:\/\/zooprekes24.lt\/lv\/wp-json\/wp\/v2\/product\/28939","targetHints":{"allow":["GET"]}}],"collection":[{"href":"https:\/\/zooprekes24.lt\/lv\/wp-json\/wp\/v2\/product"}],"about":[{"href":"https:\/\/zooprekes24.lt\/lv\/wp-json\/wp\/v2\/types\/product"}],"replies":[{"embeddable":true,"href":"https:\/\/zooprekes24.lt\/lv\/wp-json\/wp\/v2\/comments?post=28939"}],"wp:featuredmedia":[{"embeddable":true,"href":"https:\/\/zooprekes24.lt\/lv\/wp-json\/wp\/v2\/media\/28942"}],"wp:attachment":[{"href":"https:\/\/zooprekes24.lt\/lv\/wp-json\/wp\/v2\/media?parent=28939"}],"wp:term":[{"taxonomy":"product_brand","embeddable":true,"href":"https:\/\/zooprekes24.lt\/lv\/wp-json\/wp\/v2\/product_brand?post=28939"},{"taxonomy":"product_cat","embeddable":true,"href":"https:\/\/zooprekes24.lt\/lv\/wp-json\/wp\/v2\/product_cat?post=28939"},{"taxonomy":"product_tag","embeddable":true,"href":"https:\/\/zooprekes24.lt\/lv\/wp-json\/wp\/v2\/product_tag?post=28939"}],"curies":[{"name":"wp","href":"https:\/\/api.w.org\/{rel}","templated":true}]}}