{"id":28935,"date":"2024-08-02T20:39:57","date_gmt":"2024-08-02T17:39:57","guid":{"rendered":"https:\/\/zooprekes24.lt\/?post_type=product&#038;p=28935"},"modified":"2026-04-20T09:18:20","modified_gmt":"2026-04-20T07:18:20","slug":"quattro-pieauguso-visu-skirnu-zivju-svara-zudums-begrudis","status":"publish","type":"product","link":"https:\/\/zooprekes24.lt\/lv\/produktas\/quattro-adult-all-breed-fish-weight-loss-begrudis\/","title":{"rendered":"Quattro Adult All Breed Fish Weight Loss saus\u0101 bar\u012bba su\u0146iem bez graudiem"},"content":{"rendered":"<h3>Quattro Adult All Breed Fish Weight Loss - sausa bar\u012bba bez graudiem ar baltaj\u0101m ziv\u012bm un krilu visu \u0161\u0137ir\u0146u pieaugu\u0161iem su\u0146iem, kuriem ir nosliece uz svara pieaugumu. Bar\u012bba ir izgatavota, izmantojot inovat\u012bvu liofiliz\u0113tas ga\u013cas p\u0101rkl\u0101juma tehnolo\u0123iju. \u0160is unik\u0101lais risin\u0101jums katru bar\u012bbas granulu p\u0101rkl\u0101j ar dabisku liofiliz\u0113tu ga\u013cu, kas ne tikai bag\u0101tina bar\u012bbas sast\u0101vu, bet ar\u012b <a href=\"https:\/\/www.youtube.com\/watch?v=nHBX0FeuZ9w\" target=\"_blank\" rel=\"noopener\">Quattro<\/a> bar\u012bba ar dabiski saglab\u0101t\u0101m bar\u012bbas viel\u0101m, k\u0101 ar\u012b ar lielisk\u0101m \u0113\u0161anas \u012bpa\u0161\u012bb\u0101m.<\/h3>\n<div class=\"food-feature\">\n<div class=\"food-feature\">\n<div class=\"big\">\n<div class=\"big\">\n<ul>\n<li class=\"big\">\n<div class=\"big\">Nav graudaugu. Visu \u0161\u0137ir\u0146u su\u0146iem paredz\u0113t\u0101 produktu l\u012bnija nesatur graudus. Produktu sast\u0101v\u0101 ir saldie kartupe\u013ci un bie\u0161u m\u012bkstums, kas nodro\u0161ina ikdienas uzturu su\u0146iem ar jut\u012bgu gremo\u0161anas sist\u0113mu.<\/div>\n<\/li>\n<li class=\"big\">\n<div class=\"big\">Jut\u012bgai gremo\u0161anai. Augstas kvalit\u0101tes lasis nodro\u0161ina suni ar viegli sagremojamiem olbaltumviel\u0101m, prebiotikas un augu izcelsmes \u0161\u0137iedrvielas veicina gremo\u0161anas trakta darb\u012bbu un pal\u012bdz uztur\u0113t labu izk\u0101rn\u012bjumu kvalit\u0101ti.<\/div>\n<\/li>\n<li>\n<div class=\"big\">Svara kontrole. L-karnit\u012bns, kas stimul\u0113 tauku vielmai\u0146u, un augu izcelsmes \u0161\u0137iedrvielas nodro\u0161ina s\u0101ta saj\u016btu bez papildu kalorij\u0101m un pal\u012bdz uztur\u0113t optim\u0101lu m\u0101jdz\u012bvnieka svaru.<\/div>\n<\/li>\n<li>\n<div class=\"big\">Bag\u0101tin\u0101ts ar krilu. Dabisk\u0101s omega-3 tauksk\u0101bes dokozaheksa\u0113nsk\u0101be (DHA) un eikozapenta\u0113nsk\u0101be (EPA) no veseliem Antarktikas kriliem veicina norm\u0101lu smadze\u0146u un redzes funkciju, k\u0101 ar\u012b darbojas k\u0101 dabiskie antioksidanti im\u016bnsist\u0113mas uztur\u0113\u0161anai.<\/div>\n<\/li>\n<\/ul>\n<\/div>\n<\/div>\n<\/div>\n<\/div>","protected":false},"excerpt":{"rendered":"<p>Quattro Adult All Breed Fish Weight Loss - sausa bar\u012bba bez graudiem ar baltaj\u0101m ziv\u012bm un krilu visu \u0161\u0137ir\u0146u pieaugu\u0161iem su\u0146iem, kuriem ir nosliece uz svara pieaugumu. Bar\u012bba ir izgatavota, izmantojot inovat\u012bvu liofiliz\u0113tas ga\u013cas p\u0101rkl\u0101juma tehnolo\u0123iju. \u0160is ekskluz\u012bvais risin\u0101jums katru granulu p\u0101rkl\u0101j ar dabisku liofiliz\u0113tu ga\u013cu, kas ne tikai bag\u0101tina Quattro bar\u012bbu ar dabiski saglab\u0101t\u0101m uzturviel\u0101m, bet ar\u012b nodro\u0161ina...<\/p>","protected":false},"featured_media":28938,"comment_status":"closed","ping_status":"closed","template":"","meta":{"_acf_changed":false,"slim_seo":{"title":"Quattro Adult All Breed Fish Weight Loss begr\u016bdis sausas maistas \u0161unims - Zooprekes24","description":"Quattro Adult All Breed Fish Weight Loss - sausa bar\u012bba bez graudiem ar baltaj\u0101m ziv\u012bm un krilu visu \u0161\u0137ir\u0146u pieaugu\u0161iem su\u0146iem, kuriem ir nosliece uz svara pieaugumu. Bar\u012bba"},"iawp_total_views":159},"product_brand":[],"product_cat":[9001,9055,9076,9002,8999,29,31],"product_tag":[175,176,177,743,751,200],"class_list":{"0":"post-28935","1":"product","2":"type-product","3":"status-publish","4":"has-post-thumbnail","6":"product_cat-begrudis-maistas","7":"product_cat-isdziovintas-saltyje-maistas","8":"product_cat-quattro-sunims","9":"product_cat-sausas-maistas","10":"product_cat-sunims","11":"product_cat-sunu-maistas","12":"product_cat-sunu-prekiu-gamintojai","13":"product_tag-begrudis-maistas-sunims","14":"product_tag-begrudis-sunu-maistas","15":"product_tag-edalas-sunims","16":"product_tag-isdziovintas-saltyje-maistas","17":"product_tag-quattro-isdziovintas-saltyje","18":"product_tag-super-premium-maistas-sunims","19":"pa_pasaro-sudetis-zuvis","20":"pa_prekiu-zenklai-quattro","21":"pa_suns-amzius-suaugusiems","22":"pa_veisles-dydis-didelems-veislems","23":"pa_veisles-dydis-mazoms-veislems","24":"pa_veisles-dydis-vidutinems-veislems","25":"pa_veisles-dydis-visu-dydziu-veislems","27":"first","28":"instock","29":"sale","30":"featured","31":"taxable","32":"shipping-taxable","33":"purchasable","34":"product-type-variable"},"acf":[],"_links":{"self":[{"href":"https:\/\/zooprekes24.lt\/lv\/wp-json\/wp\/v2\/product\/28935","targetHints":{"allow":["GET"]}}],"collection":[{"href":"https:\/\/zooprekes24.lt\/lv\/wp-json\/wp\/v2\/product"}],"about":[{"href":"https:\/\/zooprekes24.lt\/lv\/wp-json\/wp\/v2\/types\/product"}],"replies":[{"embeddable":true,"href":"https:\/\/zooprekes24.lt\/lv\/wp-json\/wp\/v2\/comments?post=28935"}],"wp:featuredmedia":[{"embeddable":true,"href":"https:\/\/zooprekes24.lt\/lv\/wp-json\/wp\/v2\/media\/28938"}],"wp:attachment":[{"href":"https:\/\/zooprekes24.lt\/lv\/wp-json\/wp\/v2\/media?parent=28935"}],"wp:term":[{"taxonomy":"product_brand","embeddable":true,"href":"https:\/\/zooprekes24.lt\/lv\/wp-json\/wp\/v2\/product_brand?post=28935"},{"taxonomy":"product_cat","embeddable":true,"href":"https:\/\/zooprekes24.lt\/lv\/wp-json\/wp\/v2\/product_cat?post=28935"},{"taxonomy":"product_tag","embeddable":true,"href":"https:\/\/zooprekes24.lt\/lv\/wp-json\/wp\/v2\/product_tag?post=28935"}],"curies":[{"name":"wp","href":"https:\/\/api.w.org\/{rel}","templated":true}]}}