{"id":28926,"date":"2024-08-07T19:29:46","date_gmt":"2024-08-07T16:29:46","guid":{"rendered":"https:\/\/zooprekes24.lt\/?post_type=product&#038;p=28926"},"modified":"2026-04-20T09:15:31","modified_gmt":"2026-04-20T07:15:31","slug":"quattro-senior-visu-skirnu-zivis-begrudis","status":"publish","type":"product","link":"https:\/\/zooprekes24.lt\/lv\/produktas\/quattro-senior-all-breed-fish-begrudis\/","title":{"rendered":"Quattro Senior All Breed Fish saus\u0101 bar\u012bba su\u0146iem bez graudiem"},"content":{"rendered":"<h3>Quattro Senior All Breed Fish ir sausa bar\u012bba bez graudiem ar baltaj\u0101m ziv\u012bm un krilu su\u0146iem, kas vec\u0101ki par 10 gadiem un su\u0146iem, kuriem ir tendence palielin\u0101t svaru. Bar\u012bba ir izgatavota, izmantojot inovat\u012bvu liofiliz\u0113tas ga\u013cas p\u0101rkl\u0101juma tehnolo\u0123iju. \u0160is unik\u0101lais risin\u0101jums katru bar\u012bbas granulu p\u0101rkl\u0101j ar dabisku liofiliz\u0113tu ga\u013cu, kas ne tikai bag\u0101tina bar\u012bbas sast\u0101vu, bet ar\u012b <a href=\"https:\/\/www.youtube.com\/watch?v=nHBX0FeuZ9w\" target=\"_blank\" rel=\"noopener\">Quattro<\/a> bar\u012bba ar dabiski saglab\u0101t\u0101m bar\u012bbas viel\u0101m, k\u0101 ar\u012b ar lielisk\u0101m \u0113\u0161anas \u012bpa\u0161\u012bb\u0101m.<\/h3>\n<div class=\"food-feature\">\n<div class=\"food-feature\">\n<div class=\"big\">\n<div class=\"big\">\n<ul>\n<li class=\"big\">\n<div class=\"big\">Nav graudaugu. Visu \u0161\u0137ir\u0146u su\u0146iem paredz\u0113t\u0101 produktu l\u012bnija nesatur graudus. Produktu sast\u0101v\u0101 ir saldie kartupe\u013ci un bie\u0161u m\u012bkstums, kas nodro\u0161ina ikdienas uzturu su\u0146iem ar jut\u012bgu gremo\u0161anas sist\u0113mu.<\/div>\n<\/li>\n<li>\n<div class=\"big\">Lab\u0101kam atmi\u0146as atbalstam. Bag\u0101tin\u0101ts ar dokozaheksa\u0113nsk\u0101bi (DHA) un eikozapenta\u0113nsk\u0101bi (EPA) omega-3 tauksk\u0101b\u0113m no Antarktikas krila, lai uzlabotu kognit\u012bv\u0101s un atmi\u0146as sp\u0113jas vec\u0101kiem su\u0146iem.<\/div>\n<\/li>\n<li>\n<div class=\"big\">Svara kontrole. L-karnit\u012bns, kas stimul\u0113 tauku vielmai\u0146u, un augu izcelsmes \u0161\u0137iedrvielas nodro\u0161ina s\u0101ta saj\u016btu bez papildu kalorij\u0101m un pal\u012bdz uztur\u0113t optim\u0101lu m\u0101jdz\u012bvnieka svaru.<\/div>\n<\/li>\n<li>\n<div class=\"big\">Pal\u012bdz\u012bba noveco\u0161an\u0101s gad\u012bjum\u0101. Veicina vesel\u012bgu noveco\u0161anu vec\u0101kiem lielo \u0161\u0137ir\u0146u su\u0146iem, pateicoties pieciem aug\u013cu un augu ekstraktiem, kas darbojas k\u0101 dabiski antioksidanti, pal\u0113ninot \u0161\u016bnu noveco\u0161anos.<\/div>\n<\/li>\n<\/ul>\n<\/div>\n<\/div>\n<\/div>\n<\/div>","protected":false},"excerpt":{"rendered":"<p>Quattro Senior All Breed Fish &#8211; sausas begr\u016bdis maistas su balta \u017euvimi ir kriliu vyresniems nei 10 met\u0173 \u0161unims ir \u0161unims, kurie link\u0119 priaugti svorio. Maistas pagamintas naudojant inovatyvi\u0105 &#8222;freeze-dried meat coated&#8221; technologij\u0105. \u0160io i\u0161skirtinio sprendimo pagalba kiekviena pa\u0161aro granul\u0117 padengiama nat\u016bralia liofilizuota m\u0117sa, ne tik praturtinan\u010dia Quattro pa\u0161arus nat\u016braliai i\u0161saugotomis maistin\u0117mis med\u017eiagomis, bet ir&#8230;<\/p>","protected":false},"featured_media":28934,"comment_status":"closed","ping_status":"closed","template":"","meta":{"_acf_changed":false,"slim_seo":{"title":"Quattro Senior All Breed Fish begr\u016bdis sausas maistas \u0161unims - Zooprekes24","description":"Quattro Senior All Breed Fish ir sausa bar\u012bba bez graudiem ar baltaj\u0101m ziv\u012bm un krilu su\u0146iem, kas vec\u0101ki par 10 gadiem un su\u0146iem, kuriem ir tendence palielin\u0101t svaru. Bar\u012bba"},"iawp_total_views":162},"product_brand":[],"product_cat":[9001,9055,9076,9002,8999,29,31],"product_tag":[175,176,177,743,751,200],"class_list":{"0":"post-28926","1":"product","2":"type-product","3":"status-publish","4":"has-post-thumbnail","6":"product_cat-begrudis-maistas","7":"product_cat-isdziovintas-saltyje-maistas","8":"product_cat-quattro-sunims","9":"product_cat-sausas-maistas","10":"product_cat-sunims","11":"product_cat-sunu-maistas","12":"product_cat-sunu-prekiu-gamintojai","13":"product_tag-begrudis-maistas-sunims","14":"product_tag-begrudis-sunu-maistas","15":"product_tag-edalas-sunims","16":"product_tag-isdziovintas-saltyje-maistas","17":"product_tag-quattro-isdziovintas-saltyje","18":"product_tag-super-premium-maistas-sunims","19":"pa_pasaro-sudetis-zuvis","20":"pa_prekiu-zenklai-quattro","21":"pa_suns-amzius-senjorams","22":"pa_veisles-dydis-didelems-veislems","23":"pa_veisles-dydis-mazoms-veislems","24":"pa_veisles-dydis-vidutinems-veislems","25":"pa_veisles-dydis-visu-dydziu-veislems","27":"first","28":"instock","29":"sale","30":"featured","31":"taxable","32":"shipping-taxable","33":"purchasable","34":"product-type-variable"},"acf":[],"_links":{"self":[{"href":"https:\/\/zooprekes24.lt\/lv\/wp-json\/wp\/v2\/product\/28926","targetHints":{"allow":["GET"]}}],"collection":[{"href":"https:\/\/zooprekes24.lt\/lv\/wp-json\/wp\/v2\/product"}],"about":[{"href":"https:\/\/zooprekes24.lt\/lv\/wp-json\/wp\/v2\/types\/product"}],"replies":[{"embeddable":true,"href":"https:\/\/zooprekes24.lt\/lv\/wp-json\/wp\/v2\/comments?post=28926"}],"wp:featuredmedia":[{"embeddable":true,"href":"https:\/\/zooprekes24.lt\/lv\/wp-json\/wp\/v2\/media\/28934"}],"wp:attachment":[{"href":"https:\/\/zooprekes24.lt\/lv\/wp-json\/wp\/v2\/media?parent=28926"}],"wp:term":[{"taxonomy":"product_brand","embeddable":true,"href":"https:\/\/zooprekes24.lt\/lv\/wp-json\/wp\/v2\/product_brand?post=28926"},{"taxonomy":"product_cat","embeddable":true,"href":"https:\/\/zooprekes24.lt\/lv\/wp-json\/wp\/v2\/product_cat?post=28926"},{"taxonomy":"product_tag","embeddable":true,"href":"https:\/\/zooprekes24.lt\/lv\/wp-json\/wp\/v2\/product_tag?post=28926"}],"curies":[{"name":"wp","href":"https:\/\/api.w.org\/{rel}","templated":true}]}}