{"id":28922,"date":"2024-08-07T19:29:46","date_gmt":"2024-08-07T16:29:46","guid":{"rendered":"https:\/\/zooprekes24.lt\/?post_type=product&#038;p=28922"},"modified":"2026-04-20T09:14:32","modified_gmt":"2026-04-20T07:14:32","slug":"quattro-juniors-visu-skirnu-piles-begrudis","status":"publish","type":"product","link":"https:\/\/zooprekes24.lt\/lv\/produktas\/quattro-junior-all-breed-duck-begrudis\/","title":{"rendered":"Quattro Junior All Breed Duck saus\u0101 bar\u012bba su\u0146iem bez graudiem"},"content":{"rendered":"<h3>Quattro Junior All Breed Duck ir sausa bar\u012bba ar p\u012bl\u0113m visu \u0161\u0137ir\u0146u jaunajiem su\u0146iem (2-12 m\u0113ne\u0161u veciem). Bar\u012bba ir izgatavota, izmantojot inovat\u012bvu liofiliz\u0113tas ga\u013cas p\u0101rkl\u0101juma tehnolo\u0123iju. \u0160is unik\u0101lais risin\u0101jums katru granulu p\u0101rkl\u0101j ar dabisku liofiliz\u0113tu ga\u013cu, kas ne tikai bag\u0101tina bar\u012bbu, bet ar\u012b uzlabo bar\u012bbas kvalit\u0101ti. <a href=\"https:\/\/www.youtube.com\/watch?v=nHBX0FeuZ9w\" target=\"_blank\" rel=\"noopener\">Quattro<\/a> bar\u012bba ar dabiski saglab\u0101t\u0101m bar\u012bbas viel\u0101m, k\u0101 ar\u012b ar lielisk\u0101m \u0113\u0161anas \u012bpa\u0161\u012bb\u0101m.<\/h3>\n<div class=\"food-feature\">\n<div class=\"food-feature\">\n<div class=\"big\">\n<div class=\"big\">\n<ul>\n<li class=\"big\">Nav graudaugu. Visu \u0161\u0137ir\u0146u su\u0146iem paredz\u0113t\u0101 produktu l\u012bnija nesatur graudus. Produktu sast\u0101v\u0101 ir saldie kartupe\u013ci un bie\u0161u m\u012bkstums, kas nodro\u0161ina ikdienas uzturu su\u0146iem ar jut\u012bgu gremo\u0161anas sist\u0113mu.<\/li>\n<li>\n<div class=\"big\">Izaugsme un aktivit\u0101te. Satur 84% dz\u012bvnieku olbaltumvielu un 18% tauku, lai apmierin\u0101tu visu \u0161\u0137ir\u0146u kuc\u0113nu liel\u0101s ener\u0123\u0113tisk\u0101s vajadz\u012bbas \u0101trai aug\u0161anai un akt\u012bv\u0101m rota\u013c\u0101m.<\/div>\n<\/li>\n<li>\n<div class=\"big\">Jut\u012bgai gremo\u0161anai. Augstas kvalit\u0101tes p\u012ble nodro\u0161ina suni ar viegli sagremojamiem olbaltumviel\u0101m, prebiotik\u0101m un augu izcelsmes \u0161\u0137iedrviel\u0101m, kas veicina gremo\u0161anas trakta darb\u012bbu un pal\u012bdz uztur\u0113t labu fek\u0101liju kvalit\u0101ti.<\/div>\n<\/li>\n<li>\n<div class=\"big\">Atbalsts m\u0101c\u012bb\u0101m. Dabisk\u0101s omega-3 tauksk\u0101bes dokozaheksa\u0113nsk\u0101be (DHA) un eikozapenta\u0113nsk\u0101be (EPA), ko satur Antarktikas krili, veicina m\u0101c\u012b\u0161an\u0101s procesu un pozit\u012bvi ietekm\u0113 j\u016bsu m\u012blu\u013ca visp\u0101r\u0113jo gar\u012bgo labsaj\u016btu.<\/div>\n<\/li>\n<\/ul>\n<\/div>\n<\/div>\n<\/div>\n<\/div>","protected":false},"excerpt":{"rendered":"<p>Quattro Junior All Breed Duck ir sausa bar\u012bba ar p\u012bl\u0113m visu \u0161\u0137ir\u0146u jaunajiem su\u0146iem (2-12 m\u0113ne\u0161u veciem). Bar\u012bba ir izgatavota, izmantojot inovat\u012bvu liofiliz\u0113tas ga\u013cas p\u0101rkl\u0101juma tehnolo\u0123iju. \u0160is unik\u0101lais risin\u0101jums katru granulu p\u0101rkl\u0101j ar dabisku liofiliz\u0113tu ga\u013cu, kas ne tikai bag\u0101tina Quattro bar\u012bbu ar dabiski saglab\u0101t\u0101m bar\u012bbas viel\u0101m, bet ar\u012b nodro\u0161ina lielisku gar\u0161as kvalit\u0101ti. Nav graudu....<\/p>","protected":false},"featured_media":28925,"comment_status":"closed","ping_status":"closed","template":"","meta":{"_acf_changed":false,"slim_seo":{"title":"Quattro Junior All Breed Duck begr\u016bdis sausas maistas \u0161unims - Zooprekes24","description":"Quattro Junior All Breed Duck ir sausa bar\u012bba ar p\u012bl\u0113m visu \u0161\u0137ir\u0146u jaunajiem su\u0146iem (2-12 m\u0113ne\u0161u veciem). Bar\u012bba ir ra\u017eota, izmantojot inovat\u012bvu"},"iawp_total_views":162},"product_brand":[],"product_cat":[9001,9055,9076,9002,8999,29,31],"product_tag":[175,176,177,743,751,200],"class_list":{"0":"post-28922","1":"product","2":"type-product","3":"status-publish","4":"has-post-thumbnail","6":"product_cat-begrudis-maistas","7":"product_cat-isdziovintas-saltyje-maistas","8":"product_cat-quattro-sunims","9":"product_cat-sausas-maistas","10":"product_cat-sunims","11":"product_cat-sunu-maistas","12":"product_cat-sunu-prekiu-gamintojai","13":"product_tag-begrudis-maistas-sunims","14":"product_tag-begrudis-sunu-maistas","15":"product_tag-edalas-sunims","16":"product_tag-isdziovintas-saltyje-maistas","17":"product_tag-quattro-isdziovintas-saltyje","18":"product_tag-super-premium-maistas-sunims","19":"pa_pasaro-sudetis-antiena","20":"pa_prekiu-zenklai-quattro","21":"pa_suns-amzius-jauniems","22":"pa_veisles-dydis-didelems-veislems","23":"pa_veisles-dydis-mazoms-veislems","24":"pa_veisles-dydis-vidutinems-veislems","25":"pa_veisles-dydis-visu-dydziu-veislems","27":"first","28":"instock","29":"sale","30":"featured","31":"taxable","32":"shipping-taxable","33":"purchasable","34":"product-type-variable"},"acf":[],"_links":{"self":[{"href":"https:\/\/zooprekes24.lt\/lv\/wp-json\/wp\/v2\/product\/28922","targetHints":{"allow":["GET"]}}],"collection":[{"href":"https:\/\/zooprekes24.lt\/lv\/wp-json\/wp\/v2\/product"}],"about":[{"href":"https:\/\/zooprekes24.lt\/lv\/wp-json\/wp\/v2\/types\/product"}],"replies":[{"embeddable":true,"href":"https:\/\/zooprekes24.lt\/lv\/wp-json\/wp\/v2\/comments?post=28922"}],"wp:featuredmedia":[{"embeddable":true,"href":"https:\/\/zooprekes24.lt\/lv\/wp-json\/wp\/v2\/media\/28925"}],"wp:attachment":[{"href":"https:\/\/zooprekes24.lt\/lv\/wp-json\/wp\/v2\/media?parent=28922"}],"wp:term":[{"taxonomy":"product_brand","embeddable":true,"href":"https:\/\/zooprekes24.lt\/lv\/wp-json\/wp\/v2\/product_brand?post=28922"},{"taxonomy":"product_cat","embeddable":true,"href":"https:\/\/zooprekes24.lt\/lv\/wp-json\/wp\/v2\/product_cat?post=28922"},{"taxonomy":"product_tag","embeddable":true,"href":"https:\/\/zooprekes24.lt\/lv\/wp-json\/wp\/v2\/product_tag?post=28922"}],"curies":[{"name":"wp","href":"https:\/\/api.w.org\/{rel}","templated":true}]}}