{"id":28918,"date":"2024-08-02T20:37:33","date_gmt":"2024-08-02T17:37:33","guid":{"rendered":"https:\/\/zooprekes24.lt\/?post_type=product&#038;p=28918"},"modified":"2026-04-20T09:26:13","modified_gmt":"2026-04-20T07:26:13","slug":"quattro-pieauguso-visu-skirnu-piles-begrudis","status":"publish","type":"product","link":"https:\/\/zooprekes24.lt\/lv\/produktas\/quattro-adult-all-breed-duck-begrudis\/","title":{"rendered":"Quattro Adult All Breed Duck saus\u0101 bar\u012bba su\u0146iem bez graudiem"},"content":{"rendered":"<h3>Quattro Adult All Breed Duck ir sausa bar\u012bba bez graudiem ar p\u012bl\u0113m visu \u0161\u0137ir\u0146u pieaugu\u0161iem su\u0146iem ar jut\u012bgu gremo\u0161anu. Bar\u012bba ir izgatavota, izmantojot inovat\u012bvu liofiliz\u0113tas ga\u013cas p\u0101rkl\u0101juma tehnolo\u0123iju. \u0160is unik\u0101lais risin\u0101jums katru granulu p\u0101rkl\u0101j ar dabisku liofiliz\u0113tu ga\u013cu, kas ne tikai bag\u0101tina bar\u012bbu, bet ar\u012b uzlabo bar\u012bbas kvalit\u0101ti. <a href=\"https:\/\/www.youtube.com\/watch?v=nHBX0FeuZ9w\" target=\"_blank\" rel=\"noopener\">Quattro<\/a> bar\u012bba ar dabiski saglab\u0101t\u0101m bar\u012bbas viel\u0101m, k\u0101 ar\u012b ar lielisk\u0101m \u0113\u0161anas \u012bpa\u0161\u012bb\u0101m.<\/h3>\n<div class=\"food-feature\">\n<div class=\"food-feature\">\n<div class=\"big\">\n<ul>\n<li class=\"big\">\n<div class=\"big\">Omega 3 un 6. Neaizst\u0101jam\u0101s tauksk\u0101bes pal\u012bdz barot \u0101du un ka\u017eoku, stiprina sirdi un veicina j\u016bsu m\u012blu\u013ca visp\u0101r\u0113jo gar\u012bgo labsaj\u016btu.<\/div>\n<\/li>\n<li>\n<div class=\"big\">Nav graudaugu. Visu \u0161\u0137ir\u0146u su\u0146iem paredz\u0113t\u0101 produktu l\u012bnija nesatur graudus. Produktu sast\u0101v\u0101 ir saldie kartupe\u013ci un bie\u0161u m\u012bkstums, kas nodro\u0161ina ikdienas uzturu su\u0146iem ar jut\u012bgu gremo\u0161anas sist\u0113mu.<\/div>\n<\/li>\n<li>\n<div class=\"big\">Jut\u012bgai gremo\u0161anai. Augstas kvalit\u0101tes p\u012ble nodro\u0161ina suni ar viegli sagremojamiem olbaltumviel\u0101m, prebiotik\u0101m un augu izcelsmes \u0161\u0137iedrviel\u0101m, kas veicina gremo\u0161anas trakta darb\u012bbu un pal\u012bdz uztur\u0113t labu fek\u0101liju kvalit\u0101ti.<\/div>\n<\/li>\n<li>\n<div class=\"big\">Imunit\u0101tes atbalstam. Kalt\u0113ti gar\u0161augu un aug\u013cu ekstrakti (rozmar\u012bns, kurkuma, krustnagli\u0146as, greipfr\u016btu ekstrakts, kli\u0146\u0123er\u012b\u0161u ziedi) nodro\u0161ina dabisku aizsardz\u012bbu pret br\u012bvo radik\u0101\u013cu negat\u012bvo ietekmi, vienlaikus saglab\u0101jot izcilu im\u016bnsist\u0113mu.<\/div>\n<\/li>\n<\/ul>\n<\/div>\n<\/div>\n<\/div>","protected":false},"excerpt":{"rendered":"<p>Quattro Adult All Breed Duck &#8211; sausas begr\u016bdis pa\u0161aras su antiena, skirtas vis\u0173 veisli\u0173 suaugusiems \u0161unims, turintiems jautr\u0173 vir\u0161kinim\u0105. Maistas pagamintas naudojant inovatyvi\u0105 &#8222;freeze-dried meat coated&#8221; technologij\u0105. \u0160io i\u0161skirtinio sprendimo pagalba kiekviena pa\u0161aro granul\u0117 padengiama nat\u016bralia liofilizuota m\u0117sa, ne tik praturtinan\u010dia Quattro pa\u0161arus nat\u016braliai i\u0161saugotomis maistin\u0117mis med\u017eiagomis, bet ir u\u017etikrinan\u010dia puiku produkto \u0117damum\u0105. Omega 3&#8230;<\/p>","protected":false},"featured_media":28921,"comment_status":"closed","ping_status":"closed","template":"","meta":{"_acf_changed":false,"slim_seo":{"title":"Quattro Adult All Breed Duck begr\u016bdis sausas maistas \u0161unims - Zooprekes24","description":"Quattro Adult All Breed Duck ir sausa bar\u012bba bez graudiem ar p\u012bl\u0113m visu \u0161\u0137ir\u0146u pieaugu\u0161iem su\u0146iem ar jut\u012bgu gremo\u0161anu. Bar\u012bba ir izgatavota no"},"iawp_total_views":309},"product_brand":[],"product_cat":[9001,9055,9076,9002,8999,29,31],"product_tag":[175,176,177,743,751,200],"class_list":{"0":"post-28918","1":"product","2":"type-product","3":"status-publish","4":"has-post-thumbnail","6":"product_cat-begrudis-maistas","7":"product_cat-isdziovintas-saltyje-maistas","8":"product_cat-quattro-sunims","9":"product_cat-sausas-maistas","10":"product_cat-sunims","11":"product_cat-sunu-maistas","12":"product_cat-sunu-prekiu-gamintojai","13":"product_tag-begrudis-maistas-sunims","14":"product_tag-begrudis-sunu-maistas","15":"product_tag-edalas-sunims","16":"product_tag-isdziovintas-saltyje-maistas","17":"product_tag-quattro-isdziovintas-saltyje","18":"product_tag-super-premium-maistas-sunims","19":"pa_pasaro-sudetis-antiena","20":"pa_prekiu-zenklai-quattro","21":"pa_suns-amzius-suaugusiems","22":"pa_veisles-dydis-didelems-veislems","23":"pa_veisles-dydis-mazoms-veislems","24":"pa_veisles-dydis-vidutinems-veislems","25":"pa_veisles-dydis-visu-dydziu-veislems","27":"first","28":"instock","29":"sale","30":"taxable","31":"shipping-taxable","32":"purchasable","33":"product-type-variable"},"acf":[],"_links":{"self":[{"href":"https:\/\/zooprekes24.lt\/lv\/wp-json\/wp\/v2\/product\/28918","targetHints":{"allow":["GET"]}}],"collection":[{"href":"https:\/\/zooprekes24.lt\/lv\/wp-json\/wp\/v2\/product"}],"about":[{"href":"https:\/\/zooprekes24.lt\/lv\/wp-json\/wp\/v2\/types\/product"}],"replies":[{"embeddable":true,"href":"https:\/\/zooprekes24.lt\/lv\/wp-json\/wp\/v2\/comments?post=28918"}],"wp:featuredmedia":[{"embeddable":true,"href":"https:\/\/zooprekes24.lt\/lv\/wp-json\/wp\/v2\/media\/28921"}],"wp:attachment":[{"href":"https:\/\/zooprekes24.lt\/lv\/wp-json\/wp\/v2\/media?parent=28918"}],"wp:term":[{"taxonomy":"product_brand","embeddable":true,"href":"https:\/\/zooprekes24.lt\/lv\/wp-json\/wp\/v2\/product_brand?post=28918"},{"taxonomy":"product_cat","embeddable":true,"href":"https:\/\/zooprekes24.lt\/lv\/wp-json\/wp\/v2\/product_cat?post=28918"},{"taxonomy":"product_tag","embeddable":true,"href":"https:\/\/zooprekes24.lt\/lv\/wp-json\/wp\/v2\/product_tag?post=28918"}],"curies":[{"name":"wp","href":"https:\/\/api.w.org\/{rel}","templated":true}]}}