{"id":28909,"date":"2024-08-02T20:39:56","date_gmt":"2024-08-02T17:39:56","guid":{"rendered":"https:\/\/zooprekes24.lt\/?post_type=product&#038;p=28909"},"modified":"2026-04-20T09:24:25","modified_gmt":"2026-04-20T07:24:25","slug":"quattro-pieaugusie-visu-skirnu-jeri-begrudis","status":"publish","type":"product","link":"https:\/\/zooprekes24.lt\/lv\/produktas\/quattro-adult-all-breed-lamb-begrudis\/","title":{"rendered":"Quattro Adult All Breed Lamb saus\u0101 bar\u012bba su\u0146iem bez graudiem"},"content":{"rendered":"<h3>Quattro Adult All Breed Lamb ir sausa bar\u012bba bez graudiem ar j\u0113ra monoprote\u012bniem visu \u0161\u0137ir\u0146u pieaugu\u0161iem su\u0146iem ar jut\u012bgu gremo\u0161anu. Bar\u012bba ir izgatavota, izmantojot inovat\u012bvu liofiliz\u0113tas ga\u013cas p\u0101rkl\u0101juma tehnolo\u0123iju. \u0160is unik\u0101lais risin\u0101jums katru granulu p\u0101rkl\u0101j ar dabisku liofiliz\u0113tu ga\u013cu, kas ne tikai bag\u0101tina bar\u012bbu <a href=\"https:\/\/www.youtube.com\/watch?v=nHBX0FeuZ9w\" target=\"_blank\" rel=\"noopener\">Quattro<\/a> bar\u012bba ar dabiski saglab\u0101t\u0101m bar\u012bbas viel\u0101m, k\u0101 ar\u012b ar lielisk\u0101m \u0113\u0161anas \u012bpa\u0161\u012bb\u0101m.<\/h3>\n<div class=\"food-feature\">\n<div class=\"food-feature\">\n<ul>\n<li>\n<div class=\"big\">Hipoaler\u0123isks. J\u0113ra ga\u013ca ir hipoaler\u0123isku olbaltumvielu avots, kas var iev\u0113rojami samazin\u0101t aler\u0123isku reakciju iesp\u0113jam\u012bbu su\u0146iem.<\/div>\n<\/li>\n<li>\n<div class=\"big\">\u0100da un ka\u017eok\u0101das. Omega-3 un omega-6 tauksk\u0101bes kop\u0101 ar cinku un B grupas vitam\u012bniem pal\u012bdz uztur\u0113t vesel\u012bgu \u0101du un m\u012bkstu un sp\u012bd\u012bgu ka\u017eoku.<\/div>\n<\/li>\n<li>Nav graudaugu. Visu \u0161\u0137ir\u0146u su\u0146iem paredz\u0113t\u0101 produktu l\u012bnija nesatur graudus. Produktu sast\u0101v\u0101 ir saldie kartupe\u013ci un bie\u0161u m\u012bkstums, kas nodro\u0161ina ikdienas uzturu su\u0146iem ar jut\u012bgu gremo\u0161anas sist\u0113mu.<\/li>\n<li>\n<div class=\"big\">Jut\u012bgai gremo\u0161anai. Augstas kvalit\u0101tes j\u0113ra ga\u013ca nodro\u0161ina suni ar viegli sagremojamiem olbaltumviel\u0101m, prebiotikas un augu izcelsmes \u0161\u0137iedrvielas veicina gremo\u0161anas trakta darb\u012bbu un pal\u012bdz uztur\u0113t labu fek\u0101liju kvalit\u0101ti.<\/div>\n<\/li>\n<\/ul>\n<\/div>\n<\/div>","protected":false},"excerpt":{"rendered":"<p>Quattro Adult All Breed Lamb &#8211; sausas begr\u016bdis pa\u0161aras su \u0117rienos monoproteinu, skirtas vis\u0173 veisli\u0173 suaugusiems \u0161unims, turintiems jautr\u0173 vir\u0161kinim\u0105. Maistas pagamintas naudojant inovatyvi\u0105 &#8222;freeze-dried meat coated&#8221; technologij\u0105. \u0160io i\u0161skirtinio sprendimo pagalba kiekviena pa\u0161aro granul\u0117 padengiama nat\u016bralia liofilizuota m\u0117sa, ne tik praturtinan\u010dia Quattro pa\u0161arus nat\u016braliai i\u0161saugotomis maistin\u0117mis med\u017eiagomis, bet ir u\u017etikrinan\u010dia puiku produkto \u0117damum\u0105. Hipoalerginis&#8230;.<\/p>","protected":false},"featured_media":28913,"comment_status":"closed","ping_status":"closed","template":"","meta":{"_acf_changed":false,"slim_seo":{"title":"Quattro Adult All Breed Lamb begr\u016bdis sausas maistas \u0161unims - Zooprekes24","description":"Quattro Adult All Breed Lamb ir sausa bar\u012bba bez graudiem ar j\u0113ra monoprote\u012bniem visu \u0161\u0137ir\u0146u pieaugu\u0161iem su\u0146iem ar jut\u012bgu gremo\u0161anu. Bar\u012bba ir piem\u0113rota visu \u0161\u0137ir\u0146u liellopiem, k\u0101 ar\u012b visu tipu liellopiem ar paaugstin\u0101tu gremo\u0161anas sp\u0113ju."},"iawp_total_views":372},"product_brand":[],"product_cat":[9001,9055,9076,9002,8999,29,31],"product_tag":[175,176,177,743,751,200],"class_list":{"0":"post-28909","1":"product","2":"type-product","3":"status-publish","4":"has-post-thumbnail","6":"product_cat-begrudis-maistas","7":"product_cat-isdziovintas-saltyje-maistas","8":"product_cat-quattro-sunims","9":"product_cat-sausas-maistas","10":"product_cat-sunims","11":"product_cat-sunu-maistas","12":"product_cat-sunu-prekiu-gamintojai","13":"product_tag-begrudis-maistas-sunims","14":"product_tag-begrudis-sunu-maistas","15":"product_tag-edalas-sunims","16":"product_tag-isdziovintas-saltyje-maistas","17":"product_tag-quattro-isdziovintas-saltyje","18":"product_tag-super-premium-maistas-sunims","19":"pa_pasaro-sudetis-eriena","20":"pa_prekiu-zenklai-quattro","21":"pa_suns-amzius-suaugusiems","22":"pa_veisles-dydis-didelems-veislems","23":"pa_veisles-dydis-mazoms-veislems","24":"pa_veisles-dydis-vidutinems-veislems","25":"pa_veisles-dydis-visu-dydziu-veislems","27":"first","28":"instock","29":"sale","30":"featured","31":"taxable","32":"shipping-taxable","33":"purchasable","34":"product-type-variable"},"acf":[],"_links":{"self":[{"href":"https:\/\/zooprekes24.lt\/lv\/wp-json\/wp\/v2\/product\/28909","targetHints":{"allow":["GET"]}}],"collection":[{"href":"https:\/\/zooprekes24.lt\/lv\/wp-json\/wp\/v2\/product"}],"about":[{"href":"https:\/\/zooprekes24.lt\/lv\/wp-json\/wp\/v2\/types\/product"}],"replies":[{"embeddable":true,"href":"https:\/\/zooprekes24.lt\/lv\/wp-json\/wp\/v2\/comments?post=28909"}],"wp:featuredmedia":[{"embeddable":true,"href":"https:\/\/zooprekes24.lt\/lv\/wp-json\/wp\/v2\/media\/28913"}],"wp:attachment":[{"href":"https:\/\/zooprekes24.lt\/lv\/wp-json\/wp\/v2\/media?parent=28909"}],"wp:term":[{"taxonomy":"product_brand","embeddable":true,"href":"https:\/\/zooprekes24.lt\/lv\/wp-json\/wp\/v2\/product_brand?post=28909"},{"taxonomy":"product_cat","embeddable":true,"href":"https:\/\/zooprekes24.lt\/lv\/wp-json\/wp\/v2\/product_cat?post=28909"},{"taxonomy":"product_tag","embeddable":true,"href":"https:\/\/zooprekes24.lt\/lv\/wp-json\/wp\/v2\/product_tag?post=28909"}],"curies":[{"name":"wp","href":"https:\/\/api.w.org\/{rel}","templated":true}]}}