{"id":28727,"date":"2024-07-25T16:32:53","date_gmt":"2024-07-25T13:32:53","guid":{"rendered":"https:\/\/zooprekes24.lt\/?post_type=product&#038;p=28727"},"modified":"2026-05-11T17:01:29","modified_gmt":"2026-05-11T15:01:29","slug":"masazine-sukavimo-pirstine","status":"publish","type":"product","link":"https:\/\/zooprekes24.lt\/lv\/produktas\/masazine-sukavimo-pirstine\/","title":{"rendered":"Masa\u017ein\u0117 \u0161ukavimo pir\u0161tin\u0117 \u0161unims ir kat\u0117ms, m\u0117lyna"},"content":{"rendered":"<h3>Masa\u017ein\u0117 augintinio \u0161ukavimo pir\u0161tin\u0117 t<strong>ai masa\u017eini\u0173 savybi\u0173 turinti pir\u0161tin\u0117, kuri puikiai \u0161ukuoja ir surenka perteklinius augintinio plaukus. Pir\u0161tin\u0117 turi net 180 ma\u017e\u0173 silikonini\u0173 \u0161ereli\u0173, kurie u\u017etikrina efektyv\u0173 plauk\u0173 surinkim\u0105 net i\u0161 sunkiai prieinam\u0173 viet\u0173 &#8211; tarpkojo, kr\u016btin\u0117s, uodegos ir kt.<\/strong><\/h3>\n<ul>\n<li>1 vnt.<\/li>\n<li>Spalva: m\u0117lyna.<\/li>\n<li>Tinka \u0161unims ir kat\u0117ms.<\/li>\n<li>I\u0161matavimai: 22 x 15 x 7 cm.<\/li>\n<li>Pagaminta i\u0161 kokybi\u0161k\u0173 med\u017eiag\u0173.<\/li>\n<li>Net 180 mink\u0161t\u0173 silikonini\u0173 \u0161ereli\u0173, kurie maloniai masa\u017euoja od\u0105.<\/li>\n<li>Lengvas plauk\u0173 \u0161ukavimas (surinkimas) ypa\u010d sezoniniu \u0161erimosi metu.<\/li>\n<li>Pir\u0161tin\u0117 turi u\u017esegim\u0105, kuris prilaiko ir neleid\u017eia pir\u0161tinei nuslysti nuo rankos judesio metu.<\/li>\n<\/ul>","protected":false},"excerpt":{"rendered":"<p>Masa\u017ein\u0117 augintinio \u0161ukavimo pir\u0161tin\u0117 tai masa\u017eini\u0173 savybi\u0173 turinti pir\u0161tin\u0117, kuri puikiai \u0161ukuoja ir surenka perteklinius augintinio plaukus. Pir\u0161tin\u0117 turi net 180 ma\u017e\u0173 silikonini\u0173 \u0161ereli\u0173, kurie u\u017etikrina efektyv\u0173 plauk\u0173 surinkim\u0105 net i\u0161 sunkiai prieinam\u0173 viet\u0173 &#8211; tarpkojo, kr\u016btin\u0117s, uodegos ir kt. 1 vnt. Spalva: m\u0117lyna. Tinka \u0161unims ir kat\u0117ms. I\u0161matavimai: 22 x 15 x 7 cm&#8230;.<\/p>","protected":false},"featured_media":28733,"comment_status":"closed","ping_status":"closed","template":"","meta":{"_acf_changed":false,"slim_seo":{"title":"Masa\u017ein\u0117 \u0161ukavimo pir\u0161tin\u0117 \u0161unims ir kat\u0117ms, m\u0117lyna - Zooprekes24","description":"Masa\u017ein\u0117 augintinio \u0161ukavimo pir\u0161tin\u0117 t ai masa\u017eini\u0173 savybi\u0173 turinti pir\u0161tin\u0117, kuri puikiai \u0161ukuoja ir surenka perteklinius augintinio plaukus. Pir\u0161tin\u0117 turi ne"},"iawp_total_views":0},"product_brand":[],"product_cat":[25,104,9025],"product_tag":[],"class_list":{"0":"post-28727","1":"product","2":"type-product","3":"status-publish","4":"has-post-thumbnail","6":"product_cat-katems","7":"product_cat-kitos-kaciu-prekes","8":"product_cat-prieziuros-priemones-katems","9":"pa_suns-amzius-jauniems","10":"pa_suns-amzius-senjorams","11":"pa_suns-amzius-suaugusiems","12":"pa_suns-amzius-visiems-amziams","13":"pa_veisles-dydis-didelems-veislems","14":"pa_veisles-dydis-mazoms-veislems","15":"pa_veisles-dydis-vidutinems-veislems","16":"pa_veisles-dydis-visu-dydziu-veislems","18":"first","19":"instock","20":"sale","21":"featured","22":"taxable","23":"shipping-taxable","24":"purchasable","25":"product-type-simple"},"acf":[],"_links":{"self":[{"href":"https:\/\/zooprekes24.lt\/lv\/wp-json\/wp\/v2\/product\/28727","targetHints":{"allow":["GET"]}}],"collection":[{"href":"https:\/\/zooprekes24.lt\/lv\/wp-json\/wp\/v2\/product"}],"about":[{"href":"https:\/\/zooprekes24.lt\/lv\/wp-json\/wp\/v2\/types\/product"}],"replies":[{"embeddable":true,"href":"https:\/\/zooprekes24.lt\/lv\/wp-json\/wp\/v2\/comments?post=28727"}],"wp:featuredmedia":[{"embeddable":true,"href":"https:\/\/zooprekes24.lt\/lv\/wp-json\/wp\/v2\/media\/28733"}],"wp:attachment":[{"href":"https:\/\/zooprekes24.lt\/lv\/wp-json\/wp\/v2\/media?parent=28727"}],"wp:term":[{"taxonomy":"product_brand","embeddable":true,"href":"https:\/\/zooprekes24.lt\/lv\/wp-json\/wp\/v2\/product_brand?post=28727"},{"taxonomy":"product_cat","embeddable":true,"href":"https:\/\/zooprekes24.lt\/lv\/wp-json\/wp\/v2\/product_cat?post=28727"},{"taxonomy":"product_tag","embeddable":true,"href":"https:\/\/zooprekes24.lt\/lv\/wp-json\/wp\/v2\/product_tag?post=28727"}],"curies":[{"name":"wp","href":"https:\/\/api.w.org\/{rel}","templated":true}]}}