{"id":28721,"date":"2024-07-25T16:24:46","date_gmt":"2024-07-25T13:24:46","guid":{"rendered":"https:\/\/zooprekes24.lt\/?post_type=product&#038;p=28721"},"modified":"2026-04-20T18:00:15","modified_gmt":"2026-04-20T16:00:15","slug":"dvisluoksnis-kilimelis-pilkas","status":"publish","type":"product","link":"https:\/\/zooprekes24.lt\/lv\/produktas\/dvisluoksnis-kilimelis-pilkas\/","title":{"rendered":"Dvisluoksnis kilim\u0117lis prie ka\u010di\u0173 tualeto, kraiko surinkimui, pilkas"},"content":{"rendered":"<h3>Kat\u0117s kraiko liku\u010diai ant grind\u0173 veda Jus i\u0161 kantryb\u0117s? Nor\u0117tume paprasto sprendimo, kuris u\u017etikrint\u0173 komfort\u0105 ir augintiniui ir Jums? Tuomet dvisluoksnis ka\u010di\u0173 kraiko surinkimo kilim\u0117lis i\u0161spr\u0119s problem\u0105! D\u0117ka kor\u0117to kilim\u0117lio pavir\u0161iaus katei tik i\u0161\u0117jus i\u0161 d\u0117\u017eut\u0117s, visas prie leten\u0173 prilip\u0119s <a href=\"https:\/\/zooprekes24backup.metamark-dev.com\/kategorija\/prekes-katems\/higienos-ir-valymo-priemones-katems\/kraikas-katems\/\" target=\"_blank\" rel=\"noopener\">atkritumi<\/a> nukris \u012f apatin\u012f kilim\u0117lio sluoksn\u012f. Pamir\u0161kite nuolatin\u012f siurbliavim\u0105 ir valym\u0105, leiskite sau pails\u0117ti ir d\u017eiaugtis \u0161vara vonios kambaryje.<\/h3>\n<ul>\n<li>Neslystantis pagrindas.<\/li>\n<li>Neper\u0161lampamas ir ilgaam\u017eis.<\/li>\n<li>Prakti\u0161ka ir universali produkto spalva.<\/li>\n<li>Padeda sutaupyti iki 30% nepanaudoto kraiko kiekio.<\/li>\n<li>Trij\u0173 dyd\u017ei\u0173 pasirinkimas: 50 x 40 cm, 60 x 45 cm, 75 x 55 cm.<\/li>\n<li>Lengva prie\u017ei\u016bra: galima plauti po vandeniu, dezinfekuoti, siurbti dulki\u0173 siurbliu.<\/li>\n<li>Greitas tvarkymas: pakanka praskleisti du sluoksnius ir i\u0161berti susikaupus\u012f kraik\u0105 \u012f \u0161iuk\u0161li\u0173 d\u0117\u017e\u0119 arba atgal \u012f kraiko d\u0117\u017eut\u0119.<\/li>\n<li>Paprasta, patogu ir higieni\u0161ka, pamir\u0161kite apie varginant\u012f kraiko \u0161lavim\u0105 i\u0161 sunkiai pasiekiam\u0173 viet\u0173 ir netvark\u0105 vonios kambaryje.<\/li>\n<li>Kilim\u0117lis pritaikytas naudoti su populiariausiomis kraik\u0173 r\u016b\u0161imis: bentonitiniu, med\u017eio dro\u017eli\u0173, tofu, silikoniniu ir kitomis r\u016b\u0161imis.<\/li>\n<li>Kilim\u0117lio kra\u0161tuose pritvirtinti nailono apvadai, garantuoja, kad grindys po kilim\u0117liu ir aplink j\u012f i\u0161liks bekvap\u0117s, sausos ir higieni\u0161kai \u0161varios.<\/li>\n<li>Rinkit\u0117s i\u0161 3 kilim\u0117li\u0173 dyd\u017ei\u0173 atsi\u017evelgiant \u012f augintinio poreikius. Rekomenduojame rinktis didesn\u012f kilim\u0117l\u012f prie atviro kat\u0117s tuoleto, o ma\u017eesn\u012f \u0161alia u\u017edaro, ta\u010diau nepamir\u0161kite atsi\u017evelgti ir \u012f gyv\u016bno am\u017ei\u0173, dyd\u012f bei svarbiausi\u0105 temperament\u0105 kasin\u0117jant kraik\u0105 \ud83d\ude42<\/li>\n<\/ul>","protected":false},"excerpt":{"rendered":"<p>Kat\u0117s kraiko liku\u010diai ant grind\u0173 veda Jus i\u0161 kantryb\u0117s? Nor\u0117tume paprasto sprendimo, kuris u\u017etikrint\u0173 komfort\u0105 ir augintiniui ir Jums? Tuomet dvisluoksnis ka\u010di\u0173 kraiko surinkimo kilim\u0117lis i\u0161spr\u0119s problem\u0105! D\u0117ka kor\u0117to kilim\u0117lio pavir\u0161iaus katei tik i\u0161\u0117jus i\u0161 d\u0117\u017eut\u0117s, visas prie leten\u0173 prilip\u0119s kraikas nukris \u012f apatin\u012f kilim\u0117lio sluoksn\u012f. Pamir\u0161kite nuolatin\u012f siurbliavim\u0105 ir valym\u0105, leiskite sau pails\u0117ti ir&#8230;<\/p>","protected":false},"featured_media":28725,"comment_status":"closed","ping_status":"closed","template":"","meta":{"_acf_changed":false,"slim_seo":{"title":"Dvisluoksnis kilim\u0117lis prie ka\u010di\u0173 tualeto, kraiko surinkimui, pilkas - Zooprekes24","description":"Kat\u0117s kraiko liku\u010diai ant grind\u0173 veda Jus i\u0161 kantryb\u0117s? Nor\u0117tume paprasto sprendimo, kuris u\u017etikrint\u0173 komfort\u0105 ir augintiniui ir Jums? Tuomet dvisluoksnis ka\u010di\u0173"},"iawp_total_views":0},"product_brand":[],"product_cat":[78,25,9034],"product_tag":[],"class_list":{"0":"post-28721","1":"product","2":"type-product","3":"status-publish","4":"has-post-thumbnail","6":"product_cat-higiena-ir-prieziura-katems","7":"product_cat-katems","8":"product_cat-tualetu-priedai","9":"pa_veisles-dydis-didelems-veislems","10":"pa_veisles-dydis-mazoms-veislems","11":"pa_veisles-dydis-vidutinems-veislems","12":"pa_veisles-dydis-visu-dydziu-veislems","14":"first","15":"instock","16":"taxable","17":"shipping-taxable","18":"product-type-variable"},"acf":[],"_links":{"self":[{"href":"https:\/\/zooprekes24.lt\/lv\/wp-json\/wp\/v2\/product\/28721","targetHints":{"allow":["GET"]}}],"collection":[{"href":"https:\/\/zooprekes24.lt\/lv\/wp-json\/wp\/v2\/product"}],"about":[{"href":"https:\/\/zooprekes24.lt\/lv\/wp-json\/wp\/v2\/types\/product"}],"replies":[{"embeddable":true,"href":"https:\/\/zooprekes24.lt\/lv\/wp-json\/wp\/v2\/comments?post=28721"}],"wp:featuredmedia":[{"embeddable":true,"href":"https:\/\/zooprekes24.lt\/lv\/wp-json\/wp\/v2\/media\/28725"}],"wp:attachment":[{"href":"https:\/\/zooprekes24.lt\/lv\/wp-json\/wp\/v2\/media?parent=28721"}],"wp:term":[{"taxonomy":"product_brand","embeddable":true,"href":"https:\/\/zooprekes24.lt\/lv\/wp-json\/wp\/v2\/product_brand?post=28721"},{"taxonomy":"product_cat","embeddable":true,"href":"https:\/\/zooprekes24.lt\/lv\/wp-json\/wp\/v2\/product_cat?post=28721"},{"taxonomy":"product_tag","embeddable":true,"href":"https:\/\/zooprekes24.lt\/lv\/wp-json\/wp\/v2\/product_tag?post=28721"}],"curies":[{"name":"wp","href":"https:\/\/api.w.org\/{rel}","templated":true}]}}