{"id":28703,"date":"2024-07-25T16:08:13","date_gmt":"2024-07-25T13:08:13","guid":{"rendered":"https:\/\/zooprekes24.lt\/?post_type=product&#038;p=28703"},"modified":"2026-05-11T16:45:23","modified_gmt":"2026-05-11T14:45:23","slug":"hipidog-automatine-sertuve","status":"publish","type":"product","link":"https:\/\/zooprekes24.lt\/lv\/produktas\/hipidog-automatine-sertuve\/","title":{"rendered":"Hipidog automatin\u0117 \u0161ertuv\u0117 \u0161unims ir kat\u0117ms 2.1 kg"},"content":{"rendered":"<h3>Hipidog automatin\u0117 \u0161ertuv\u0117 \u0161unims ir kat\u0117ms &#8211; patogus ir prakti\u0161kas b\u016bdas pasir\u016bpinti augintinio maisto atsargomis. Neslystan\u010dios gumin\u0117s kojel\u0117s esan\u010dios ant dugno suteikia dubeniui stabilum\u0105, bei u\u017etikrina, jog jis i\u0161liks vietoje net ir ant slid\u017ei\u0173 grind\u0173. Skaidrus indas padeda matyti likus\u012f \u0117dalo kiek\u012f.<\/h3>\n<ul>\n<li>Dydis: 32 x 21 x 32 cm.<\/li>\n<li>Pritaikyta naudoti vis\u0173 veisli\u0173 <a href=\"https:\/\/zooprekes24backup.metamark-dev.com\/kategorija\/prekes-sunims\/\" target=\"_blank\" rel=\"noopener\">Su\u0146iem<\/a> un <a href=\"https:\/\/zooprekes24backup.metamark-dev.com\/kategorija\/prekes-katems\/\" target=\"_blank\" rel=\"noopener\">ka\u0137iem<\/a>.<\/li>\n<li>Su neslystan\u010diomis kojel\u0117mis ant duben\u0117lio dugno.<\/li>\n<li>Pagaminta i\u0161 aplinkai bei augintiniams saugaus plastiko.<\/li>\n<li>Naudojimui nereikalinga elektra, tod\u0117l gali b\u016bti pastatoma bet kur.<\/li>\n<li>Didel\u0117 2.1 kg talpa, talpina apie \u00b17 dien\u0173 atsargas ma\u017e\u0173 veisli\u0173 augintiniams ir \u00b13 dien\u0173 atsargas dideli\u0173 veisli\u0173 \u0161unims.<\/li>\n<li>Hipidog automatin\u0117 \u0161ertuv\u0117 idealus sprendimas u\u017eimtiems \u0161eimininkams, kurie dirba iki v\u0117lyvo vakaro bei kai reikia pasir\u016bpinti maisto atsargomis prie\u0161 i\u0161vykstant \u012f kelion\u0119.<\/li>\n<\/ul>","protected":false},"excerpt":{"rendered":"<p>Hipidog automatin\u0117 \u0161ertuv\u0117 \u0161unims ir kat\u0117ms &#8211; patogus ir prakti\u0161kas b\u016bdas pasir\u016bpinti augintinio maisto atsargomis. Neslystan\u010dios gumin\u0117s kojel\u0117s esan\u010dios ant dugno suteikia dubeniui stabilum\u0105, bei u\u017etikrina, jog jis i\u0161liks vietoje net ir ant slid\u017ei\u0173 grind\u0173. Skaidrus indas padeda matyti likus\u012f \u0117dalo kiek\u012f. Dydis: 32 x 21 x 32 cm. Pritaikyta naudoti vis\u0173 veisli\u0173 \u0161unims ir&#8230;<\/p>","protected":false},"featured_media":28710,"comment_status":"closed","ping_status":"closed","template":"","meta":{"_acf_changed":false,"slim_seo":{"title":"Hipidog automatin\u0117 \u0161ertuv\u0117 \u0161unims ir kat\u0117ms 2.1 kg - Zooprekes24","description":"Hipidog automatin\u0117 \u0161ertuv\u0117 \u0161unims ir kat\u0117ms - patogus ir prakti\u0161kas b\u016bdas pasir\u016bpinti augintinio maisto atsargomis. Neslystan\u010dios gumin\u0117s kojel\u0117s esan\u010dios ant d"},"iawp_total_views":0},"product_brand":[],"product_cat":[9057,9140,25,104,32,8999],"product_tag":[],"class_list":{"0":"post-28703","1":"product","2":"type-product","3":"status-publish","4":"has-post-thumbnail","6":"product_cat-dubeneliai-ir-girdyklos","7":"product_cat-dubeneliai-ir-girdyklos-kitos-kaciu-prekes","8":"product_cat-katems","9":"product_cat-kitos-kaciu-prekes","10":"product_cat-kitos-sunu-prekes","11":"product_cat-sunims","12":"pa_prekiu-zenklai-hipodog","13":"pa_suns-amzius-jauniems","14":"pa_suns-amzius-senjorams","15":"pa_suns-amzius-suaugusiems","16":"pa_suns-amzius-visiems-amziams","17":"pa_veisles-dydis-didelems-veislems","18":"pa_veisles-dydis-mazoms-veislems","19":"pa_veisles-dydis-vidutinems-veislems","20":"pa_veisles-dydis-visu-dydziu-veislems","22":"first","23":"instock","24":"sale","25":"featured","26":"taxable","27":"shipping-taxable","28":"purchasable","29":"product-type-variable"},"acf":[],"_links":{"self":[{"href":"https:\/\/zooprekes24.lt\/lv\/wp-json\/wp\/v2\/product\/28703","targetHints":{"allow":["GET"]}}],"collection":[{"href":"https:\/\/zooprekes24.lt\/lv\/wp-json\/wp\/v2\/product"}],"about":[{"href":"https:\/\/zooprekes24.lt\/lv\/wp-json\/wp\/v2\/types\/product"}],"replies":[{"embeddable":true,"href":"https:\/\/zooprekes24.lt\/lv\/wp-json\/wp\/v2\/comments?post=28703"}],"wp:featuredmedia":[{"embeddable":true,"href":"https:\/\/zooprekes24.lt\/lv\/wp-json\/wp\/v2\/media\/28710"}],"wp:attachment":[{"href":"https:\/\/zooprekes24.lt\/lv\/wp-json\/wp\/v2\/media?parent=28703"}],"wp:term":[{"taxonomy":"product_brand","embeddable":true,"href":"https:\/\/zooprekes24.lt\/lv\/wp-json\/wp\/v2\/product_brand?post=28703"},{"taxonomy":"product_cat","embeddable":true,"href":"https:\/\/zooprekes24.lt\/lv\/wp-json\/wp\/v2\/product_cat?post=28703"},{"taxonomy":"product_tag","embeddable":true,"href":"https:\/\/zooprekes24.lt\/lv\/wp-json\/wp\/v2\/product_tag?post=28703"}],"curies":[{"name":"wp","href":"https:\/\/api.w.org\/{rel}","templated":true}]}}