{"id":27529,"date":"2024-06-19T17:29:44","date_gmt":"2024-06-19T14:29:44","guid":{"rendered":"https:\/\/zooprekes24.lt\/?post_type=product&#038;p=27529"},"modified":"2026-03-10T15:25:45","modified_gmt":"2026-03-10T13:25:45","slug":"bioiberica-atopivet-losjons-suniem-un-kakiem","status":"publish","type":"product","link":"https:\/\/zooprekes24.lt\/lv\/produktas\/bioiberica-atopivet-lotion-sunims-ir-katems\/","title":{"rendered":"Bioiberica Atopivet losjons su\u0146iem un ka\u0137iem, losjons epidermas atjauno\u0161anai p\u0113c un dermatolo\u0123isku slim\u012bbu laik\u0101 N16"},"content":{"rendered":"<h3>Bioiberica Atopivet losjons su\u0146iem un ka\u0137iem ir izstr\u0101d\u0101ts, lai atjaunotu j\u016bsu m\u012blu\u013ca \u0101das vesel\u012bbu, \u012bpa\u0161i t\u0101du dermatolo\u0123isku slim\u012bbu gad\u012bjum\u0101 k\u0101 atopiskais dermat\u012bts. Tas stiprina \u0101das barjeru un aizsarg\u0101 pret alerg\u0113niem, kairin\u0101t\u0101jiem un patog\u0113niem. Satur pretiekaisuma sast\u0101vda\u013cas, kas pal\u012bdz mazin\u0101t ar \u0101das slim\u012bb\u0101m saist\u012bto diskomfortu un niezi.<\/h3>\n<ul>\n<li>Nostiprina \u0101das barjeru, aizsarg\u0101jot pret alerg\u0113niem, kairin\u0101t\u0101jiem un patog\u0113niem.<\/li>\n<li>T\u0101 satur pretiekaisuma sast\u0101vda\u013cas, kas mazina niezi un iekaisumu.<\/li>\n<li>Hialuronsk\u0101be un alveja dzi\u013ci mitrina un nomierina \u0101du, uzlabojot t\u0101s st\u0101vokli un nodro\u0161inot pat\u012bkamu saj\u016btu.<\/li>\n<li>Nukleot\u012bdi veicina \u0101das dabisko im\u016bnsist\u0113mu, pal\u012bdzot tai lab\u0101k rea\u0123\u0113t uz kairin\u0101t\u0101jiem un alerg\u0113niem.<\/li>\n<li>Glikotehnolo\u0123ija samazina mikrobiolo\u0123isko infekciju risku, ne\u013caujot kait\u012bgajiem organismiem pielipin\u0101t \u0101du.<\/li>\n<li>Losjona tekst\u016bra \u013cauj to viegli uzkl\u0101t un vienm\u0113r\u012bgi sadal\u012bt uz m\u0101jdz\u012bvnieka \u0101das, pat gr\u016bti aizsniedzam\u0101s viet\u0101s. At\u0161\u0137ir\u012bb\u0101 no \u0161amp\u016bniem vai kondicionieriem l\u012bdzeklis nav j\u0101noskalo, t\u0101p\u0113c to ir \u0113rti lietot regul\u0101ri. L\u012bdzeklis \u0101tri ies\u016bcas \u0101d\u0101 un ne tikai uzreiz mazina sausuma un sasprindzin\u0101juma simptomus, bet ar\u012b sniedz \u0101dai komforta saj\u016btu, neatst\u0101jot taukainu pl\u0113vi.<\/li>\n<\/ul>","protected":false},"excerpt":{"rendered":"<p>Bioiberica Atopivet Lotion losjonas \u0161unims ir kat\u0117ms skirtas atstatyti augintinio odos sveikat\u0105, ypa\u010d susid\u016brus su dermatologin\u0117mis ligomis, tokiomis kaip: atopinis dermatitas. Stiprina odos barjer\u0105, apsaugo nuo alergen\u0173, dirgikli\u0173 ir patogen\u0173. Sud\u0117tyje yra prie\u0161u\u017edegimini\u0173 ingredient\u0173, kurie padeda suma\u017einti odos diskomfort\u0105 ir nie\u017e\u0117jim\u0105 susijus\u012f su odos ligomis. Stiprina odos barjer\u0105, apsaugo nuo alergen\u0173, dirgikli\u0173 ir patogen\u0173. Sud\u0117tyje&#8230;<\/p>","protected":false},"featured_media":27532,"comment_status":"closed","ping_status":"closed","template":"","meta":{"_acf_changed":false,"slim_seo":{"title":"Bioiberica Atopivet Lotion \u0161unims ir kat\u0117ms, losjonas epidermio atstatymui po dermatologini\u0173 lig\u0173 bei j\u0173 metu N16 - Zooprekes24","description":"Bioiberica Atopivet losjons su\u0146iem un ka\u0137iem ir izstr\u0101d\u0101ts, lai atjaunotu j\u016bsu m\u012blu\u013ca \u0101das vesel\u012bbu, \u012bpa\u0161i, ja ir dermatolo\u0123iskas saslim\u0161anas, piem\u0113ram, atopiskas slim\u012bbas."},"iawp_total_views":102},"product_brand":[],"product_cat":[9112,9102,83,25,104,32,8999,31,9017,9022],"product_tag":[],"class_list":{"0":"post-27529","1":"product","2":"type-product","3":"status-publish","4":"has-post-thumbnail","6":"product_cat-bioiberica-katems","7":"product_cat-bioiberica-sunims","8":"product_cat-kaciu-prekiu-gamintojai","9":"product_cat-katems","10":"product_cat-kitos-kaciu-prekes","11":"product_cat-kitos-sunu-prekes","12":"product_cat-sunims","13":"product_cat-sunu-prekiu-gamintojai","14":"product_cat-vitaminai-ir-papildai-katems","15":"product_cat-vitaminai-ir-papildai-sunims","16":"pa_prekiu-zenklai-bioiberica","17":"pa_suns-amzius-jauniems","18":"pa_suns-amzius-senjorams","19":"pa_suns-amzius-suaugusiems","20":"pa_suns-amzius-visiems-amziams","21":"pa_veisles-dydis-didelems-veislems","22":"pa_veisles-dydis-mazoms-veislems","23":"pa_veisles-dydis-vidutinems-veislems","24":"pa_veisles-dydis-visu-dydziu-veislems","26":"first","27":"outofstock","28":"featured","29":"taxable","30":"shipping-taxable","31":"purchasable","32":"product-type-simple"},"acf":[],"_links":{"self":[{"href":"https:\/\/zooprekes24.lt\/lv\/wp-json\/wp\/v2\/product\/27529","targetHints":{"allow":["GET"]}}],"collection":[{"href":"https:\/\/zooprekes24.lt\/lv\/wp-json\/wp\/v2\/product"}],"about":[{"href":"https:\/\/zooprekes24.lt\/lv\/wp-json\/wp\/v2\/types\/product"}],"replies":[{"embeddable":true,"href":"https:\/\/zooprekes24.lt\/lv\/wp-json\/wp\/v2\/comments?post=27529"}],"wp:featuredmedia":[{"embeddable":true,"href":"https:\/\/zooprekes24.lt\/lv\/wp-json\/wp\/v2\/media\/27532"}],"wp:attachment":[{"href":"https:\/\/zooprekes24.lt\/lv\/wp-json\/wp\/v2\/media?parent=27529"}],"wp:term":[{"taxonomy":"product_brand","embeddable":true,"href":"https:\/\/zooprekes24.lt\/lv\/wp-json\/wp\/v2\/product_brand?post=27529"},{"taxonomy":"product_cat","embeddable":true,"href":"https:\/\/zooprekes24.lt\/lv\/wp-json\/wp\/v2\/product_cat?post=27529"},{"taxonomy":"product_tag","embeddable":true,"href":"https:\/\/zooprekes24.lt\/lv\/wp-json\/wp\/v2\/product_tag?post=27529"}],"curies":[{"name":"wp","href":"https:\/\/api.w.org\/{rel}","templated":true}]}}