{"id":27523,"date":"2024-06-19T16:31:07","date_gmt":"2024-06-19T13:31:07","guid":{"rendered":"https:\/\/zooprekes24.lt\/?post_type=product&#038;p=27523"},"modified":"2026-04-27T04:29:20","modified_gmt":"2026-04-27T02:29:20","slug":"bioiberica-atopivet-apkakle-suniem","status":"publish","type":"product","link":"https:\/\/zooprekes24.lt\/lv\/produktas\/bioiberica-atopivet-antkaklis-sunims\/","title":{"rendered":"Bioiberica Atopivet apkakle su\u0146iem, \u0101das baro\u0161anai un aizsardz\u012bbai pret dehidrat\u0101ciju, &gt;10 kg, 75 cm gara"},"content":{"rendered":"<h3>Bioiberica Atopivet Collar ir kosm\u0113tikas l\u012bdzeklis su\u0146u \u0101das kop\u0161anai, \u012bpa\u0161i atopisk\u0101 dermat\u012bta vai citu \u0101das slim\u012bbu gad\u012bjumos.<\/h3>\n<ul>\n<li>Akt\u012bv\u0101s sast\u0101vda\u013cas: neaizvietojam\u0101s tauksk\u0101bes un citi savienojumi, kas mitrina dz\u012bvnieka \u0101du un ka\u017eoku.<\/li>\n<li>\u016adensnecaurlaid\u012bga: apkakle ir izstr\u0101d\u0101ta t\u0101, lai t\u0101 b\u016btu \u016bdensnecaurlaid\u012bga, t\u0101p\u0113c su\u0146i to var n\u0113s\u0101t nep\u0101rtraukti, nezaud\u0113jot t\u0101s efektivit\u0101ti.<\/li>\n<li>\u0112rta lieto\u0161ana: apkakle nodro\u0161ina nep\u0101rtrauktu akt\u012bvo sast\u0101vda\u013cu izdal\u012b\u0161anos un ir \u0113rta alternat\u012bva iek\u0161\u0137\u012bgi lietojamiem uztura bag\u0101tin\u0101t\u0101jiem vai lok\u0101lai \u0101rst\u0113\u0161anai.<\/li>\n<li>Atbalsts \u0101das vesel\u012bbai: apkakle ir izstr\u0101d\u0101ta, lai pal\u012bdz\u0113tu nov\u0113rst un mazin\u0101t atopisk\u0101 dermat\u012bta simptomus, piem\u0113ram, niezi, aps\u0101rtumu un iekaisumu.<\/li>\n<\/ul>","protected":false},"excerpt":{"rendered":"<p>Bioiberica Atopivet antkaklis yra kosmetinis produktas skirtas \u0161un\u0173 odos prie\u017ei\u016brai ypa\u010d sergant atopiniu dermatitu ar kitomis odos ligomis. Aktyv\u016bs ingredientai: sud\u0117tyje esan\u010dios nepakei\u010diamos riebal\u0173 r\u016bg\u0161tys ir kiti junginiai, dr\u0117kina gyv\u016bno od\u0105 bei kail\u012f. Atsparus vandeniui: antkaklis sukurtas taip, kad b\u016bt\u0173 atsparus vandeniui, tod\u0117l \u0161unys gali juos d\u0117v\u0117ti nuolat neprarandant savo veiksmingumo. Patogus naudojimas: antkaklis u\u017etikrina&#8230;<\/p>","protected":false},"featured_media":27525,"comment_status":"closed","ping_status":"closed","template":"","meta":{"_acf_changed":false,"slim_seo":{"title":"Bioiberica Atopivet antkaklis \u0161unims, odos maitinimui ir apsaugai nuo dehidratacijos, &gt;10 kg, 75 cm ilgio - Zooprekes24","description":"Bioiberica Atopivet Collar ir kosm\u0113tikas l\u012bdzeklis su\u0146u \u0101das kop\u0161anai, \u012bpa\u0161i atopisk\u0101 dermat\u012bta vai citu \u0101das slim\u012bbu gad\u012bjumos. Akt\u012bv\u0101s sast\u0101vda\u013cas"},"iawp_total_views":59},"product_brand":[],"product_cat":[9102,32,8999,31,9022],"product_tag":[],"class_list":{"0":"post-27523","1":"product","2":"type-product","3":"status-publish","4":"has-post-thumbnail","6":"product_cat-bioiberica-sunims","7":"product_cat-kitos-sunu-prekes","8":"product_cat-sunims","9":"product_cat-sunu-prekiu-gamintojai","10":"product_cat-vitaminai-ir-papildai-sunims","11":"pa_prekiu-zenklai-bioiberica","12":"pa_suns-amzius-jauniems","13":"pa_suns-amzius-senjorams","14":"pa_suns-amzius-suaugusiems","15":"pa_suns-amzius-visiems-amziams","16":"pa_veisles-dydis-didelems-veislems","17":"pa_veisles-dydis-vidutinems-veislems","19":"first","20":"instock","21":"featured","22":"taxable","23":"shipping-taxable","24":"purchasable","25":"product-type-simple"},"acf":[],"_links":{"self":[{"href":"https:\/\/zooprekes24.lt\/lv\/wp-json\/wp\/v2\/product\/27523","targetHints":{"allow":["GET"]}}],"collection":[{"href":"https:\/\/zooprekes24.lt\/lv\/wp-json\/wp\/v2\/product"}],"about":[{"href":"https:\/\/zooprekes24.lt\/lv\/wp-json\/wp\/v2\/types\/product"}],"replies":[{"embeddable":true,"href":"https:\/\/zooprekes24.lt\/lv\/wp-json\/wp\/v2\/comments?post=27523"}],"wp:featuredmedia":[{"embeddable":true,"href":"https:\/\/zooprekes24.lt\/lv\/wp-json\/wp\/v2\/media\/27525"}],"wp:attachment":[{"href":"https:\/\/zooprekes24.lt\/lv\/wp-json\/wp\/v2\/media?parent=27523"}],"wp:term":[{"taxonomy":"product_brand","embeddable":true,"href":"https:\/\/zooprekes24.lt\/lv\/wp-json\/wp\/v2\/product_brand?post=27523"},{"taxonomy":"product_cat","embeddable":true,"href":"https:\/\/zooprekes24.lt\/lv\/wp-json\/wp\/v2\/product_cat?post=27523"},{"taxonomy":"product_tag","embeddable":true,"href":"https:\/\/zooprekes24.lt\/lv\/wp-json\/wp\/v2\/product_tag?post=27523"}],"curies":[{"name":"wp","href":"https:\/\/api.w.org\/{rel}","templated":true}]}}