{"id":27424,"date":"2024-06-17T17:02:30","date_gmt":"2024-06-17T14:02:30","guid":{"rendered":"https:\/\/zooprekes24.lt\/?post_type=product&#038;p=27424"},"modified":"2026-03-10T15:34:44","modified_gmt":"2026-03-10T13:34:44","slug":"bioiberica-atopivet-perorala-suspensija-suniem-un-kakiem","status":"publish","type":"product","link":"https:\/\/zooprekes24.lt\/lv\/produktas\/bioiberica-atopivet-geriamoji-suspensija-sunims-ir-katems\/","title":{"rendered":"Bioiberica Atopivet peror\u0101la suspensija su\u0146iem un ka\u0137iem, epidermas atjauno\u0161anai p\u0113c un dermatolo\u0123isku slim\u012bbu laik\u0101 120 ml"},"content":{"rendered":"<h3>Bioiberica Atopivet peror\u0101l\u0101 suspensija su\u0146iem un ka\u0137iem ir izstr\u0101d\u0101ta, lai atjaunotu j\u016bsu m\u012blu\u013ca \u0101das vesel\u012bbu, \u012bpa\u0161i t\u0101du dermatolo\u0123isku slim\u012bbu gad\u012bjum\u0101 k\u0101 atopiskais dermat\u012bts. Papildviela uzlabos \u0101das barjeras funkciju, mazin\u0101s nieze un veicin\u0101s \u0101das visp\u0101r\u0113jo vesel\u012bbu.<\/h3>\n<ul>\n<li>Dermial\u00ae hialuronsk\u0101be iev\u0113rojami uzlabo fibroblastu migr\u0101ciju un prolifer\u0101ciju, t\u0101d\u0113j\u0101di pa\u0101trinot \u0101das epidermas atjauno\u0161anos. Liel\u0101ka hialuronsk\u0101bes koncentr\u0101cija atjauno \u0101das mitrin\u0101\u0161anu un palielina elast\u012bna veido\u0161anos.<\/li>\n<li>Tika konstat\u0113ts, ka E vitam\u012bna l\u012bmenis plazm\u0101 dz\u012bvniekiem ar atopisko dermat\u012btu ir iev\u0113rojami zem\u0101ks sal\u012bdzin\u0101jum\u0101 ar veseliem dz\u012bvniekiem. E vitam\u012bns darbojas k\u0101 sp\u0113c\u012bgs antioksidants un veicina \u0101das boj\u0101jumu dz\u012b\u0161anu. E vitam\u012bnu var papildin\u0101t ar uztura bag\u0101tin\u0101t\u0101jiem.<\/li>\n<li>Atopiskais dermat\u012bts var ietekm\u0113t kop\u0113jo lip\u012bdu l\u012bmeni \u0101das \u0101r\u0113j\u0101 sl\u0101n\u012b. Samazinoties lip\u012bdu l\u012bmenim, \u0101da k\u013c\u016bst dehidr\u0113ta un jut\u012bg\u0101ka pret \u0101r\u0113jiem alerg\u0113niem un patog\u0113niem. \u0160aj\u0101 produkt\u0101 eso\u0161\u0101 eikozapenta\u0113nsk\u0101be pal\u012bdz atjaunot boj\u0101to lip\u012bdu sl\u0101ni un mazina niezi un iekaisuma procesus.<\/li>\n<li>Nucleoforce\u00ae ir da\u017e\u0101du nukleot\u012bdu klasteru profils, kas izstr\u0101d\u0101ts \u012bpa\u0161i su\u0146iem. Nukleot\u012bdi ir b\u016btiskas uzturvielas, kas veido \u0161\u016bnu nukle\u012bnsk\u0101bju vien\u012bbas. Nukleot\u012bdus var dabiski sintez\u0113t organism\u0101, bet apst\u0101k\u013cos, kad vajadz\u012bba p\u0113c nukleot\u012bdiem ir iev\u0113rojami palielin\u0101ta, nepiecie\u0161amais daudzums ir j\u0101ieg\u016bst no \u0101rpuses. Nukleot\u012bdu daudzums parastaj\u0101 su\u0146u uztur\u0101 ir \u013coti neliels. Jau daudzus gadus tiek veikti p\u0113t\u012bjumi, lai noskaidrotu, k\u0101 nukleot\u012bdi veicina im\u016bn\u0101s atbildes reakcijas regul\u0113\u0161anu un nukleot\u012bdu izmanto\u0161anas iesp\u0113jas. Ir pier\u0101d\u012bts, ka nukleot\u012bdi veicina epidermas re\u0123ener\u0101ciju, br\u016b\u010du dz\u012b\u0161anu, fibroblastu prolifer\u0101ciju un migr\u0101ciju. Fibroblastiem ir b\u016btiska noz\u012bme \u0101das re\u0123ener\u0101cij\u0101.<\/li>\n<\/ul>","protected":false},"excerpt":{"rendered":"<p>Bioiberica Atopivet geriamoji suspensija \u0161unims ir kat\u0117ms skirta atstatyti augintinio odos sveikat\u0105, ypa\u010d susid\u016brus su dermatologin\u0117mis ligomis, tokiomis kaip: atopinis dermatitas. Papildas pagerins odos barjerin\u0119 funkcij\u0105, suma\u017eins nie\u017eulio simptomus ir skatins bendr\u0105 odos sveikat\u0105. Dermial\u00ae hialurono r\u016bg\u0161tis \u017eenkliai pagerina fibroblast\u0173 migracij\u0105 ir proliferacij\u0105, tod\u0117l odos epidermis grei\u010diau atsinaujina. D\u0117l didesn\u0117s hialurono r\u016bg\u0161ties koncentracijos atstatoma odos&#8230;<\/p>","protected":false},"featured_media":27428,"comment_status":"closed","ping_status":"closed","template":"","meta":{"_acf_changed":false,"slim_seo":{"title":"Bioiberica Atopivet geriamoji suspensija \u0161unims ir kat\u0117ms, epidermio atstatymui po dermatologini\u0173 lig\u0173 bei j\u0173 metu 120 ml - Zooprekes24","description":"Bioiberica Atopivet peror\u0101l\u0101 suspensija su\u0146iem un ka\u0137iem ir izstr\u0101d\u0101ta, lai atjaunotu j\u016bsu m\u012blu\u013ca \u0101das vesel\u012bbu, \u012bpa\u0161i, ja ir dermatolo\u0123iskas slim\u012bbas, piem\u0113ram,:"},"iawp_total_views":64},"product_brand":[],"product_cat":[9102,9112,83,25,104,32,8999,31,9022,9017],"product_tag":[],"class_list":{"0":"post-27424","1":"product","2":"type-product","3":"status-publish","4":"has-post-thumbnail","6":"product_cat-bioiberica-sunims","7":"product_cat-bioiberica-katems","8":"product_cat-kaciu-prekiu-gamintojai","9":"product_cat-katems","10":"product_cat-kitos-kaciu-prekes","11":"product_cat-kitos-sunu-prekes","12":"product_cat-sunims","13":"product_cat-sunu-prekiu-gamintojai","14":"product_cat-vitaminai-ir-papildai-sunims","15":"product_cat-vitaminai-ir-papildai-katems","16":"pa_prekiu-zenklai-bioiberica","17":"pa_suns-amzius-jauniems","18":"pa_suns-amzius-senjorams","19":"pa_suns-amzius-suaugusiems","20":"pa_suns-amzius-visiems-amziams","21":"pa_veisles-dydis-didelems-veislems","22":"pa_veisles-dydis-mazoms-veislems","23":"pa_veisles-dydis-vidutinems-veislems","24":"pa_veisles-dydis-visu-dydziu-veislems","26":"first","27":"instock","28":"featured","29":"taxable","30":"shipping-taxable","31":"purchasable","32":"product-type-simple"},"acf":[],"_links":{"self":[{"href":"https:\/\/zooprekes24.lt\/lv\/wp-json\/wp\/v2\/product\/27424","targetHints":{"allow":["GET"]}}],"collection":[{"href":"https:\/\/zooprekes24.lt\/lv\/wp-json\/wp\/v2\/product"}],"about":[{"href":"https:\/\/zooprekes24.lt\/lv\/wp-json\/wp\/v2\/types\/product"}],"replies":[{"embeddable":true,"href":"https:\/\/zooprekes24.lt\/lv\/wp-json\/wp\/v2\/comments?post=27424"}],"wp:featuredmedia":[{"embeddable":true,"href":"https:\/\/zooprekes24.lt\/lv\/wp-json\/wp\/v2\/media\/27428"}],"wp:attachment":[{"href":"https:\/\/zooprekes24.lt\/lv\/wp-json\/wp\/v2\/media?parent=27424"}],"wp:term":[{"taxonomy":"product_brand","embeddable":true,"href":"https:\/\/zooprekes24.lt\/lv\/wp-json\/wp\/v2\/product_brand?post=27424"},{"taxonomy":"product_cat","embeddable":true,"href":"https:\/\/zooprekes24.lt\/lv\/wp-json\/wp\/v2\/product_cat?post=27424"},{"taxonomy":"product_tag","embeddable":true,"href":"https:\/\/zooprekes24.lt\/lv\/wp-json\/wp\/v2\/product_tag?post=27424"}],"curies":[{"name":"wp","href":"https:\/\/api.w.org\/{rel}","templated":true}]}}