{"id":27413,"date":"2024-06-17T15:29:49","date_gmt":"2024-06-17T12:29:49","guid":{"rendered":"https:\/\/zooprekes24.lt\/?post_type=product&#038;p=27413"},"modified":"2026-03-10T15:37:17","modified_gmt":"2026-03-10T13:37:17","slug":"bioiberica-atopivet-papildinajums-suniem-un-kakiem","status":"publish","type":"product","link":"https:\/\/zooprekes24.lt\/lv\/produktas\/bioiberica-atopivet-papildas-sunims-ir-katems\/","title":{"rendered":"Bioiberica Atopivet uztura bag\u0101tin\u0101t\u0101js su\u0146iem un ka\u0137iem, epidermas atjauno\u0161anai p\u0113c un dermatolo\u0123isku slim\u012bbu laik\u0101"},"content":{"rendered":"<h3>Bioiberica Atopivet uztura bag\u0101tin\u0101t\u0101js su\u0146iem un ka\u0137iem ir izstr\u0101d\u0101ts, lai atjaunotu j\u016bsu m\u012blu\u013ca \u0101das vesel\u012bbu, \u012bpa\u0161i, ja ir t\u0101das dermatolo\u0123iskas saslim\u0161anas k\u0101 atopiskais dermat\u012bts. Papildin\u0101jums uzlabos \u0101das barjeras funkciju, mazin\u0101s nieze un veicin\u0101s \u0101das vesel\u012bbu kopum\u0101.<\/h3>\n<ul>\n<li>Tas ir bag\u0101tin\u0101ts ar haliuronsk\u0101bi, kas ne tikai pal\u012bdz uztur\u0113t optim\u0101lu \u0101das mitrumu, bet ar\u012b uzlabo \u0101das un ka\u017eoka visp\u0101r\u0113jo st\u0101vokli.<\/li>\n<li>Papildin\u0101jums normaliz\u0113 \u0101das barjeras funkciju, stiprina \u0101das barjeras integrit\u0101ti un regul\u0113 im\u016bnsist\u0113mas reakciju uz alerg\u0113niem, kas var pasliktin\u0101t \u0101das st\u0101vokli.<\/li>\n<li>Omega tauksk\u0101bju un citu izmantoto sast\u0101vda\u013cu pretiekaisuma \u012bpa\u0161\u012bbas pal\u012bdz mazin\u0101t \u0101das diskomfortu un ar to saist\u012bto niezi.<\/li>\n<li>Formulas sast\u0101v\u0101 eso\u0161ie nukleot\u012bdi modul\u0113 oraganisma im\u016bnsist\u0113mas atbildes reakciju un atbalsta im\u016bnsist\u0113mu, kas ir \u012bpa\u0161i svar\u012bgi m\u0101jdz\u012bvniekiem, kuru im\u016bnsist\u0113ma ir sensibiliz\u0113ta ar aler\u0123iju saist\u012btu iemeslu d\u0113\u013c.<\/li>\n<\/ul>","protected":false},"excerpt":{"rendered":"<p>Bioiberica Atopivet papildas \u0161unims ir kat\u0117ms skirtas atstatyti augintinio odos sveikat\u0105, ypa\u010d susid\u016brus su dermatologin\u0117mis ligomis, tokiomis kaip: atopinis dermatitas. Papildas pagerins odos barjerin\u0119 funkcij\u0105, suma\u017eins nie\u017eulio simptomus ir skatins bendr\u0105 odos sveikat\u0105. Sud\u0117tis papildyta haliurono r\u016bg\u0161timi kuri ne tik padeda palaikyti optimali\u0105 odos dr\u0117gm\u0119 bet ir gerina bendr\u0105 odos ir kailio b\u016bkl\u0119. Papildas normalizuoja&#8230;<\/p>","protected":false},"featured_media":27423,"comment_status":"closed","ping_status":"closed","template":"","meta":{"_acf_changed":false,"slim_seo":{"title":"Bioiberica Atopivet papildas \u0161unims ir kat\u0117ms, epidermio atstatymui po dermatologini\u0173 lig\u0173 bei j\u0173 metu - Zooprekes24","description":"Bioiberica Atopivet uztura bag\u0101tin\u0101t\u0101js su\u0146iem un ka\u0137iem ir paredz\u0113ts, lai atjaunotu m\u0101jdz\u012bvnieka \u0101das vesel\u012bbu, \u012bpa\u0161i t\u0101du dermatolo\u0123isku slim\u012bbu gad\u012bjum\u0101 k\u0101: atopisk\u0101 de..."},"iawp_total_views":68},"product_brand":[],"product_cat":[9112,9102,83,25,104,32,8999,31,9017,9022],"product_tag":[],"class_list":{"0":"post-27413","1":"product","2":"type-product","3":"status-publish","4":"has-post-thumbnail","6":"product_cat-bioiberica-katems","7":"product_cat-bioiberica-sunims","8":"product_cat-kaciu-prekiu-gamintojai","9":"product_cat-katems","10":"product_cat-kitos-kaciu-prekes","11":"product_cat-kitos-sunu-prekes","12":"product_cat-sunims","13":"product_cat-sunu-prekiu-gamintojai","14":"product_cat-vitaminai-ir-papildai-katems","15":"product_cat-vitaminai-ir-papildai-sunims","16":"pa_prekiu-zenklai-bioiberica","17":"pa_suns-amzius-jauniems","18":"pa_suns-amzius-senjorams","19":"pa_suns-amzius-suaugusiems","20":"pa_suns-amzius-visiems-amziams","21":"pa_veisles-dydis-didelems-veislems","22":"pa_veisles-dydis-mazoms-veislems","23":"pa_veisles-dydis-vidutinems-veislems","24":"pa_veisles-dydis-visu-dydziu-veislems","26":"first","27":"instock","28":"featured","29":"taxable","30":"shipping-taxable","31":"purchasable","32":"product-type-variable"},"acf":[],"_links":{"self":[{"href":"https:\/\/zooprekes24.lt\/lv\/wp-json\/wp\/v2\/product\/27413","targetHints":{"allow":["GET"]}}],"collection":[{"href":"https:\/\/zooprekes24.lt\/lv\/wp-json\/wp\/v2\/product"}],"about":[{"href":"https:\/\/zooprekes24.lt\/lv\/wp-json\/wp\/v2\/types\/product"}],"replies":[{"embeddable":true,"href":"https:\/\/zooprekes24.lt\/lv\/wp-json\/wp\/v2\/comments?post=27413"}],"wp:featuredmedia":[{"embeddable":true,"href":"https:\/\/zooprekes24.lt\/lv\/wp-json\/wp\/v2\/media\/27423"}],"wp:attachment":[{"href":"https:\/\/zooprekes24.lt\/lv\/wp-json\/wp\/v2\/media?parent=27413"}],"wp:term":[{"taxonomy":"product_brand","embeddable":true,"href":"https:\/\/zooprekes24.lt\/lv\/wp-json\/wp\/v2\/product_brand?post=27413"},{"taxonomy":"product_cat","embeddable":true,"href":"https:\/\/zooprekes24.lt\/lv\/wp-json\/wp\/v2\/product_cat?post=27413"},{"taxonomy":"product_tag","embeddable":true,"href":"https:\/\/zooprekes24.lt\/lv\/wp-json\/wp\/v2\/product_tag?post=27413"}],"curies":[{"name":"wp","href":"https:\/\/api.w.org\/{rel}","templated":true}]}}