{"id":27308,"date":"2024-06-14T13:31:42","date_gmt":"2024-06-14T10:31:42","guid":{"rendered":"https:\/\/zooprekes24.lt\/?post_type=product&#038;p=27308"},"modified":"2026-03-10T15:42:33","modified_gmt":"2026-03-10T13:42:33","slug":"bioiberica-impromune-pasta-suniem-un-kakiem","status":"publish","type":"product","link":"https:\/\/zooprekes24.lt\/lv\/produktas\/bioiberica-impromune-pasta-sunims-ir-katems\/","title":{"rendered":"Bioiberica Impromune pasta su\u0146iem un ka\u0137iem, im\u016bnsist\u0113mas stiprin\u0101\u0161anai 30 ml"},"content":{"rendered":"<h3>Bioiberica Impromune pasta visu \u0161\u0137ir\u0146u su\u0146iem un ka\u0137iem ir izstr\u0101d\u0101ta, lai optimiz\u0113tu dz\u012bvnieka im\u016bnsist\u0113mu.<\/h3>\n<p>Nukleot\u012bdi ir im\u016bn\u0161\u016bnu bar\u012bbas vielas, kas ir da\u013ca no jaunpiena. M\u0101tes pien\u0101 tie nodro\u0161ina im\u016bn\u0101s atbildes reakcijas l\u012bmeni fiziolo\u0123iska vai gremo\u0161anas stresa gad\u012bjumos. Nukleot\u012bdu sabalans\u0113ta papildin\u0101\u0161ana ar nukleot\u012bdiem nodro\u0161ina optim\u0101lu organisma aizsargsist\u0113mas un gremo\u0161anas sist\u0113mas att\u012bst\u012bbu. Nucleoforce\u00ae ir specifiska nukleot\u012bdu formula, kas balst\u012bta uz da\u017e\u0101du sugu un \u0161\u0137ir\u0146u m\u0101t\u012b\u0161u piena sast\u0101va p\u0113t\u012bjumiem. Ekskluz\u012bvais Nucleoforce\u00ae sast\u0101vs ir izstr\u0101d\u0101ts, lai apmierin\u0101tu su\u0146u un ka\u0137u vielmai\u0146as vajadz\u012bbas un atbalst\u012btu to im\u016bnsist\u0113mas un zarnu g\u013cot\u0101das att\u012bst\u012bbu, t\u0101d\u0113j\u0101di aizsarg\u0101jot pret im\u016bnsupresijas periodiem. AHCC\u00ae \u0113dam\u0101s gumijas (<em>Lentinus edodes<\/em>) mic\u0113lija ekstrakts satur lielu daudzumu alfa-glik\u0101nu. Ir pier\u0101d\u012bts, ka tie efekt\u012bvi stimul\u0113 NK \u0161\u016bnu, T \u0161\u016bnu un citok\u012bnu veido\u0161anos, un, lietojot kop\u0101 ar nukleot\u012bdiem, tiem ir siner\u0123iska ietekme uz im\u016bnsist\u0113mu.<\/p>","protected":false},"excerpt":{"rendered":"<p>Bioiberica Impromune pasta vis\u0173 veisli\u0173 \u0161unims ir kat\u0117ms skirta optimizuoti gyv\u016bno imunin\u012f atsak\u0105. Nukleotidai yra imunini\u0173 l\u0105steli\u0173 maistin\u0117s med\u017eiagos, kurios sudaro dal\u012f kreken\u0173. Pateli\u0173 piene jie u\u017etikrina imunin\u0117s reakcijos lyg\u012f fiziologinio ar su vir\u0161kinimu susijusio streso atvejais. Subalansuotas papildymas nukleotidais u\u017etikrina optimal\u0173 organizmo apsaugin\u0117s sitemos ir vir\u0161kinimo sistemos vystym\u0105si. Nucleoforce\u00ae &#8211; tai specifin\u0117 nukleotid\u0173 formul\u0117,&#8230;<\/p>","protected":false},"featured_media":27314,"comment_status":"closed","ping_status":"closed","template":"","meta":{"_acf_changed":false,"slim_seo":{"title":"Bioiberica Impromune pasta \u0161unims ir kat\u0117ms, \u012fmuninei sistemai stiprinti 30 ml - Zooprekes24","description":"Bioiberica Impromune pasta visu \u0161\u0137ir\u0146u su\u0146iem un ka\u0137iem ir izstr\u0101d\u0101ta, lai optimiz\u0113tu dz\u012bvnieka im\u016bnsist\u0113mu. Nukleot\u012bdi ir bar\u012bbas vielas im\u016bn\u0161\u016bn\u0101m, kas"},"iawp_total_views":84},"product_brand":[],"product_cat":[9102,9112,83,25,104,32,8999,31,9017,9022],"product_tag":[],"class_list":{"0":"post-27308","1":"product","2":"type-product","3":"status-publish","4":"has-post-thumbnail","6":"product_cat-bioiberica-sunims","7":"product_cat-bioiberica-katems","8":"product_cat-kaciu-prekiu-gamintojai","9":"product_cat-katems","10":"product_cat-kitos-kaciu-prekes","11":"product_cat-kitos-sunu-prekes","12":"product_cat-sunims","13":"product_cat-sunu-prekiu-gamintojai","14":"product_cat-vitaminai-ir-papildai-katems","15":"product_cat-vitaminai-ir-papildai-sunims","16":"pa_prekiu-zenklai-bioiberica","17":"pa_suns-amzius-jauniems","18":"pa_suns-amzius-senjorams","19":"pa_suns-amzius-suaugusiems","20":"pa_suns-amzius-visiems-amziams","21":"pa_veisles-dydis-didelems-veislems","22":"pa_veisles-dydis-mazoms-veislems","23":"pa_veisles-dydis-vidutinems-veislems","24":"pa_veisles-dydis-visu-dydziu-veislems","26":"first","27":"instock","28":"featured","29":"taxable","30":"shipping-taxable","31":"purchasable","32":"product-type-simple"},"acf":[],"_links":{"self":[{"href":"https:\/\/zooprekes24.lt\/lv\/wp-json\/wp\/v2\/product\/27308","targetHints":{"allow":["GET"]}}],"collection":[{"href":"https:\/\/zooprekes24.lt\/lv\/wp-json\/wp\/v2\/product"}],"about":[{"href":"https:\/\/zooprekes24.lt\/lv\/wp-json\/wp\/v2\/types\/product"}],"replies":[{"embeddable":true,"href":"https:\/\/zooprekes24.lt\/lv\/wp-json\/wp\/v2\/comments?post=27308"}],"wp:featuredmedia":[{"embeddable":true,"href":"https:\/\/zooprekes24.lt\/lv\/wp-json\/wp\/v2\/media\/27314"}],"wp:attachment":[{"href":"https:\/\/zooprekes24.lt\/lv\/wp-json\/wp\/v2\/media?parent=27308"}],"wp:term":[{"taxonomy":"product_brand","embeddable":true,"href":"https:\/\/zooprekes24.lt\/lv\/wp-json\/wp\/v2\/product_brand?post=27308"},{"taxonomy":"product_cat","embeddable":true,"href":"https:\/\/zooprekes24.lt\/lv\/wp-json\/wp\/v2\/product_cat?post=27308"},{"taxonomy":"product_tag","embeddable":true,"href":"https:\/\/zooprekes24.lt\/lv\/wp-json\/wp\/v2\/product_tag?post=27308"}],"curies":[{"name":"wp","href":"https:\/\/api.w.org\/{rel}","templated":true}]}}