{"id":27288,"date":"2024-06-14T11:09:37","date_gmt":"2024-06-14T08:09:37","guid":{"rendered":"https:\/\/zooprekes24.lt\/?post_type=product&#038;p=27288"},"modified":"2026-03-10T16:02:31","modified_gmt":"2026-03-10T14:02:31","slug":"vetzyme-elastigs-locitavu-papildinajums-suniem","status":"publish","type":"product","link":"https:\/\/zooprekes24.lt\/lv\/produktas\/vetzyme-flexible-joint-papildas-sunu-sanariams\/","title":{"rendered":"Vetzyme Flexible loc\u012btavu papildin\u0101jums su\u0146iem, optim\u0101lai loc\u012btavu atbalstam"},"content":{"rendered":"<h3>Vetzyme Flexible Joint papildin\u0101jums su\u0146iem ir paredz\u0113ts loc\u012btavu stiprin\u0101\u0161anai un optim\u0101las loc\u012btavu vesel\u012bbas uztur\u0113\u0161anai, bag\u0101tin\u0101ts ar glikozam\u012bnu un zivju e\u013c\u013cu. Vid\u0113ja akt\u012bvo vielu deva, sal\u012bdzinot ar sp\u0113c\u012bg\u0101ku Vetzyme High Strength Flexible Joint piedevas versiju, kas paredz\u0113ta s\u0101p\u012bgu loc\u012btavu \u0101rst\u0113\u0161anai.<\/h3>\n<p>Ikdienas pastaigas un fizisk\u0101s aktivit\u0101tes ietekm\u0113 loc\u012btavas, \u012bpa\u0161i vec\u0101kiem su\u0146iem, t\u0101p\u0113c ir svar\u012bgi uztur\u0113t loc\u012btavu vesel\u012bbu. Glikozam\u012bns k\u0101 organism\u0101 dabiski sastopams aminosk\u0101bju cukurs ir iesaist\u012bts saistaudu, piem\u0113ram, skrim\u0161\u013ca, veido\u0161an\u0101 un atjauno\u0161an\u0101. Tom\u0113r vairum\u0101 gad\u012bjumu ar uzturu tiek uz\u0146emts p\u0101r\u0101k maz glikozam\u012bna, un t\u0101 k\u013c\u016bst nepietiekams, lai uztur\u0113tu vesel\u012bgu vielmai\u0146u. Rezult\u0101t\u0101 var pasliktin\u0101ties loc\u012btavu skrim\u0161\u013ca st\u0101voklis. P\u0113t\u012bjumi liecina, ka regul\u0101ra uztura papildin\u0101\u0161ana var pal\u012bdz\u0113t uztur\u0113t vesel\u012bgu skrim\u0161\u013cu vielmai\u0146u, t\u0101d\u0113j\u0101di nodro\u0161inot fiziolo\u0123isku pamatu vesel\u012bg\u0101m loc\u012btav\u0101m, c\u012bpsl\u0101m un sait\u0113m. Zivju e\u013c\u013ca ir bag\u0101ta ar omega 3 tauksk\u0101b\u0113m (EPA un DHA), kas pal\u012bdz uztur\u0113t kust\u012bgas un elast\u012bgas loc\u012btavas. Regul\u0101ra uztura bag\u0101tin\u0101t\u0101ja lieto\u0161ana sniedz mazkust\u012bgiem su\u0146iem iesp\u0113ju dz\u012bvot vesel\u012bgu un akt\u012bvu dz\u012bvi. B-komplekss pal\u012bdz uztur\u0113t vesel\u012bgu \u0101du un sp\u012bd\u012bgu ka\u017eoku, stiprina nervu sist\u0113mu, uzlabo musku\u013cu att\u012bst\u012bbu, palielina aktivit\u0101ti un vitalit\u0101ti.<\/p>","protected":false},"excerpt":{"rendered":"<p>Vetzyme Flexible Joint papildas \u0161unims skirtas s\u0105nari\u0173 stiprinimui ir optimaliam s\u0105nari\u0173 sveikatos palaikymui, praturtintas gliukozaminu ir \u017euv\u0173 taukais. Vidutin\u0117 veikli\u0173j\u0173 med\u017eiag\u0173 doz\u0117, lyginant su stipresne Vetzyme High Strength Flexible Joint papild\u0173 versija kuri skirta skausming\u0173 s\u0105nari\u0173 gydymui. Kasdieniniai pasivaik\u0161\u010diojimai ir fizinis kr\u016bvis turi \u012ftakos s\u0105nariams, ypa\u010d vyresniems \u0161unims, tod\u0117l labai svarbu palaikyti s\u0105nari\u0173 sveikat\u0105. Gliukozaminas,&#8230;<\/p>","protected":false},"featured_media":27295,"comment_status":"closed","ping_status":"closed","template":"","meta":{"_acf_changed":false,"slim_seo":{"title":"Vetzyme Flexible Joint papildas \u0161unims, optimaliam s\u0105nari\u0173 palaikymui - Zooprekes24","description":"Vetzyme Flexible Joint papildin\u0101jums su\u0146iem ir paredz\u0113ts loc\u012btavu stiprin\u0101\u0161anai un optim\u0101las loc\u012btavu vesel\u012bbas uztur\u0113\u0161anai, bag\u0101tin\u0101ts ar glikozam\u012bnu un zivju e\u013c\u013cu. Viduti"},"iawp_total_views":320},"product_brand":[],"product_cat":[32,8999,31,9096,9022],"product_tag":[9099],"class_list":{"0":"post-27288","1":"product","2":"type-product","3":"status-publish","4":"has-post-thumbnail","6":"product_cat-kitos-sunu-prekes","7":"product_cat-sunims","8":"product_cat-sunu-prekiu-gamintojai","9":"product_cat-vetzyme","10":"product_cat-vitaminai-ir-papildai-sunims","11":"product_tag-vetzyme-papildai-sunu-sanariams","12":"pa_prekiu-zenklai-vetzyme","13":"pa_suns-amzius-jauniems","14":"pa_suns-amzius-senjorams","15":"pa_suns-amzius-suaugusiems","16":"pa_suns-amzius-visiems-amziams","17":"pa_veisles-dydis-didelems-veislems","18":"pa_veisles-dydis-mazoms-veislems","19":"pa_veisles-dydis-vidutinems-veislems","20":"pa_veisles-dydis-visu-dydziu-veislems","22":"first","23":"instock","24":"featured","25":"taxable","26":"shipping-taxable","27":"purchasable","28":"product-type-variable"},"acf":[],"_links":{"self":[{"href":"https:\/\/zooprekes24.lt\/lv\/wp-json\/wp\/v2\/product\/27288","targetHints":{"allow":["GET"]}}],"collection":[{"href":"https:\/\/zooprekes24.lt\/lv\/wp-json\/wp\/v2\/product"}],"about":[{"href":"https:\/\/zooprekes24.lt\/lv\/wp-json\/wp\/v2\/types\/product"}],"replies":[{"embeddable":true,"href":"https:\/\/zooprekes24.lt\/lv\/wp-json\/wp\/v2\/comments?post=27288"}],"wp:featuredmedia":[{"embeddable":true,"href":"https:\/\/zooprekes24.lt\/lv\/wp-json\/wp\/v2\/media\/27295"}],"wp:attachment":[{"href":"https:\/\/zooprekes24.lt\/lv\/wp-json\/wp\/v2\/media?parent=27288"}],"wp:term":[{"taxonomy":"product_brand","embeddable":true,"href":"https:\/\/zooprekes24.lt\/lv\/wp-json\/wp\/v2\/product_brand?post=27288"},{"taxonomy":"product_cat","embeddable":true,"href":"https:\/\/zooprekes24.lt\/lv\/wp-json\/wp\/v2\/product_cat?post=27288"},{"taxonomy":"product_tag","embeddable":true,"href":"https:\/\/zooprekes24.lt\/lv\/wp-json\/wp\/v2\/product_tag?post=27288"}],"curies":[{"name":"wp","href":"https:\/\/api.w.org\/{rel}","templated":true}]}}