{"id":27262,"date":"2024-06-13T18:21:14","date_gmt":"2024-06-13T15:21:14","guid":{"rendered":"https:\/\/zooprekes24.lt\/?post_type=product&#038;p=27262"},"modified":"2026-03-10T15:51:21","modified_gmt":"2026-03-10T13:51:21","slug":"bioiberica-condrovet-force-ha-piedevas-maziem-un-videjiem-suniem","status":"publish","type":"product","link":"https:\/\/zooprekes24.lt\/lv\/produktas\/bioiberica-condrovet-force-ha-papildai-mazu-ir-vidutiniu-veisliu-sunims\/","title":{"rendered":"Bioiberica Condrovet Force HA piedevas maziem un vid\u0113ja lieluma su\u0146iem, loc\u012btavu stiprin\u0101\u0161anai"},"content":{"rendered":"<h3>Bioiberica Condrovet Force HAt ir papildin\u0101jums maziem un vid\u0113ja lieluma su\u0146iem loc\u012btavu stiprin\u0101\u0161anai.<\/h3>\n<p>Hondroit\u012bna sulf\u0101ts un glikozam\u012bna HCl ir galven\u0101s loc\u012btavu skrim\u0161\u013ca sast\u0101vda\u013cas un pal\u012bdz uztur\u0113t loc\u012btavu funkciju un kust\u012bgumu. Mobilee\u00ae, pateicoties hialuronsk\u0101bes saturam, pal\u012bdz pareizi uztur\u0113t sinovi\u0101lo \u0161\u0137idrumu, kas ir b\u016btisks loc\u012btavu mobilit\u0101tes atjauno\u0161anai. Dab\u012bgais II tipa kolag\u0113ns b2Cool\u00ae pal\u012bdz saglab\u0101t endog\u0113no kolag\u0113nu loc\u012btav\u0101s.<\/p>","protected":false},"excerpt":{"rendered":"<p>Bioiberica Condrovet Force HAt papildas ma\u017e\u0173 ir vidutini\u0173 veisli\u0173 \u0161unims skirtas s\u0105nari\u0173 stiprinimui. Chondroitino sulfatas ir gliukozamino HCl yra pagrindiniai s\u0105nari\u0173 kremzl\u0117s komponentai ir padeda palaikyti s\u0105nari\u0173 funkcijas bei judrum\u0105. Mobilee\u00ae, d\u0117l savo sud\u0117tyje esan\u010dios hialurono r\u016bg\u0161ties, padeda tinkamai palaikyti sinovin\u012f skyst\u012f, kuris yra b\u016btinas norint atkurti s\u0105nari\u0173 judrum\u0105. Nat\u016bralus II tipo kolagenas b2Cool\u00ae padeda&#8230;<\/p>","protected":false},"featured_media":27267,"comment_status":"closed","ping_status":"closed","template":"","meta":{"_acf_changed":false,"slim_seo":{"title":"Bioiberica Condrovet Force HA papildai ma\u017e\u0173 ir vidutini\u0173 veisli\u0173 \u0161unims, s\u0105nari\u0173 stiprinimui - Zooprekes24","description":"Bioiberica Condrovet Force HAt ir papildin\u0101jums maziem un vid\u0113ja lieluma su\u0146iem loc\u012btavu stiprin\u0101\u0161anai. Galven\u0101s sast\u0101vda\u013cas ir hondroit\u012bna sulf\u0101ts un glikozam\u012bna HCl."},"iawp_total_views":205},"product_brand":[],"product_cat":[9102,32,8999,31,9022],"product_tag":[],"class_list":{"0":"post-27262","1":"product","2":"type-product","3":"status-publish","4":"has-post-thumbnail","6":"product_cat-bioiberica-sunims","7":"product_cat-kitos-sunu-prekes","8":"product_cat-sunims","9":"product_cat-sunu-prekiu-gamintojai","10":"product_cat-vitaminai-ir-papildai-sunims","11":"pa_prekiu-zenklai-bioiberica","12":"pa_suns-amzius-jauniems","13":"pa_suns-amzius-senjorams","14":"pa_suns-amzius-suaugusiems","15":"pa_suns-amzius-visiems-amziams","16":"pa_veisles-dydis-mazoms-veislems","17":"pa_veisles-dydis-vidutinems-veislems","19":"first","20":"instock","21":"featured","22":"taxable","23":"shipping-taxable","24":"purchasable","25":"product-type-variable"},"acf":[],"_links":{"self":[{"href":"https:\/\/zooprekes24.lt\/lv\/wp-json\/wp\/v2\/product\/27262","targetHints":{"allow":["GET"]}}],"collection":[{"href":"https:\/\/zooprekes24.lt\/lv\/wp-json\/wp\/v2\/product"}],"about":[{"href":"https:\/\/zooprekes24.lt\/lv\/wp-json\/wp\/v2\/types\/product"}],"replies":[{"embeddable":true,"href":"https:\/\/zooprekes24.lt\/lv\/wp-json\/wp\/v2\/comments?post=27262"}],"wp:featuredmedia":[{"embeddable":true,"href":"https:\/\/zooprekes24.lt\/lv\/wp-json\/wp\/v2\/media\/27267"}],"wp:attachment":[{"href":"https:\/\/zooprekes24.lt\/lv\/wp-json\/wp\/v2\/media?parent=27262"}],"wp:term":[{"taxonomy":"product_brand","embeddable":true,"href":"https:\/\/zooprekes24.lt\/lv\/wp-json\/wp\/v2\/product_brand?post=27262"},{"taxonomy":"product_cat","embeddable":true,"href":"https:\/\/zooprekes24.lt\/lv\/wp-json\/wp\/v2\/product_cat?post=27262"},{"taxonomy":"product_tag","embeddable":true,"href":"https:\/\/zooprekes24.lt\/lv\/wp-json\/wp\/v2\/product_tag?post=27262"}],"curies":[{"name":"wp","href":"https:\/\/api.w.org\/{rel}","templated":true}]}}