{"id":27245,"date":"2024-06-13T16:09:11","date_gmt":"2024-06-13T13:09:11","guid":{"rendered":"https:\/\/zooprekes24.lt\/?post_type=product&#038;p=27245"},"modified":"2026-03-10T15:14:08","modified_gmt":"2026-03-10T13:14:08","slug":"vetzyme-augstas-stipribas-elastigs-locitavu-papildinajums-suniem","status":"publish","type":"product","link":"https:\/\/zooprekes24.lt\/lv\/produktas\/vetzyme-high-strength-flexible-joint-papildas-sunims-sanariu-stiprinimui\/","title":{"rendered":"Vetzyme Augstas stipr\u012bbas elast\u012bgs loc\u012btavu papildin\u0101jums su\u0146iem, s\u0101p\u012bgu loc\u012btavu stiprin\u0101\u0161anai"},"content":{"rendered":"<h3>Vetzyme Augstas stipr\u012bbas elast\u012bgs loc\u012btavu papildin\u0101jums su\u0146iem loc\u012btavu stiprin\u0101\u0161anai. \u0160is papildin\u0101jums satur liel\u0101ku akt\u012bvo sast\u0101vda\u013cu devu, sal\u012bdzinot ar Vetzyme Flexible Joint papildin\u0101jumu standarta versiju.<\/h3>\n<p>Vai paman\u0101t paz\u012bmes, kas liecina, ka j\u016bsu sunim ir gr\u016bt\u012bbas piecelties un k\u0101pt pa k\u0101pn\u0113m? Ide\u0101l\u0101 gad\u012bjum\u0101 jums b\u016btu j\u0101r\u012bkojas, lai pal\u012bdz\u0113tu saglab\u0101t su\u0146a loc\u012btavas veselas, pirms \u0161\u012bs paz\u012bmes par\u0101d\u0101s. Vetzyme High Strenght Flexible Joint ir \u012bpa\u0161i izstr\u0101d\u0101ts, lai pal\u012bdz\u0113tu uztur\u0113t loc\u012btavu elast\u012bbu un kust\u012bgumu, k\u0101 ar\u012b lai pal\u012bdz\u0113tu nodro\u0161in\u0101t j\u016bsu sunim lab\u0101ku dz\u012bves kvalit\u0101ti, kad vi\u0146\u0161 sasniegs cien\u012bjamu vecumu. Ide\u0101li piem\u0113rots kuc\u0113niem no 12 ned\u0113\u013cu vecuma, veciem su\u0146iem un lielo \u0161\u0137ir\u0146u su\u0146iem ar loc\u012btavu probl\u0113m\u0101m. Papildin\u0101jums satur glikozam\u012bnu, horoit\u012bnu, MSM un omega 3 tauksk\u0101bes, kas pal\u012bdz uztur\u0113t vesel\u012bgas un elast\u012bgas loc\u012btavas. B-komplekss pal\u012bdz uztur\u0113t vesel\u012bgu \u0101du un sp\u012bd\u012bgu ka\u017eoku, norm\u0101lu nervu sist\u0113mu, labu musku\u013cu att\u012bst\u012bbu, aktivit\u0101ti un vitalit\u0101ti. Regul\u0101ra bar\u012bbas piedevas lieto\u0161ana pal\u012bdz\u0113s maz\u0101k kust\u012bgiem su\u0146iem nodro\u0161in\u0101t lab\u0101kas iesp\u0113jas saglab\u0101t vesel\u012bgu un akt\u012bvu dz\u012bvi.<\/p>","protected":false},"excerpt":{"rendered":"<p>Vetzyme High Strength Flexible Joint papildas \u0161unims s\u0105nari\u0173 stiprinimui. \u0160io papildo sud\u0117tyje yra didesn\u0117 veikli\u0173j\u0173 med\u017eiag\u0173 doz\u0117, lyginant su standartine Vetzyme Flexible Joint papild\u0173 versija. Pastebite po\u017eymius, kad J\u016bs\u0173 \u0161uniui sunku atsikelti ir jis sunkiai lipa laiptais? Geriausia, kad dar prie\u0161 i\u0161sivystant tokiems po\u017eymiams, imtum\u0117t\u0117s veiksm\u0173 pad\u0117dami palaikyti sveikus \u0161uns s\u0105narius. Vetzyme High Strenght Flexible&#8230;<\/p>","protected":false},"featured_media":27248,"comment_status":"closed","ping_status":"closed","template":"","meta":{"_acf_changed":false,"slim_seo":{"title":"Vetzyme High Strength Flexible Joint papildas \u0161unims, skausming\u0173 s\u0105nari\u0173 stiprinimui - Zooprekes24","description":"Vetzyme Augstas stipr\u012bbas elast\u012bgs loc\u012btavu papildin\u0101jums su\u0146iem loc\u012btavu stiprin\u0101\u0161anai. \u0160is papildin\u0101jums satur liel\u0101ku akt\u012bvo sast\u0101vda\u013cu devu, sal\u012bdzinot ar standarta Vetz."},"iawp_total_views":806},"product_brand":[],"product_cat":[32,8999,31,9096,9022],"product_tag":[9099],"class_list":{"0":"post-27245","1":"product","2":"type-product","3":"status-publish","4":"has-post-thumbnail","6":"product_cat-kitos-sunu-prekes","7":"product_cat-sunims","8":"product_cat-sunu-prekiu-gamintojai","9":"product_cat-vetzyme","10":"product_cat-vitaminai-ir-papildai-sunims","11":"product_tag-vetzyme-papildai-sunu-sanariams","12":"pa_prekiu-zenklai-vetzyme","13":"pa_suns-amzius-jauniems","14":"pa_suns-amzius-senjorams","15":"pa_suns-amzius-suaugusiems","16":"pa_suns-amzius-visiems-amziams","17":"pa_veisles-dydis-didelems-veislems","18":"pa_veisles-dydis-mazoms-veislems","19":"pa_veisles-dydis-vidutinems-veislems","20":"pa_veisles-dydis-visu-dydziu-veislems","22":"first","23":"instock","24":"featured","25":"taxable","26":"shipping-taxable","27":"purchasable","28":"product-type-variable"},"acf":[],"_links":{"self":[{"href":"https:\/\/zooprekes24.lt\/lv\/wp-json\/wp\/v2\/product\/27245","targetHints":{"allow":["GET"]}}],"collection":[{"href":"https:\/\/zooprekes24.lt\/lv\/wp-json\/wp\/v2\/product"}],"about":[{"href":"https:\/\/zooprekes24.lt\/lv\/wp-json\/wp\/v2\/types\/product"}],"replies":[{"embeddable":true,"href":"https:\/\/zooprekes24.lt\/lv\/wp-json\/wp\/v2\/comments?post=27245"}],"wp:featuredmedia":[{"embeddable":true,"href":"https:\/\/zooprekes24.lt\/lv\/wp-json\/wp\/v2\/media\/27248"}],"wp:attachment":[{"href":"https:\/\/zooprekes24.lt\/lv\/wp-json\/wp\/v2\/media?parent=27245"}],"wp:term":[{"taxonomy":"product_brand","embeddable":true,"href":"https:\/\/zooprekes24.lt\/lv\/wp-json\/wp\/v2\/product_brand?post=27245"},{"taxonomy":"product_cat","embeddable":true,"href":"https:\/\/zooprekes24.lt\/lv\/wp-json\/wp\/v2\/product_cat?post=27245"},{"taxonomy":"product_tag","embeddable":true,"href":"https:\/\/zooprekes24.lt\/lv\/wp-json\/wp\/v2\/product_tag?post=27245"}],"curies":[{"name":"wp","href":"https:\/\/api.w.org\/{rel}","templated":true}]}}