{"id":26023,"date":"2024-05-09T12:34:36","date_gmt":"2024-05-09T09:34:36","guid":{"rendered":"https:\/\/zooprekes24.lt\/?post_type=product&#038;p=26023"},"modified":"2026-02-03T14:58:08","modified_gmt":"2026-02-03T12:58:08","slug":"la-murr-bentonita-kaku-pakaisi-ar-lavandas-aromatu-10l","status":"publish","type":"product","link":"https:\/\/zooprekes24.lt\/lv\/produktas\/la-murr-bentonitinis-kaciu-kraikas-levandu-kvapo-10l\/","title":{"rendered":"La Murr bentonitinis ka\u010di\u0173 kraikas, levand\u0173 kvapo, 10L"},"content":{"rendered":"<h3>La Murr Benton\u012bta ka\u0137u pakai\u0161i ir dab\u012bgs produkts ar lavandas smar\u017eu. Baltais benton\u012bts ir dabisks un videi draudz\u012bgs produkts. <a href=\"https:\/\/zooprekes24.lt\/lv\/produkti\/katems\/higienas-un-tirisanas-lidzekli-kakiem\/atkritumi\/\">ka\u0137u pakai\u0161i<\/a>, kam piem\u012bt unik\u0101las \u012bpa\u0161\u012bbas, kas nodro\u0161ina perfektu piegulumu un higi\u0113nisku izskatu. Lavandas arom\u0101ts dabiski aiztur nev\u0113lamas smakas un padara j\u016bsu m\u0101jokli t\u012bru. Tas ir t\u012brs produkts, bez sint\u0113tisk\u0101m piedev\u0101m un kr\u0101sviel\u0101m.<\/h3>\n<ul>\n<li>100% dab\u012bgais miner\u0101lm\u0101ls.<\/li>\n<li>Ka\u0137i var dro\u0161i laiz\u012bt \u0137epas, kad t\u0101s tiek izmantotas.<\/li>\n<li>Augsta absorbcijas sp\u0113ja pat l\u012bdz 360%, padarot t\u0101s lieto\u0161anu \u013coti rentablu.<\/li>\n<li>\u0100tri sabl\u012bv\u0113jas nelielos, nelielos, stingros \u0137epu gabali\u0146os, kurus ir viegli no\u0146emt.<\/li>\n<li>Saudz\u012bgs pret p\u0113d\u0101m - maz\u0101s granulas nepielipst pie p\u0113d\u0101m un t\u0101s nekairina.<\/li>\n<li>La Murr ir piem\u0113rots aler\u0123iskiem un jut\u012bgiem ka\u0137iem - BEZ sint\u0113tisk\u0101m piedev\u0101m un kr\u0101sviel\u0101m.<\/li>\n<li>Higi\u0113nisks - stingrais satv\u0113riens notur ur\u012bnu recek\u013cu iek\u0161pus\u0113, t\u0101d\u0113j\u0101di saglab\u0101jot higi\u0113nu.<\/li>\n<li>99.5% bez putek\u013ciem - minim\u0101la putek\u013cu veido\u0161an\u0101s, aizpildot pakai\u0161u kast\u012bti, un nav nek\u0101du p\u0113du uz \u0137ep\u0101m.<\/li>\n<li>Lavandas arom\u0101ts pal\u012bdz maksim\u0101li neitraliz\u0113t ka\u0137u ur\u012bna un ekskrementu rad\u012bto amonjaka smaku.<\/li>\n<\/ul>","protected":false},"excerpt":{"rendered":"<p>La Murr bentonitinis ka\u010di\u0173 kraikas &#8211; nat\u016bralus produktas su levand\u0173 kvapu. Baltasis bentonitas tai nat\u016bralus ir aplinkai draugi\u0161kas kraikas kat\u0117ms, kuris d\u0117l savo unikali\u0173 savybi\u0173 puikiai sulimpa bei atrodo higieni\u0161kai. Levand\u0173 aromatas nat\u016braliai sulaiko nepageidaujamus kvapus, o j\u016bs\u0173 namai maloniai kvepia \u0161vara. Tai &#8211; grynas produktas, be sintetini\u0173 pried\u0173 ir da\u017eikli\u0173. 100% nat\u016bralus mineralinis molis&#8230;.<\/p>","protected":false},"featured_media":26024,"comment_status":"closed","ping_status":"closed","template":"","meta":{"_acf_changed":false,"slim_seo":{"title":"La Murr bentonitinis ka\u010di\u0173 kraikas, levand\u0173 kvapo, 10L - Zooprekes24","description":"La Murr Benton\u012bta ka\u0137u pakai\u0161i ir dab\u012bgs produkts ar lavandas smar\u017eu. Baltais benton\u012bts ir dab\u012bgs un videi draudz\u012bgs ka\u0137u pakai\u0161s, kas, pateicoties t\u0101 sast\u0101v\u0101 eso\u0161ajam..."},"iawp_total_views":854},"product_brand":[],"product_cat":[78,25,9009],"product_tag":[1940,5253],"class_list":{"0":"post-26023","1":"product","2":"type-product","3":"status-publish","4":"has-post-thumbnail","6":"product_cat-higiena-ir-prieziura-katems","7":"product_cat-katems","8":"product_cat-kraikas","9":"product_tag-naturalus-kraikas-katems","10":"product_tag-nedulkantis-kraikas-katems","11":"pa_kraiko-rusis-bentonitas","12":"pa_prekiu-zenklai-la-murr","14":"first","15":"instock","16":"sale","17":"featured","18":"taxable","19":"shipping-taxable","20":"purchasable","21":"product-type-variable"},"acf":[],"_links":{"self":[{"href":"https:\/\/zooprekes24.lt\/lv\/wp-json\/wp\/v2\/product\/26023","targetHints":{"allow":["GET"]}}],"collection":[{"href":"https:\/\/zooprekes24.lt\/lv\/wp-json\/wp\/v2\/product"}],"about":[{"href":"https:\/\/zooprekes24.lt\/lv\/wp-json\/wp\/v2\/types\/product"}],"replies":[{"embeddable":true,"href":"https:\/\/zooprekes24.lt\/lv\/wp-json\/wp\/v2\/comments?post=26023"}],"wp:featuredmedia":[{"embeddable":true,"href":"https:\/\/zooprekes24.lt\/lv\/wp-json\/wp\/v2\/media\/26024"}],"wp:attachment":[{"href":"https:\/\/zooprekes24.lt\/lv\/wp-json\/wp\/v2\/media?parent=26023"}],"wp:term":[{"taxonomy":"product_brand","embeddable":true,"href":"https:\/\/zooprekes24.lt\/lv\/wp-json\/wp\/v2\/product_brand?post=26023"},{"taxonomy":"product_cat","embeddable":true,"href":"https:\/\/zooprekes24.lt\/lv\/wp-json\/wp\/v2\/product_cat?post=26023"},{"taxonomy":"product_tag","embeddable":true,"href":"https:\/\/zooprekes24.lt\/lv\/wp-json\/wp\/v2\/product_tag?post=26023"}],"curies":[{"name":"wp","href":"https:\/\/api.w.org\/{rel}","templated":true}]}}